{"id":63353,"date":"2025-03-18T12:40:13","date_gmt":"2025-03-18T11:40:13","guid":{"rendered":"https:\/\/www.teleskopshop.ch\/shop\/non class\u00e9\/zwo-asi-662mc\/"},"modified":"2025-03-18T12:40:13","modified_gmt":"2025-03-18T11:40:13","slug":"zwo-asi-662mc","status":"publish","type":"product","link":"https:\/\/www.teleskopshop.ch\/fr\/shop\/astrophotographie\/appareil-photo\/zwo-asi-662mc\/","title":{"rendered":"ZWO ASI 662MC"},"content":{"rendered":"<p class=\"p1\">La ZWO ASI662MC est une cam\u00e9ra couleur compacte et puissante, sp\u00e9cialement con\u00e7ue pour l&rsquo;astrophotographie. Elle est \u00e9quip\u00e9e d&rsquo;un capteur CMOS Sony IMX662 r\u00e9tro-\u00e9clair\u00e9, qui offre une r\u00e9solution de 2,07 m\u00e9gapixels (1920 x 1080) et une taille de pixel de 2,9 \u00b5m. Gr\u00e2ce \u00e0 la technologie STARVIS 2, la cam\u00e9ra atteint une sensibilit\u00e9 \u00e9lev\u00e9e avec une efficacit\u00e9 quantique d&rsquo;environ 91%, ce qui permet des temps d&rsquo;exposition courts.  <span class=\"Apple-converted-space\">  <\/span><\/p>\n<p class=\"p1\">Une caract\u00e9ristique remarquable de l&rsquo;ASI662MC est sa grande capacit\u00e9 full-well de 37,8 ke-, trois fois sup\u00e9rieure \u00e0 celle de son pr\u00e9d\u00e9cesseur, le capteur IMX462. Cela permet des temps d&rsquo;exposition plus longs et r\u00e9duit le risque de surexposition. De plus, la cam\u00e9ra dispose d&rsquo;un bruit de lecture tr\u00e8s faible qui s&rsquo;active automatiquement en mode HCG \u00e0 gain \u00e9lev\u00e9 afin de maximiser la plage dynamique.  <span class=\"Apple-converted-space\">  <\/span><\/p>\n<p class=\"p1\">L&rsquo;ASI662MC est polyvalent et convient parfaitement \u00e0 la photographie d\u00e9taill\u00e9e des plan\u00e8tes, \u00e0 la prise de vue des d\u00e9tails lunaires et solaires (avec un filtre appropri\u00e9) ainsi qu&rsquo;\u00e0 la photographie d&rsquo;objets du ciel profond plus lumineux tels que les n\u00e9buleuses et les amas d&rsquo;\u00e9toiles. Avec une cadence d&rsquo;images allant jusqu&rsquo;\u00e0 107,6 images par seconde en pleine r\u00e9solution, il permet \u00e9galement des observations en temps r\u00e9el et l&rsquo;astronomie \u00e9lectronique assist\u00e9e (EAA). <span class=\"Apple-converted-space\">  <\/span><\/p>\n<p class=\"p1\">Un autre avantage de l&rsquo;ASI662MC est l&rsquo;absence de lueur d&rsquo;amplification (Zero Amp Glow), ind\u00e9pendamment de la dur\u00e9e d&rsquo;exposition et des valeurs de gain. Il en r\u00e9sulte des images plus claires et moins bruyantes. La cam\u00e9ra est \u00e9quip\u00e9e d&rsquo;un port USB 3.0 pour un transfert rapide des donn\u00e9es et d&rsquo;un port autoguid\u00e9 ST-4, ce qui permet de l&rsquo;utiliser comme cam\u00e9ra autoguid\u00e9e.  <span class=\"Apple-converted-space\">  <\/span><\/p>\n<p class=\"p1\">La cam\u00e9ra est livr\u00e9e avec l&rsquo;ASI662MC, un adaptateur de 1,25 pouce, un c\u00e2ble USB 3.0, un c\u00e2ble ST-4 et un objectif grand champ. De plus, avec un poids de seulement 126 grammes, elle est l\u00e9g\u00e8re et n&rsquo;exerce qu&rsquo;une faible pression sur le tirage d&rsquo;oculaire. <span class=\"Apple-converted-space\">  <\/span><\/p>\n<p class=\"p1\">Dans l&rsquo;ensemble, la ZWO ASI662MC est un excellent choix pour les astrophotographes qui recherchent une cam\u00e9ra puissante, polyvalente et facile \u00e0 utiliser pour photographier les objets c\u00e9lestes.<\/p>\n<header class=\"cs-product-details__headline\" data-role=\"title\">\n<h2 class=\"cs-product-details__headline-title\">D\u00c9TAILS<\/h2>\n<\/header>\n<div class=\"cs-product-details__content\" data-role=\"content\">\n<div class=\"cs-product-details-main\">\n<div class=\"cs-product-details-main__column cs-product-details-main__column--left\">\n<section id=\"description\" class=\"cs-product-details-main__item cs-product-details-main__item--description \">\n<div class=\"cs-product-details-main__content\" data-role=\"content\">\n<div class=\"product attribute description\">\n<div class=\"value\">\n<div><img decoding=\"async\" src=\"https:\/\/login01.myfactory.cloud\/FotoZumstein\/CustomUpload\/374O357O340O370O356O369O350O335O359O366O371O366O341O360O370O360O366O365O345O372O364O370O371O356O360O365O320O326O\/Bildschirmfoto_2022-06-15_um_09_12_14_Kopie.png?dp=1&amp;DocumentID=1245580&amp;DocMail=-1\"><\/div>\n<div>\n<ul>\n<li>Cam\u00e9ra couleur<\/li>\n<li>2,07 millions de pixels<\/li>\n<li>Pixels de 2.9\u00b5m<\/li>\n<li>107,6 images par seconde<\/li>\n<li>tr\u00e8s faible niveau de bruit<\/li>\n<\/ul>\n<\/div>\n<\/div>\n<\/div>\n<\/div>\n<\/section>\n<\/div>\n<\/div>\n<\/div>\n","protected":false},"excerpt":{"rendered":"<p class=\"p1\">La ZWO ASI 662MC est une cam\u00e9ra couleur haute sensibilit\u00e9 dot\u00e9e d&rsquo;un capteur Sony IMX662, d&rsquo;un faible bruit et d&rsquo;une grande capacit\u00e9 full-well &#8211; id\u00e9ale pour la photographie plan\u00e9taire et lunaire.<\/p>\n","protected":false},"featured_media":63308,"comment_status":"closed","ping_status":"closed","template":"","meta":{"_acf_changed":false},"product_brand":[1788],"product_cat":[1654,1714,1711],"product_tag":[],"class_list":{"0":"post-63353","1":"product","2":"type-product","3":"status-publish","4":"has-post-thumbnail","6":"product_brand-zwo-asi","7":"product_cat-astronomie-accessoires-fr","8":"product_cat-appareil-photo","9":"product_cat-astrophotographie","11":"first","12":"instock","13":"taxable","14":"shipping-taxable","15":"purchasable","16":"product-type-simple"},"acf":[],"_links":{"self":[{"href":"https:\/\/www.teleskopshop.ch\/fr\/wp-json\/wp\/v2\/product\/63353","targetHints":{"allow":["GET"]}}],"collection":[{"href":"https:\/\/www.teleskopshop.ch\/fr\/wp-json\/wp\/v2\/product"}],"about":[{"href":"https:\/\/www.teleskopshop.ch\/fr\/wp-json\/wp\/v2\/types\/product"}],"replies":[{"embeddable":true,"href":"https:\/\/www.teleskopshop.ch\/fr\/wp-json\/wp\/v2\/comments?post=63353"}],"wp:featuredmedia":[{"embeddable":true,"href":"https:\/\/www.teleskopshop.ch\/fr\/wp-json\/wp\/v2\/media\/63308"}],"wp:attachment":[{"href":"https:\/\/www.teleskopshop.ch\/fr\/wp-json\/wp\/v2\/media?parent=63353"}],"wp:term":[{"taxonomy":"product_brand","embeddable":true,"href":"https:\/\/www.teleskopshop.ch\/fr\/wp-json\/wp\/v2\/product_brand?post=63353"},{"taxonomy":"product_cat","embeddable":true,"href":"https:\/\/www.teleskopshop.ch\/fr\/wp-json\/wp\/v2\/product_cat?post=63353"},{"taxonomy":"product_tag","embeddable":true,"href":"https:\/\/www.teleskopshop.ch\/fr\/wp-json\/wp\/v2\/product_tag?post=63353"}],"curies":[{"name":"wp","href":"https:\/\/api.w.org\/{rel}","templated":true}]}}