{"id":63188,"date":"2025-02-27T11:14:36","date_gmt":"2025-02-27T10:14:36","guid":{"rendered":"https:\/\/www.teleskopshop.ch\/shop\/non%20class\u00e9\/skywatcher-heliostar-76ha-76mm-f-8-3-telescope-solaire-h-alpha\/"},"modified":"2025-10-15T13:36:56","modified_gmt":"2025-10-15T11:36:56","slug":"skywatcher-heliostar-76ha-76mm-f-8-3-telescope-solaire-h-alpha","status":"publish","type":"product","link":"https:\/\/www.teleskopshop.ch\/fr\/shop\/optique\/skywatcher-heliostar-76ha-76mm-f-8-3-telescope-solaire-h-alpha\/","title":{"rendered":"Skywatcher Heliostar-76Ha 76mm f\/8.3 T\u00e9lescope solaire H-Alpha"},"content":{"rendered":"<h2>Skywatcher Heliostar-76Ha 76mm f\/8.3 T\u00e9lescope solaire H-Alpha<\/h2>\n<h2>SKYWATCHER 3&Prime; H-ALPHA T\u00c9LESCOPE SOLAIRE<\/h2>\n<p><strong>Performance de la double pile avec un simple \u00e9talon !<\/strong><\/p>\n<p>Le tr\u00e8s impressionnant Heliostar-76H\u03b1 de Sky-Watcher est un t\u00e9lescope solaire s\u00fbr pour l&rsquo;observation des protub\u00e9rances solaires actives et d&rsquo;autres d\u00e9tails solaires dans la bande H-Alpha, avec une bande passante exceptionnellement \u00e9troite de seulement 0,5 angstr\u00f6m ou moins.<\/p>\n<p>Si vous regardez le Soleil avec une bande passante H-Alpha aussi \u00e9troite, vous serez r\u00e9compens\u00e9 par des observations en temps r\u00e9el passionnantes et impressionnantes de notre \u00e9toile la plus proche dans toute sa splendeur ardente. Sa surface bouillonnante r\u00e9v\u00e8le de superbes d\u00e9tails tels que des \u00e9ruptions solaires (flare), des protub\u00e9rances, des spicules, des granulations ou des taches solaires et bien plus encore ! <\/p>\n<p>L&rsquo;Heliostar-76H\u03b1 utilise diff\u00e9rentes technologies pour prot\u00e9ger vos yeux pendant l&rsquo;observation, y compris un rev\u00eatement contre les rayons infrarouges thermiques, un filtre sp\u00e9cial pour bloquer la chaleur et un filtre pour bloquer la lumi\u00e8re UV et emp\u00eacher la lumi\u00e8re parasite de perturber l&rsquo;observation. Il utilise une combinaison de filtres avant et arri\u00e8re qui ne permet que le passage de la lumi\u00e8re monochromatique de longueur d&rsquo;onde 656,28 nanom\u00e8tres \u00e9mise par les atomes d&rsquo;hydrog\u00e8ne, tandis que toutes les autres longueurs d&rsquo;onde sont bloqu\u00e9es. Cela permet d&rsquo;observer les protub\u00e9rances en cours d&rsquo;activit\u00e9 dans la bande H-alpha.  <\/p>\n<p>La technologie Etalon de Sky-Watcher permet \u00e0 l&rsquo;Heliostar-76H\u03b1 d&rsquo;atteindre une bande passante de seulement 0,5Angstr\u00f6m, sans l&rsquo;utilisation co\u00fbteuse et complexe d&rsquo;un second Etalon pour atteindre la m\u00eame haute performance. Cela permet \u00e0 l&rsquo;observateur d&rsquo;obtenir des images d\u00e9taill\u00e9es du Soleil \u00ab\u00a0out of the box\u00a0\u00bb, sans frais suppl\u00e9mentaires. <\/p>\n<p>L&rsquo;Heliostar-76H\u03b1 est conforme \u00e0 et r\u00e9pond aux exigences de transmission de la norme ISO 12312-2:2015 (filtres pour l&rsquo;observation directe du Soleil). Utilisez toujours le t\u00e9lescope conform\u00e9ment aux instructions et faites preuve de la plus grande prudence lorsque vous observez le Soleil ! <\/p>\n<p><strong>\u00c9quipement :<\/strong><\/p>\n<ul>\n<li>Grossissement (avec l&rsquo;oculaire fourni) : 31,5 fois<\/li>\n<li>Oculaire 1,25&Prime; 20mm, 70\u00b0 grand angle<\/li>\n<li>Longueur focale du t\u00e9lescope : 630mm f\/8,3<\/li>\n<li>Ouverture libre 76mm<\/li>\n<li>Bande passante Etalon : &lt;0,5 angstr\u00f6ms<\/li>\n<li>M\u00e9thode de r\u00e9glage : \u00ab\u00a0r\u00e9glage de la pression\u00a0\u00bb.<\/li>\n<li>Filtre bloc 11,5mm<\/li>\n<li>Miroir solaire z\u00e9nithal \u00e0 90\u00b0 (1,25&Prime;)<\/li>\n<li>Chercher le soleil en toute s\u00e9curit\u00e9<\/li>\n<li>Focalisateur Crayford 2&Prime; \u00e0 double vitesse<\/li>\n<li>Colliers de serrage et rail de prisme Vixen Style de 45 mm avec filetage 1\/4 pouce<\/li>\n<li>Adaptateur universel pour smartphone inclus<\/li>\n<li>Utilisable pour la photographie CCD avec adaptateur 1,25&Prime; &#8211; Backfocus 58mm ou moins<\/li>\n<li>Taille de l&rsquo;image du soleil : 6mm<\/li>\n<li>Sky-Watcher SolarQuest Solar Go-To\/Tracking Monture recommand\u00e9e (en option)<\/li>\n<li>Certification de conformit\u00e9 \u00e0 la s\u00e9curit\u00e9 : ISO12312-2:2015<\/li>\n<li>OTA Longueur : 600mm<\/li>\n<li>Poids de l&rsquo;OTA : 3,8 kg<\/li>\n<li>Mallette incluse<\/li>\n<\/ul>\n<p><strong>Contenu de la livraison :<\/strong><\/p>\n<ul>\n<li>Tube t\u00e9lescopique Heliostar-76H\u03b1<\/li>\n<li>Miroir z\u00e9nithal 90\u00b0 1,25&Prime; avec filtre bloc<\/li>\n<li>Oculaire grand angle 20mm 1,25&Prime; 70<\/li>\n<li>Chercheur de soleil<\/li>\n<li>Colliers de serrage avec rail prismatique<\/li>\n<li>Valises<\/li>\n<\/ul>\n<div class=\"row-fluid\">\n<div class=\"col-sm-10 partialHeader\">G\u00c9N\u00c9RAL<\/div>\n<div class=\"col-sm-24\">\n<div class=\"row attributrow\">\n<div class=\"col-sm-10\">Poids d&rsquo;exp\u00e9dition<\/div>\n<div class=\"col-sm-14\">8kg<\/div>\n<\/div>\n<\/div>\n<div class=\"col-sm-24\">\n<div class=\"row attributrow\">\n<div class=\"col-sm-10\">Taille d&rsquo;exp\u00e9dition<\/div>\n<div class=\"col-sm-14\">70x40x25cm<\/div>\n<\/div>\n<\/div>\n<\/div>\n<div class=\"row-fluid\">\n<div class=\"col-sm-10 partialHeader\">OPTIQUE<\/div>\n<div class=\"col-sm-24\">\n<div class=\"row attributrow\">\n<div class=\"col-sm-10\">Type de construction<\/div>\n<div class=\"col-sm-14\">T\u00e9lescope solaire H-Alpha<\/div>\n<\/div>\n<\/div>\n<div class=\"col-sm-24\">\n<div class=\"row attributrow\">\n<div class=\"col-sm-10\">Longueur focale (mm)<\/div>\n<div class=\"col-sm-14\">630<\/div>\n<\/div>\n<\/div>\n<div class=\"col-sm-24\">\n<div class=\"row attributrow\">\n<div class=\"col-sm-10\">Ouverture (mm)<\/div>\n<div class=\"col-sm-14\">76<\/div>\n<\/div>\n<\/div>\n<div class=\"col-sm-24\">\n<div class=\"row attributrow\">\n<div class=\"col-sm-10\">Rapport d&rsquo;ouverture<\/div>\n<div class=\"col-sm-14\">f\/8,3<\/div>\n<\/div>\n<\/div>\n<div class=\"col-sm-24\">\n<div class=\"row attributrow\">\n<div class=\"col-sm-10\">Porte-oculaire<\/div>\n<div class=\"col-sm-14\">T\u00eate d&rsquo;oculaire Crayford 2&Prime; \u00e0 double vitesse<\/div>\n<\/div>\n<\/div>\n<div class=\"col-sm-24\">\n<div class=\"row attributrow\">\n<div class=\"col-sm-10\">Poids du tube (kg)<\/div>\n<div class=\"col-sm-14\">3<\/div>\n<\/div>\n<\/div>\n<\/div>\n<p><em>Ce nouveau t\u00e9lescope sera bient\u00f4t disponible, passez une pr\u00e9-commande !<\/em><\/p>\n","protected":false},"excerpt":{"rendered":"<p>Merci de votre visite sur Teleskopshop.ch<\/p>\n<p>Nous sommes heureux de pouvoir vous offrir le <strong>t\u00e9lescope solaire Skywatcher Heliostar-76Ha 76mm f\/8.3 H-Alpha<\/strong> <\/p>\n","protected":false},"featured_media":63180,"comment_status":"closed","ping_status":"closed","template":"","meta":{"_acf_changed":false},"product_brand":[675],"product_cat":[1339,1336,1648],"product_tag":[],"class_list":{"0":"post-63188","1":"product","2":"type-product","3":"status-publish","4":"has-post-thumbnail","6":"product_brand-skywatcher","7":"product_cat-optique","8":"product_cat-nouvelles-et-promotions","9":"product_cat-telescopes-solaires","11":"first","12":"instock","13":"sale","14":"taxable","15":"shipping-taxable","16":"purchasable","17":"product-type-simple"},"acf":[],"_links":{"self":[{"href":"https:\/\/www.teleskopshop.ch\/fr\/wp-json\/wp\/v2\/product\/63188","targetHints":{"allow":["GET"]}}],"collection":[{"href":"https:\/\/www.teleskopshop.ch\/fr\/wp-json\/wp\/v2\/product"}],"about":[{"href":"https:\/\/www.teleskopshop.ch\/fr\/wp-json\/wp\/v2\/types\/product"}],"replies":[{"embeddable":true,"href":"https:\/\/www.teleskopshop.ch\/fr\/wp-json\/wp\/v2\/comments?post=63188"}],"wp:featuredmedia":[{"embeddable":true,"href":"https:\/\/www.teleskopshop.ch\/fr\/wp-json\/wp\/v2\/media\/63180"}],"wp:attachment":[{"href":"https:\/\/www.teleskopshop.ch\/fr\/wp-json\/wp\/v2\/media?parent=63188"}],"wp:term":[{"taxonomy":"product_brand","embeddable":true,"href":"https:\/\/www.teleskopshop.ch\/fr\/wp-json\/wp\/v2\/product_brand?post=63188"},{"taxonomy":"product_cat","embeddable":true,"href":"https:\/\/www.teleskopshop.ch\/fr\/wp-json\/wp\/v2\/product_cat?post=63188"},{"taxonomy":"product_tag","embeddable":true,"href":"https:\/\/www.teleskopshop.ch\/fr\/wp-json\/wp\/v2\/product_tag?post=63188"}],"curies":[{"name":"wp","href":"https:\/\/api.w.org\/{rel}","templated":true}]}}