{"id":63185,"date":"2025-02-27T10:40:43","date_gmt":"2025-02-27T09:40:43","guid":{"rendered":"https:\/\/www.teleskopshop.ch\/shop\/non class\u00e9\/skywatcher-star-adventurer-2i-kit-photo-wifi\/"},"modified":"2025-02-27T10:40:43","modified_gmt":"2025-02-27T09:40:43","slug":"skywatcher-star-adventurer-2i-kit-photo-wifi","status":"publish","type":"product","link":"https:\/\/www.teleskopshop.ch\/fr\/shop\/montures\/montures-de-voyage\/skywatcher-star-adventurer-2i-kit-photo-wifi\/","title":{"rendered":"Skywatcher Star Adventurer 2i Kit photo WiFi"},"content":{"rendered":"<p>L&rsquo;extraordinaire monture Sky-Watcher Star Adventurer 2i comprend d\u00e9sormais un module WiFi int\u00e9gr\u00e9, mais conserve \u00e9galement toutes les fonctionnalit\u00e9s connues et \u00e9prouv\u00e9es. Les fonctions Wi-Fi sont contr\u00f4l\u00e9es par l&rsquo;application Star Adventurer Mini Console, disponible en freeware pour les appareils Android et iOS.<\/p>\n<p>Le Star Adventurer permet de nombreuses combinaisons pour r\u00e9pondre \u00e0 tous vos besoins en mati\u00e8re d&rsquo;astrophotographie et de photographie en acc\u00e9l\u00e9r\u00e9. Il s&rsquo;agit d&rsquo;une plate-forme de suivi astronomique de haute pr\u00e9cision, facilement transportable et stable, avec vitesse sid\u00e9rale, solaire et lunaire et contr\u00f4le automatique du d\u00e9clenchement DSLR. De plus, il contient des param\u00e8tres pr\u00e9programm\u00e9s pour vous aider \u00e0 cr\u00e9er des vid\u00e9os acc\u00e9l\u00e9r\u00e9es int\u00e9ressantes avec votre appareil photo reflex num\u00e9rique.<\/p>\n<p>Vous pouvez monter le Star Adventurer 2i sur n&rsquo;importe quel tr\u00e9pied photo standard avec un raccord filet\u00e9 1\/4&Prime; ou 3\/8&Prime;. Vous pouvez r\u00e9gler la hauteur des p\u00f4les soit \u00e0 l&rsquo;aide de la t\u00eate pivotante du tr\u00e9pied, soit en utilisant le berceau de hauteur des p\u00f4les disponible en option pour un r\u00e9glage plus pr\u00e9cis. Pour monter un appareil photo sur le Star Adventurer 2i, vous pouvez utiliser soit votre propre rotule optionnelle, soit le rail en L disponible en option. Le rail en L permet \u00e9galement, en combinaison avec le contrepoids \u00e9galement disponible en option, d&rsquo;utiliser des t\u00e9lescopes plus petits comme le Skymax 90. En outre, le rail en L permet de monter simultan\u00e9ment un petit t\u00e9lescope et, avec une rotule sph\u00e9rique en option, un appareil photo. Si vous n&rsquo;utilisez que le rail prismatique du rail en L, vous pouvez en outre monter deux cam\u00e9ras simultan\u00e9ment \u00e0 l&rsquo;aide de deux rotules sph\u00e9riques en option.<\/p>\n<p><strong>Contenu de la livraison :<\/strong><\/p>\n<ul>\n<li>Monture Star Adventurer<\/li>\n<li>Adaptateur de t\u00eate sph\u00e9rique<\/li>\n<li>Capuchons anti-poussi\u00e8re<\/li>\n<li>\u00c9clairage du viseur polaire<\/li>\n<li>Emballage cadeau<\/li>\n<\/ul>\n<p>!L&rsquo;alimentation et les piles ne sont pas fournies !<\/p>\n<div class=\"row-fluid\">\n<div class=\"col-sm-10 partialHeader\">G\u00c9N\u00c9RAL<\/div>\n<div class=\"col-sm-24\">\n<div class=\"row attributrow\">\n<div class=\"col-sm-10\">Poids d&rsquo;exp\u00e9dition<\/div>\n<div class=\"col-sm-14\">1.6kg<\/div>\n<\/div>\n<\/div>\n<div class=\"col-sm-24\">\n<div class=\"row attributrow\">\n<div class=\"col-sm-10\">Taille d&rsquo;exp\u00e9dition<\/div>\n<div class=\"col-sm-14\">24x22x13cm<\/div>\n<\/div>\n<\/div>\n<\/div>\n<div class=\"row-fluid\">\n<div class=\"col-sm-10 partialHeader\">MONTAGE<\/div>\n<div class=\"col-sm-24\">\n<div class=\"row attributrow\">\n<div class=\"col-sm-10\">Type<\/div>\n<div class=\"col-sm-14\">T\u00eate de montage (ascension droite) avec module WiFi int\u00e9gr\u00e9<\/div>\n<\/div>\n<\/div>\n<div class=\"col-sm-24\">\n<div class=\"row attributrow\">\n<div class=\"col-sm-10\">Poids total de la monture (kg)<\/div>\n<div class=\"col-sm-14\">1.1<\/div>\n<\/div>\n<\/div>\n<\/div>\n","protected":false},"excerpt":{"rendered":"<p>Nous avons le plaisir de vous proposer le produit Star Adventurer 2i WiFi Foto Set.<\/p>\n","protected":false},"featured_media":63159,"comment_status":"closed","ping_status":"closed","template":"","meta":{"_acf_changed":false},"product_brand":[675],"product_cat":[1279,1291],"product_tag":[1785,1784],"class_list":{"0":"post-63185","1":"product","2":"type-product","3":"status-publish","4":"has-post-thumbnail","6":"product_brand-skywatcher","7":"product_cat-montures","8":"product_cat-montures-de-voyage","9":"product_tag-astrophotographie","10":"product_tag-monture-de-voyage","12":"first","13":"instock","14":"sale","15":"taxable","16":"shipping-taxable","17":"purchasable","18":"product-type-simple"},"acf":[],"_links":{"self":[{"href":"https:\/\/www.teleskopshop.ch\/fr\/wp-json\/wp\/v2\/product\/63185","targetHints":{"allow":["GET"]}}],"collection":[{"href":"https:\/\/www.teleskopshop.ch\/fr\/wp-json\/wp\/v2\/product"}],"about":[{"href":"https:\/\/www.teleskopshop.ch\/fr\/wp-json\/wp\/v2\/types\/product"}],"replies":[{"embeddable":true,"href":"https:\/\/www.teleskopshop.ch\/fr\/wp-json\/wp\/v2\/comments?post=63185"}],"wp:featuredmedia":[{"embeddable":true,"href":"https:\/\/www.teleskopshop.ch\/fr\/wp-json\/wp\/v2\/media\/63159"}],"wp:attachment":[{"href":"https:\/\/www.teleskopshop.ch\/fr\/wp-json\/wp\/v2\/media?parent=63185"}],"wp:term":[{"taxonomy":"product_brand","embeddable":true,"href":"https:\/\/www.teleskopshop.ch\/fr\/wp-json\/wp\/v2\/product_brand?post=63185"},{"taxonomy":"product_cat","embeddable":true,"href":"https:\/\/www.teleskopshop.ch\/fr\/wp-json\/wp\/v2\/product_cat?post=63185"},{"taxonomy":"product_tag","embeddable":true,"href":"https:\/\/www.teleskopshop.ch\/fr\/wp-json\/wp\/v2\/product_tag?post=63185"}],"curies":[{"name":"wp","href":"https:\/\/api.w.org\/{rel}","templated":true}]}}