{"id":62815,"date":"2022-05-07T00:00:00","date_gmt":"2022-05-06T22:00:00","guid":{"rendered":"https:\/\/2025.teleskopshop.ch\/shop\/non%20class\u00e9\/celestron-skyportal-wifi-adapter\/"},"modified":"2025-01-25T11:56:59","modified_gmt":"2025-01-25T10:56:59","slug":"celestron-skyportal-wifi-adapter","status":"publish","type":"product","link":"https:\/\/www.teleskopshop.ch\/fr\/shop\/astronomie-accessoires-fr\/adaptateurs\/smartphone-adapter-fr\/celestron-skyportal-wifi-adapter\/","title":{"rendered":"Adaptateur Wi-Fi Celestron Sky Portal"},"content":{"rendered":"<p>Le module SkyPortal WLAN permet le contr\u00f4le sans fil de presque tous les t\u00e9lescopes Celestron GOTO avec l&rsquo;application iPhone\/iPad \u00ab\u00a0SkyPortal\u00a0\u00bb disponible en option. Dans cette application (un programme complet de plan\u00e9tarium), vous pouvez appuyer sur une cible d&rsquo;observation sur la carte des \u00e9toiles ou dans une liste et le t\u00e9lescope s&rsquo;y rendra automatiquement. Le t\u00e9lescope peut \u00e9galement \u00eatre utilis\u00e9 sans t\u00e9l\u00e9commande, m\u00eame l&rsquo;alignement est possible via SkyPortal ! Vous pouvez \u00e9galement adresser votre adaptateur SkyQ avec le nouveau logiciel Celestron SkyPortal. SkyPortal est un programme de plan\u00e9tarium \u00e0 part enti\u00e8re : tenez votre smartphone vers le ciel et vous verrez quels objets vous avez mis sur la carte ; ou recherchez un objet et vous y serez dirig\u00e9. Une fois que SkyPortal s&rsquo;est connect\u00e9 \u00e0 votre t\u00e9lescope via le module WiFi et que l&rsquo;alignement a \u00e9t\u00e9 effectu\u00e9, vous pouvez le contr\u00f4ler confortablement via votre smartphone comme d&rsquo;habitude. Le logiciel est bas\u00e9 sur SkySafari et est disponible gratuitement pour iOS (dans l&rsquo;App Store) et Android (dans le Play Store). De plus, les versions de SkySafari 4.x et sup\u00e9rieures avec contr\u00f4le du t\u00e9lescope prennent d\u00e9sormais en charge l&rsquo;adaptateur SkyPortal. Compatible avec les montures Celestron suivantes&nbsp;: Advanced VX, CG-5 (avec r\u00e9partiteur auxiliaire CG-5), CGX, CGX-L, CPC, CPC DX, CGE, CGE Pro, CGEM, CGEM DX, CGEM II, LCM, NexStar GT (Mod\u00e8les \u00e0 partir de 2015 avec r\u00e9partiteur Aux., article 93919), NexStar SE Series, NexStar SLT, SkyProdigy. SkyPortal n&rsquo;est pas compatible avec les supports plus anciens tels que NexStar i et NexStar GPS<\/p>\n","protected":false},"excerpt":{"rendered":"<p>Le module SkyPortal WLAN permet le contr\u00f4le sans fil de presque tous les t\u00e9lescopes Celestron GOTO avec l&rsquo;application iPhone\/iPad \u00ab\u00a0SkyPortal\u00a0\u00bb disponible en option. Dans cette application (un programme complet de plan\u00e9tarium), vous pouvez appuyer sur une cible d&rsquo;observation sur la carte des \u00e9toiles ou dans une liste et le t\u00e9lescope s&rsquo;y rendra automatiquement. Le t\u00e9lescope [&hellip;]<\/p>\n","protected":false},"featured_media":2470,"comment_status":"closed","ping_status":"open","template":"","meta":{"_acf_changed":false},"product_brand":[674],"product_cat":[1654,1657,1711,1718,1693],"product_tag":[],"class_list":{"0":"post-62815","1":"product","2":"type-product","3":"status-publish","4":"has-post-thumbnail","6":"product_brand-celestron","7":"product_cat-astronomie-accessoires-fr","8":"product_cat-adaptateurs","9":"product_cat-astrophotographie","10":"product_cat-astro-smartphone-adapter-fr","11":"product_cat-smartphone-adapter-fr","13":"first","14":"instock","15":"taxable","16":"shipping-taxable","17":"purchasable","18":"product-type-simple"},"acf":[],"_links":{"self":[{"href":"https:\/\/www.teleskopshop.ch\/fr\/wp-json\/wp\/v2\/product\/62815","targetHints":{"allow":["GET"]}}],"collection":[{"href":"https:\/\/www.teleskopshop.ch\/fr\/wp-json\/wp\/v2\/product"}],"about":[{"href":"https:\/\/www.teleskopshop.ch\/fr\/wp-json\/wp\/v2\/types\/product"}],"replies":[{"embeddable":true,"href":"https:\/\/www.teleskopshop.ch\/fr\/wp-json\/wp\/v2\/comments?post=62815"}],"wp:featuredmedia":[{"embeddable":true,"href":"https:\/\/www.teleskopshop.ch\/fr\/wp-json\/wp\/v2\/media\/2470"}],"wp:attachment":[{"href":"https:\/\/www.teleskopshop.ch\/fr\/wp-json\/wp\/v2\/media?parent=62815"}],"wp:term":[{"taxonomy":"product_brand","embeddable":true,"href":"https:\/\/www.teleskopshop.ch\/fr\/wp-json\/wp\/v2\/product_brand?post=62815"},{"taxonomy":"product_cat","embeddable":true,"href":"https:\/\/www.teleskopshop.ch\/fr\/wp-json\/wp\/v2\/product_cat?post=62815"},{"taxonomy":"product_tag","embeddable":true,"href":"https:\/\/www.teleskopshop.ch\/fr\/wp-json\/wp\/v2\/product_tag?post=62815"}],"curies":[{"name":"wp","href":"https:\/\/api.w.org\/{rel}","templated":true}]}}