{"id":62812,"date":"2022-05-09T00:00:00","date_gmt":"2022-05-08T22:00:00","guid":{"rendered":"https:\/\/2025.teleskopshop.ch\/shop\/non%20class\u00e9\/skywatcher-stativ-mit-edelstahl-beinen-fuer-eq5-teleskop-montierungen-etc\/"},"modified":"2025-01-25T11:56:38","modified_gmt":"2025-01-25T10:56:38","slug":"skywatcher-stativ-mit-edelstahl-beinen-fuer-eq5-teleskop-montierungen-etc","status":"publish","type":"product","link":"https:\/\/www.teleskopshop.ch\/fr\/shop\/montures\/accessoires\/skywatcher-stativ-mit-edelstahl-beinen-fuer-eq5-teleskop-montierungen-etc\/","title":{"rendered":"Tr\u00e9pied Skywatcher avec pieds en acier inoxydable pour montures de t\u00e9lescope EQ5, etc."},"content":{"rendered":"<p>Le tr\u00e9pied stable Sky-Watcher avec pieds de tr\u00e9pied en acier inoxydable de la monture EQ5 individuellement. Le support convient aux supports EQ3, EQ5 et Skytee-2. Contenu de la livraison : tr\u00e9pied EQ5 avec \u00e9tag\u00e8re !Le bloc d&rsquo;alimentation et les piles ne sont pas inclus dans la livraison !<\/p>\n<p>G\u00e9n\u00e9ralit\u00e9s<\/p>\n<table>\n<tr>\n<td>Poids<\/td>\n<p> d&rsquo;exp\u00e9dition <\/p>\n<td>6,0 kg<\/td>\n<\/tr>\n<\/table>\n<table>\n<tr>\n<td>Taille<\/td>\n<p> d&rsquo;exp\u00e9dition <\/p>\n<td>90x20x20cm<\/td>\n<\/tr>\n<\/table>\n<p>Accessoires<\/p>\n<table>\n<tr>\n<td>Type<\/td>\n<td>de tr\u00e9pied en acier inoxydable EQ5<\/td>\n<\/tr>\n<\/table>\n<table>\n<tr>\n<td>Mat\u00e9riau<\/td>\n<td>aluminium \/ acier inoxydable<\/td>\n<\/tr>\n<\/table>\n","protected":false},"excerpt":{"rendered":"<p>Tr\u00e9pied Skywatcher avec support pour EQ5 et supports de t\u00e9lescope similaires tels que Skytee2<\/p>\n","protected":false},"featured_media":5082,"comment_status":"closed","ping_status":"open","template":"","meta":{"_acf_changed":false},"product_brand":[675],"product_cat":[1315],"product_tag":[],"class_list":{"0":"post-62812","1":"product","2":"type-product","3":"status-publish","4":"has-post-thumbnail","6":"product_brand-skywatcher","7":"product_cat-accessoires","9":"first","10":"instock","11":"taxable","12":"shipping-taxable","13":"purchasable","14":"product-type-simple"},"acf":[],"_links":{"self":[{"href":"https:\/\/www.teleskopshop.ch\/fr\/wp-json\/wp\/v2\/product\/62812","targetHints":{"allow":["GET"]}}],"collection":[{"href":"https:\/\/www.teleskopshop.ch\/fr\/wp-json\/wp\/v2\/product"}],"about":[{"href":"https:\/\/www.teleskopshop.ch\/fr\/wp-json\/wp\/v2\/types\/product"}],"replies":[{"embeddable":true,"href":"https:\/\/www.teleskopshop.ch\/fr\/wp-json\/wp\/v2\/comments?post=62812"}],"wp:featuredmedia":[{"embeddable":true,"href":"https:\/\/www.teleskopshop.ch\/fr\/wp-json\/wp\/v2\/media\/5082"}],"wp:attachment":[{"href":"https:\/\/www.teleskopshop.ch\/fr\/wp-json\/wp\/v2\/media?parent=62812"}],"wp:term":[{"taxonomy":"product_brand","embeddable":true,"href":"https:\/\/www.teleskopshop.ch\/fr\/wp-json\/wp\/v2\/product_brand?post=62812"},{"taxonomy":"product_cat","embeddable":true,"href":"https:\/\/www.teleskopshop.ch\/fr\/wp-json\/wp\/v2\/product_cat?post=62812"},{"taxonomy":"product_tag","embeddable":true,"href":"https:\/\/www.teleskopshop.ch\/fr\/wp-json\/wp\/v2\/product_tag?post=62812"}],"curies":[{"name":"wp","href":"https:\/\/api.w.org\/{rel}","templated":true}]}}