{"id":62803,"date":"2022-05-09T00:00:00","date_gmt":"2022-05-08T22:00:00","guid":{"rendered":"https:\/\/2025.teleskopshop.ch\/shop\/non%20class\u00e9\/skywatcher-star-discovery-wifi-az-goto-montierung-mit-stativ\/"},"modified":"2025-01-25T11:56:49","modified_gmt":"2025-01-25T10:56:49","slug":"skywatcher-star-discovery-wifi-az-goto-montierung-mit-stativ","status":"publish","type":"product","link":"https:\/\/www.teleskopshop.ch\/fr\/shop\/montures\/montures-go-to\/skywatcher-star-discovery-wifi-az-goto-montierung-mit-stativ\/","title":{"rendered":"Monture Skywatcher Star Discovery WIFI AZ GoTo avec tr\u00e9pied"},"content":{"rendered":"<p>La monture azimutale Skywatcher Star Discovery facilement transportable avec le module Wi-Fi SynScan\u2122 a \u00e9t\u00e9 con\u00e7ue pour un contr\u00f4le sans fil pratique avec votre smartphone ou tablette Android ou iOS avec l&rsquo;application gratuite SynScan. Le module WIFI inclus cr\u00e9e son propre r\u00e9seau WIFI, de sorte que le support peut \u00eatre utilis\u00e9 n&rsquo;importe o\u00f9, m\u00eame sans un autre r\u00e9seau WIFI existant. Apr\u00e8s avoir entr\u00e9 les coordonn\u00e9es dans l&rsquo;application et suivi la proc\u00e9dure d&rsquo;alignement simple, vous \u00eates pr\u00eat \u00e0 explorer l&rsquo;univers \u00e0 l&rsquo;aide du menu tactile intuitif de l&rsquo;application. L&rsquo;application SynScan permet un contr\u00f4le GoTo informatis\u00e9 complet de la monture et dirige automatiquement votre t\u00e9lescope vers n&rsquo;importe quel objet que vous s\u00e9lectionnez dans la vaste base de donn\u00e9es de l&rsquo;application de plus de 10 000 objets. La monture est dot\u00e9e de la technologie brevet\u00e9e \u00e0 double encodeur Freedom-Find\u2122 de Skywatcher, qui permet de d\u00e9placer librement la monture \u00e0 la main sans perdre les donn\u00e9es de position et d&rsquo;alignement. Cela vous donne une \u00e9norme libert\u00e9 et un confort et une flexibilit\u00e9 suppl\u00e9mentaires lors de vos observations. Le support fonctionne tr\u00e8s silencieusement et a une charge utile maximale de 5 kg. Les t\u00e9lescopes peuvent \u00eatre fix\u00e9s \u00e0 l&rsquo;aide d&rsquo;une barre \u00e0 queue d&rsquo;aronde standard Skywatcher \/ Vixen. \u00c9quipement : Star Discovery AZ GoTo Monture azimutale GoTo avec suivi dans les deux axes Technologie \u00e0 double encodeur Freedom-Find\u2122 Module WIFI SynScan\u2122 Contr\u00f4le : Application SynScan pour iOS et Android ou bo\u00eetier de commande manuelle Synscan (non inclus) Base de donn\u00e9es de l&rsquo;application SynScan : plus de 10 000 objets. Objets du ciel profond : 10759, dont Messier, NGC, IC, catalogue Caldwell, DSO nomm\u00e9s, \u00e9toiles nomm\u00e9es : 305, \u00e9toiles doubles : 55, objets du syst\u00e8me solaire : 7 plan\u00e8tes, Soleil, Lune. (Articles illimit\u00e9s lors de l&rsquo;utilisation d&rsquo;un logiciel de plan\u00e9tarium tiers). M\u00e9thodes d&rsquo;alignement de l&rsquo;application SynScan : alignement des \u00e9toiles les plus brillantes, alignement du plan nord Autres fonctionnalit\u00e9s de l&rsquo;application SynScan : reflets nocturnes, pointage et alignement avec un appareil mobile, identification des objets c\u00e9lestes, t\u00e9l\u00e9commande via Internet, objets personnalis\u00e9s, am\u00e9lioration de la pr\u00e9cision de l&rsquo;alignement (PAE) Connexions : main SynScan bo\u00eetier de commande, commande d&rsquo;obturateur DSLR (c\u00e2ble disponible en option) Interfaces&nbsp;: plate-forme ASCOM pour PC Windows, application Mobile Planetarium pour iOS et Android (SkySafari Plus\/Pro, plus tard). Vitesses de suivi : Sid\u00e9ral, Lune, Soleil Vitesses panoramiques : 1,0x, 2,0x, 16x, 32x, 64x, 128x, 400x, 500x, 600x, 800x Charge : 5 kg Embrayages m\u00e9caniques pour mouvement manuel Tr\u00e9pied r\u00e9glable en hauteur avec pieds en acier inoxydable et accessoire pince pour rails de prisme standard Skywatcher \/ Vixen Suivi particuli\u00e8rement silencieux D\u00e9clencheur \u00e9lectronique DSLR Port SNAP (c\u00e2ble disponible en option) Alimentation: bloc d&rsquo;alimentation 12v DC (contact central positif) ou 8 piles AA (non incluses). Skywatcher 7Ah ou 17Ah Power Tank recommand\u00e9. Contenu de la livraison&nbsp;: tr\u00e9pied de montage Star Discovery avec pieds en acier inoxydable et \u00e9tag\u00e8re module WIFI\/c\u00e2ble&nbsp;! L&rsquo;alimentation et les piles ne sont pas incluses&nbsp;!<\/p>\n<p>G\u00e9n\u00e9ralit\u00e9s<\/p>\n<table>\n<tr>\n<td>Poids<\/td>\n<p> d&rsquo;exp\u00e9dition <\/p>\n<td>10,6 kg<\/td>\n<\/tr>\n<\/table>\n<table>\n<tr>\n<td>Taille<\/td>\n<p> d&rsquo;exp\u00e9dition <\/p>\n<td>87x47x25.5cm<\/td>\n<\/tr>\n<\/table>\n<p>Monter<\/p>\n<table>\n<tr>\n<td>Monture GoTo de<\/td>\n<td>type<\/td>\n<p> azimut avec WIFI pour l&rsquo;astronomie et la photographie<\/tr>\n<\/table>\n<table>\n<tr>\n<td>GoTo:<\/td>\n<td> oui <\/td>\n<\/tr>\n<\/table>\n<table>\n<tr>\n<td>Max. Charge utile visuelle (kg)<\/td>\n<td>5.00<\/td>\n<\/tr>\n<\/table>\n<table>\n<tr>\n<td>Poids total du support (kg)<\/td>\n<td>6,50<\/td>\n<\/tr>\n<\/table>\n","protected":false},"excerpt":{"rendered":"<p>Monture Azimuth GoTo avec tr\u00e9pied<\/p>\n","protected":false},"featured_media":4822,"comment_status":"closed","ping_status":"open","template":"","meta":{"_acf_changed":false},"product_brand":[675],"product_cat":[1288],"product_tag":[],"class_list":{"0":"post-62803","1":"product","2":"type-product","3":"status-publish","4":"has-post-thumbnail","6":"product_brand-skywatcher","7":"product_cat-montures-go-to","9":"first","10":"instock","11":"taxable","12":"shipping-taxable","13":"purchasable","14":"product-type-simple"},"acf":[],"_links":{"self":[{"href":"https:\/\/www.teleskopshop.ch\/fr\/wp-json\/wp\/v2\/product\/62803","targetHints":{"allow":["GET"]}}],"collection":[{"href":"https:\/\/www.teleskopshop.ch\/fr\/wp-json\/wp\/v2\/product"}],"about":[{"href":"https:\/\/www.teleskopshop.ch\/fr\/wp-json\/wp\/v2\/types\/product"}],"replies":[{"embeddable":true,"href":"https:\/\/www.teleskopshop.ch\/fr\/wp-json\/wp\/v2\/comments?post=62803"}],"wp:featuredmedia":[{"embeddable":true,"href":"https:\/\/www.teleskopshop.ch\/fr\/wp-json\/wp\/v2\/media\/4822"}],"wp:attachment":[{"href":"https:\/\/www.teleskopshop.ch\/fr\/wp-json\/wp\/v2\/media?parent=62803"}],"wp:term":[{"taxonomy":"product_brand","embeddable":true,"href":"https:\/\/www.teleskopshop.ch\/fr\/wp-json\/wp\/v2\/product_brand?post=62803"},{"taxonomy":"product_cat","embeddable":true,"href":"https:\/\/www.teleskopshop.ch\/fr\/wp-json\/wp\/v2\/product_cat?post=62803"},{"taxonomy":"product_tag","embeddable":true,"href":"https:\/\/www.teleskopshop.ch\/fr\/wp-json\/wp\/v2\/product_tag?post=62803"}],"curies":[{"name":"wp","href":"https:\/\/api.w.org\/{rel}","templated":true}]}}