{"id":62800,"date":"2022-05-09T00:00:00","date_gmt":"2022-05-08T22:00:00","guid":{"rendered":"https:\/\/2025.teleskopshop.ch\/shop\/non%20class\u00e9\/skywatcher-montierung-solarquest-mit-stativ\/"},"modified":"2025-09-23T16:25:19","modified_gmt":"2025-09-23T14:25:19","slug":"skywatcher-montierung-solarquest-mit-stativ","status":"publish","type":"product","link":"https:\/\/www.teleskopshop.ch\/fr\/shop\/montures\/montures-go-to\/skywatcher-montierung-solarquest-mit-stativ\/","title":{"rendered":"Skywatcher Montierung Solarquest mit Stativ"},"content":{"rendered":"<p>Sonnenbeobachtung einfach gemacht! Skywatchers clevere und innovative SolarQuest\u2122 Montierung ist extrem benutzerfreundlich und macht die Sonnenbeobachtung mit einem Sonnenteleskop durch das automatische Aufsuchen und Nachf\u00fchren der Sonne besonders sicher. Stellen Sie das Stativ nur einigerma\u00dfen gerade auf und richten Sie das Sonnenteleskop irgendwo links von der Sonne aus, Skywatchers revolution\u00e4re HelioFind\u2122 Technologie f\u00fcr die Sonnenbeobachtung erledigt automatisch den Rest! Mit dem Bet\u00e4tigen nur eines Knopfes wird das Teleskop nivelliert und die Montierung berechnet mit Hilfe der GPS Daten H\u00f6he und Azimut der Sonne, basierend auf Ortszeit und Aufstellungsort. Das Teleskop wird dann auf die ben\u00f6tigte H\u00f6he gefahren und die Montierung beginnt im Uhrzeigersinn nach der Sonne zu suchen. Der Sonnensensor sp\u00fcrt die Sonne auf und sorgt daf\u00fcr, das diese fortw\u00e4hrend im Gesichtsfeld des Okulars verbleibt. Die SolarQuest\u2122 Montierung kann von Bildungseinrichtungen, Anf\u00e4ngern und erfahrenen Beobachtern gleicherma\u00dfen eingesetzt werden. Wenn Sie ihr Teleskop auf der Montierung befestigt haben, ist diese Montierung ein gro\u00dfartiger Helfer f\u00fcr die Beobachtung von Sonnenflecken, Sonnenfinsternissen, Oberfl\u00e4chendetails auf der Sonne sowie Transits von den Inneren Planeten vor der Sonne. Die leichte und transportable SolarQuest\u2122 Montierung ist leise und hat eine Zuladekapazit\u00e4t von bis zu 4 kg. Es k\u00f6nnen Teleskope mit einer Standard Skywatcher \/ Vixen Norm Prismenschiene befestigt werden. ACHTUNG: Die SolarQuest\u2122 Montierung wurde nur f\u00fcr die Verwendung von Sonnenteleskopen entwickelt. Richten Sie kein anderes optisches Ger\u00e4t auf die Sonne. Das Betrachten der Sonne ohne sicheren, professionell gefertigten Sonnenfilter verursacht sofortige, bleibende Sch\u00e4den an den Augen sowie am Teleskop und stellt zudem ein Brandrisiko dar Lieferumfang: SolarQuest\u2122 Montierung Verl\u00e4ngerungss\u00e4ule Aluminium Stativ !Stromversorgung und Batterien sind nicht im Lieferumfang enthalten!<\/p>\n<p>Allgemein<\/p>\n<table>\n<tr>\n<td>Versandgewicht<\/td>\n<td>6.00kg<\/td>\n<\/tr>\n<\/table>\n<table>\n<tr>\n<td>Versandgr\u00f6\u00dfe<\/td>\n<td>115x27x25cm<\/td>\n<\/tr>\n<\/table>\n<p>Montierung<\/p>\n<table>\n<tr>\n<td>Typ<\/td>\n<td>Azimutale GoTo Montierung f\u00fcr Sonnenbeobachtung<\/td>\n<\/tr>\n<\/table>\n<table>\n<tr>\n<td>GoTo<\/td>\n<td> ja <\/td>\n<\/tr>\n<\/table>\n<table>\n<tr>\n<td>Max. Zuladung visuell (kg)<\/td>\n<td>4.00<\/td>\n<\/tr>\n<\/table>\n<table>\n<tr>\n<td>Max. Zuladung photografisch (kg)<\/td>\n<td>4.00<\/td>\n<\/tr>\n<\/table>\n<table>\n<tr>\n<td>Montierungsgewicht gesamt (kg)<\/td>\n<td>4.05<\/td>\n<\/tr>\n<\/table>\n","protected":false},"excerpt":{"rendered":"<p>Sonnenbeobachtung einfach gemacht! Skywatchers clevere und innovative SolarQuest\u2122 Montierung ist extrem benutzerfreundlich und macht die Sonnenbeobachtung mit einem Sonnenteleskop durch das automatische Aufsuchen und Nachf\u00fchren der Sonne besonders sicher. Stellen Sie das Stativ nur einigerma\u00dfen gerade auf und richten Sie das Sonnenteleskop irgendwo links von der Sonne aus, Skywatchers revolution\u00e4re HelioFind\u2122 Technologie f\u00fcr die Sonnenbeobachtung [&hellip;]<\/p>\n","protected":false},"featured_media":4818,"comment_status":"closed","ping_status":"closed","template":"","meta":{"_acf_changed":false},"product_brand":[675],"product_cat":[1288],"product_tag":[],"class_list":{"0":"post-62800","1":"product","2":"type-product","3":"status-publish","4":"has-post-thumbnail","6":"product_brand-skywatcher","7":"product_cat-montures-go-to","9":"first","10":"instock","11":"sale","12":"taxable","13":"shipping-taxable","14":"purchasable","15":"product-type-simple"},"acf":[],"_links":{"self":[{"href":"https:\/\/www.teleskopshop.ch\/fr\/wp-json\/wp\/v2\/product\/62800","targetHints":{"allow":["GET"]}}],"collection":[{"href":"https:\/\/www.teleskopshop.ch\/fr\/wp-json\/wp\/v2\/product"}],"about":[{"href":"https:\/\/www.teleskopshop.ch\/fr\/wp-json\/wp\/v2\/types\/product"}],"replies":[{"embeddable":true,"href":"https:\/\/www.teleskopshop.ch\/fr\/wp-json\/wp\/v2\/comments?post=62800"}],"wp:featuredmedia":[{"embeddable":true,"href":"https:\/\/www.teleskopshop.ch\/fr\/wp-json\/wp\/v2\/media\/4818"}],"wp:attachment":[{"href":"https:\/\/www.teleskopshop.ch\/fr\/wp-json\/wp\/v2\/media?parent=62800"}],"wp:term":[{"taxonomy":"product_brand","embeddable":true,"href":"https:\/\/www.teleskopshop.ch\/fr\/wp-json\/wp\/v2\/product_brand?post=62800"},{"taxonomy":"product_cat","embeddable":true,"href":"https:\/\/www.teleskopshop.ch\/fr\/wp-json\/wp\/v2\/product_cat?post=62800"},{"taxonomy":"product_tag","embeddable":true,"href":"https:\/\/www.teleskopshop.ch\/fr\/wp-json\/wp\/v2\/product_tag?post=62800"}],"curies":[{"name":"wp","href":"https:\/\/api.w.org\/{rel}","templated":true}]}}