{"id":62794,"date":"2022-05-09T00:00:00","date_gmt":"2022-05-08T22:00:00","guid":{"rendered":"https:\/\/2025.teleskopshop.ch\/shop\/non%20class\u00e9\/skywatcher-montierung-az-gti-mit-stativ\/"},"modified":"2025-09-23T16:24:33","modified_gmt":"2025-09-23T14:24:33","slug":"skywatcher-montierung-az-gti-mit-stativ","status":"publish","type":"product","link":"https:\/\/www.teleskopshop.ch\/fr\/shop\/montures\/montures-go-to\/skywatcher-montierung-az-gti-mit-stativ\/","title":{"rendered":"Skywatcher Montierung AZ-GTi mit Stativ"},"content":{"rendered":"<p>Die grossartige, neue inclusive Stativ nur 3,9 kg leichte und bequem transportable azimutale Skywatcher AZ-GTi Montierung besitzt ein eingebautes WLAN Modul, um mit Ihrem Smartphone oder Tablet mit der kostenlos verf\u00fcgbaren SynScan App f\u00fcr iOS und Android gesteuert zu werden. Die AZ-GTi Montierung erzeugt ein eigenes WLAN Netzwerk, so kann sie \u00fcberall eingesetzt werden, ohne abh\u00e4ngig von fremden WLAN Netzwerken zu sein. Nachdem Sie Ihre Koordinaten in die App eingegeben haben, f\u00fchren Sie eine einfache Ausrichtungsprozedur durch und sind schon bereit das Universum zu entdecken mit Hilfe des einfach zu bedienenden Touchscreen Menues. Die AZ-GTi stellt zusammen mit der SynScan App eine voll Computergesteuerte GoTo Montierung da, die Ihr Teleskop automatisch zu jedem gew\u00fcnschten Objekt der eingebauten, umfangreichen Datenbank mit \u00fcber 10.000 Himmelsobjekten f\u00fchren kann. Die Montierung ist mit der patentierten Skywatcher Freedom-Find\u2122 Doppel Encoder Technologie ausgestattet, welche es erlaubt, das Teleskop manuell in beiden Achsen zu bewegen, ohne die gespeicherten Positionsdaten zu verlieren. Das gibt dem Anwender enorme Freir\u00e4ume und erlaubt eine bequeme und flexible Beobachtung. Die Skywatcher AZ-GTi Montierung arbeitet sehr leise und bietet eine Zuladung von bis zu 5 kg. Zum Anschluss Ihres Teleskops ist sie mit einer Vixen\/Skywatcher &#8211; Style Schwalbenschwanzklemme ausgestattet. Lieferumfang: AZ-GTi Montierung Verl\u00e4ngerungss\u00e4ule Aluminium Stativ !Stromversorgung und Batterien sind nicht im Lieferumfang enthalten!<\/p>\n<p>Allgemein<\/p>\n<table>\n<tr>\n<td>Versandgewicht<\/td>\n<td>6.00kg<\/td>\n<\/tr>\n<\/table>\n<table>\n<tr>\n<td>Versandgr\u00f6\u00dfe<\/td>\n<td>115x27x25cm<\/td>\n<\/tr>\n<\/table>\n<p>Montierung<\/p>\n<table>\n<tr>\n<td>Typ<\/td>\n<td>Azimutale Computer Montierung mit Stativ<\/td>\n<\/tr>\n<\/table>\n<table>\n<tr>\n<td>GoTo<\/td>\n<td> ja <\/td>\n<\/tr>\n<\/table>\n<table>\n<tr>\n<td>Max. Zuladung visuell (kg)<\/td>\n<td>5.00<\/td>\n<\/tr>\n<\/table>\n<table>\n<tr>\n<td>Max. Zuladung photografisch (kg)<\/td>\n<td>5.00<\/td>\n<\/tr>\n<\/table>\n<table>\n<tr>\n<td>Montierungsgewicht gesamt (kg)<\/td>\n<td>3.90<\/td>\n<\/tr>\n<\/table>\n","protected":false},"excerpt":{"rendered":"<p>Die grossartige, neue inclusive Stativ nur 3,9 kg leichte und bequem transportable azimutale Skywatcher AZ-GTi Montierung besitzt ein eingebautes WLAN Modul, um mit Ihrem Smartphone oder Tablet mit der kostenlos verf\u00fcgbaren SynScan App f\u00fcr iOS und Android gesteuert zu werden. Die AZ-GTi Montierung erzeugt ein eigenes WLAN Netzwerk, so kann sie \u00fcberall eingesetzt werden, ohne [&hellip;]<\/p>\n","protected":false},"featured_media":4810,"comment_status":"closed","ping_status":"closed","template":"","meta":{"_acf_changed":false},"product_brand":[675],"product_cat":[1288],"product_tag":[],"class_list":{"0":"post-62794","1":"product","2":"type-product","3":"status-publish","4":"has-post-thumbnail","6":"product_brand-skywatcher","7":"product_cat-montures-go-to","9":"first","10":"instock","11":"sale","12":"taxable","13":"shipping-taxable","14":"purchasable","15":"product-type-simple"},"acf":[],"_links":{"self":[{"href":"https:\/\/www.teleskopshop.ch\/fr\/wp-json\/wp\/v2\/product\/62794","targetHints":{"allow":["GET"]}}],"collection":[{"href":"https:\/\/www.teleskopshop.ch\/fr\/wp-json\/wp\/v2\/product"}],"about":[{"href":"https:\/\/www.teleskopshop.ch\/fr\/wp-json\/wp\/v2\/types\/product"}],"replies":[{"embeddable":true,"href":"https:\/\/www.teleskopshop.ch\/fr\/wp-json\/wp\/v2\/comments?post=62794"}],"wp:featuredmedia":[{"embeddable":true,"href":"https:\/\/www.teleskopshop.ch\/fr\/wp-json\/wp\/v2\/media\/4810"}],"wp:attachment":[{"href":"https:\/\/www.teleskopshop.ch\/fr\/wp-json\/wp\/v2\/media?parent=62794"}],"wp:term":[{"taxonomy":"product_brand","embeddable":true,"href":"https:\/\/www.teleskopshop.ch\/fr\/wp-json\/wp\/v2\/product_brand?post=62794"},{"taxonomy":"product_cat","embeddable":true,"href":"https:\/\/www.teleskopshop.ch\/fr\/wp-json\/wp\/v2\/product_cat?post=62794"},{"taxonomy":"product_tag","embeddable":true,"href":"https:\/\/www.teleskopshop.ch\/fr\/wp-json\/wp\/v2\/product_tag?post=62794"}],"curies":[{"name":"wp","href":"https:\/\/api.w.org\/{rel}","templated":true}]}}