{"id":62791,"date":"2022-05-09T00:00:00","date_gmt":"2022-05-08T22:00:00","guid":{"rendered":"https:\/\/2025.teleskopshop.ch\/shop\/non%20class\u00e9\/skywatcher-montierung-az-gti\/"},"modified":"2025-01-25T11:56:54","modified_gmt":"2025-01-25T10:56:54","slug":"skywatcher-montierung-az-gti","status":"publish","type":"product","link":"https:\/\/www.teleskopshop.ch\/fr\/shop\/montures\/montures-go-to\/skywatcher-montierung-az-gti\/","title":{"rendered":"Monture Skywatcher AZ-GTi"},"content":{"rendered":"<p>Le nouveau support azimutal Skywatcher AZ-GTi, l\u00e9ger et facilement transportable, de seulement 1,3 kg, dispose d&rsquo;un module WLAN int\u00e9gr\u00e9 \u00e0 contr\u00f4ler avec votre smartphone ou votre tablette avec l&rsquo;application gratuite SynScan pour iOS et Android. Le support AZ-GTi cr\u00e9e son propre r\u00e9seau WiFi, il peut donc \u00eatre utilis\u00e9 n&rsquo;importe o\u00f9 sans d\u00e9pendre de r\u00e9seaux WiFi tiers. Apr\u00e8s avoir entr\u00e9 vos coordonn\u00e9es dans l&rsquo;application, effectuez une proc\u00e9dure d&rsquo;alignement simple et vous \u00eates pr\u00eat \u00e0 explorer l&rsquo;univers \u00e0 l&rsquo;aide du menu tactile facile \u00e0 utiliser. Avec l&rsquo;application SynScan, l&rsquo;AZ-GTi est une monture GoTo enti\u00e8rement contr\u00f4l\u00e9e par ordinateur qui peut guider automatiquement votre t\u00e9lescope vers n&rsquo;importe quel objet souhait\u00e9 \u00e0 partir de la base de donn\u00e9es int\u00e9gr\u00e9e et \u00e9tendue de plus de 10 000 objets c\u00e9lestes. La monture est \u00e9quip\u00e9e de la technologie brevet\u00e9e de double encodeur Skywatcher Freedom-Find\u2122, qui permet au t\u00e9lescope d&rsquo;\u00eatre d\u00e9plac\u00e9 manuellement dans les deux axes sans perdre les donn\u00e9es de position stock\u00e9es. Cela donne \u00e0 l&rsquo;utilisateur une \u00e9norme libert\u00e9 et permet une observation pratique et flexible. Le support Skywatcher AZ-GTi fonctionne tr\u00e8s silencieusement et offre une charge utile allant jusqu&rsquo;\u00e0 5 kg. Pour connecter votre t\u00e9lescope, il est \u00e9quip\u00e9 d&rsquo;une pince \u00e0 queue d&rsquo;aronde de style Vixen\/Skywatcher. Contenu de la livraison&nbsp;: support AZ-GTi&nbsp;! L&rsquo;alimentation et les piles ne sont pas incluses&nbsp;!<\/p>\n<p>G\u00e9n\u00e9ralit\u00e9s<\/p>\n<table>\n<tr>\n<td>Poids<\/td>\n<p> d&rsquo;exp\u00e9dition <\/p>\n<td>1,3<\/td>\n<p> kg<\/tr>\n<\/table>\n<table>\n<tr>\n<td>Taille<\/td>\n<p> d&rsquo;exp\u00e9dition <\/p>\n<td>20x20x16cm<\/td>\n<\/tr>\n<\/table>\n<p>Monter<\/p>\n<table>\n<tr>\n<td>Type<\/td>\n<td>de support d&rsquo;ordinateur Azimut<\/td>\n<\/tr>\n<\/table>\n<table>\n<tr>\n<td>GoTo:<\/td>\n<td> oui <\/td>\n<\/tr>\n<\/table>\n<table>\n<tr>\n<td>Max. Charge utile visuelle (kg)<\/td>\n<td>5.00<\/td>\n<\/tr>\n<\/table>\n<table>\n<tr>\n<td>Max. Charge photographique (kg)<\/td>\n<td>5.00<\/td>\n<\/tr>\n<\/table>\n<table>\n<tr>\n<td>Poids total du support (kg)<\/td>\n<td>1,30<\/td>\n<\/tr>\n<\/table>\n","protected":false},"excerpt":{"rendered":"<p>Monture de t\u00e9lescope Skywatcher AZ-GTi avec GoTo et WLAN<\/p>\n","protected":false},"featured_media":4806,"comment_status":"closed","ping_status":"open","template":"","meta":{"_acf_changed":false},"product_brand":[675],"product_cat":[1288],"product_tag":[],"class_list":{"0":"post-62791","1":"product","2":"type-product","3":"status-publish","4":"has-post-thumbnail","6":"product_brand-skywatcher","7":"product_cat-montures-go-to","9":"first","10":"instock","11":"taxable","12":"shipping-taxable","13":"purchasable","14":"product-type-simple"},"acf":[],"_links":{"self":[{"href":"https:\/\/www.teleskopshop.ch\/fr\/wp-json\/wp\/v2\/product\/62791","targetHints":{"allow":["GET"]}}],"collection":[{"href":"https:\/\/www.teleskopshop.ch\/fr\/wp-json\/wp\/v2\/product"}],"about":[{"href":"https:\/\/www.teleskopshop.ch\/fr\/wp-json\/wp\/v2\/types\/product"}],"replies":[{"embeddable":true,"href":"https:\/\/www.teleskopshop.ch\/fr\/wp-json\/wp\/v2\/comments?post=62791"}],"wp:featuredmedia":[{"embeddable":true,"href":"https:\/\/www.teleskopshop.ch\/fr\/wp-json\/wp\/v2\/media\/4806"}],"wp:attachment":[{"href":"https:\/\/www.teleskopshop.ch\/fr\/wp-json\/wp\/v2\/media?parent=62791"}],"wp:term":[{"taxonomy":"product_brand","embeddable":true,"href":"https:\/\/www.teleskopshop.ch\/fr\/wp-json\/wp\/v2\/product_brand?post=62791"},{"taxonomy":"product_cat","embeddable":true,"href":"https:\/\/www.teleskopshop.ch\/fr\/wp-json\/wp\/v2\/product_cat?post=62791"},{"taxonomy":"product_tag","embeddable":true,"href":"https:\/\/www.teleskopshop.ch\/fr\/wp-json\/wp\/v2\/product_tag?post=62791"}],"curies":[{"name":"wp","href":"https:\/\/api.w.org\/{rel}","templated":true}]}}