{"id":62773,"date":"2022-05-09T00:00:00","date_gmt":"2022-05-08T22:00:00","guid":{"rendered":"https:\/\/2025.teleskopshop.ch\/shop\/non%20class\u00e9\/skywatcher-eq3-pro-synscan-aequatoriale-teleskop-montierung\/"},"modified":"2025-04-22T13:47:44","modified_gmt":"2025-04-22T11:47:44","slug":"skywatcher-eq3-pro-synscan-aequatoriale-teleskop-montierung","status":"publish","type":"product","link":"https:\/\/www.teleskopshop.ch\/fr\/shop\/montures\/montures-go-to\/skywatcher-eq3-pro-synscan-aequatoriale-teleskop-montierung\/","title":{"rendered":"Skywatcher EQ3 Pro SynScan \u00c4quatoriale Teleskop Montierung"},"content":{"rendered":"<p>Teleskop Montierung: Skywatcher bietet hier eine einfache L\u00f6sung f\u00fcr Hobbyastronomen an, die ihr kleines Teleskop auf eine bequeme Computergesteuerte Montierung setzen wollen, aber keine schwere HEQ5 oder EQ6 Montierung einsetzen m\u00f6chten. Die EQ3 Pro SynScanTM Montierung verwendet das gleiche GoTo System, das in der HEQ5 und EQ6 Pro SynScanTM Montierung eingesetzt wird. Es erlaubt dem Benutzer ein beliebiges Objekt einzustellen oder mit nur einem Knopfdruck eine gef\u00fchrte Tour \u00fcber den Nachthimmel zu starten. Die umfangreiche Datenbank enth\u00e4lt \u00fcber 42.900 Objekte des Nachthimmels. Die EQ3 Pro SynScanTM Montierung ist das perfekte Instrument f\u00fcr den Einsteiger in die visuelle Beobachtung oder Fotografie um das neue Hobby mit minimalem Aufbau Aufwand zu genie\u00dfen und ohne sich bereits perfekt am Himmel auszukennen. Die Skywatcher Montierung wird mit einem Aluminium Stativ geliefert. Beachten Sie bitte: Die Motorsteuerungsbox (zu sehen links von der Handsteuerbox im Bild) wurde designed um sie an einem Stativ mit 1,75&Prime; Edelstahl Beinen zu befestigen. Sie k\u00f6nnen Sie aber mit Klettband oder \u00e4hnlichem befestigen. Lieferumfang: EQ3 Pro SynScanTM Montierung Stativ mit Aluminium Beinen und Ablageplatte SynScan V.5 Handsteuerbox und Motorsteuerbox mit Kabeln Gegengewichte !Stromversorgung und Batterien sind nicht im Lieferumfang enthalten!<\/p>\n<p>Allgemein<\/p>\n<table>\n<tr>\n<td>Versandgewicht<\/td>\n<td>18.8kg<\/td>\n<\/tr>\n<\/table>\n<table>\n<tr>\n<td>Versandgr\u00f6\u00dfe<\/td>\n<td>104x45x27cm<\/td>\n<\/tr>\n<\/table>\n<p>Montierung<\/p>\n<table>\n<tr>\n<td>Typ<\/td>\n<td>\u00c4quatoriale motorisierte Montierung<\/td>\n<\/tr>\n<\/table>\n<table>\n<tr>\n<td>GoTo<\/td>\n<td> ja <\/td>\n<\/tr>\n<\/table>\n<table>\n<tr>\n<td>Max. Zuladung visuell (kg)<\/td>\n<td>5.00<\/td>\n<\/tr>\n<\/table>\n<table>\n<tr>\n<td>Montierungsgewicht gesamt (kg)<\/td>\n<td>13.90<\/td>\n<\/tr>\n<\/table>\n","protected":false},"excerpt":{"rendered":"<p>Teleskop Montierung: Skywatcher bietet hier eine einfache L\u00f6sung f\u00fcr Hobbyastronomen an, die ihr kleines Teleskop auf eine bequeme Computergesteuerte Montierung setzen wollen, aber keine schwere HEQ5 oder EQ6 Montierung einsetzen m\u00f6chten. Die EQ3 Pro SynScanTM Montierung verwendet das gleiche GoTo System, das in der HEQ5 und EQ6 Pro SynScanTM Montierung eingesetzt wird. Es erlaubt dem [&hellip;]<\/p>\n","protected":false},"featured_media":4782,"comment_status":"closed","ping_status":"closed","template":"","meta":{"_acf_changed":false},"product_brand":[675],"product_cat":[1288],"product_tag":[],"class_list":{"0":"post-62773","1":"product","2":"type-product","3":"status-publish","4":"has-post-thumbnail","6":"product_brand-skywatcher","7":"product_cat-montures-go-to","9":"first","10":"instock","11":"sale","12":"taxable","13":"shipping-taxable","14":"purchasable","15":"product-type-simple"},"acf":[],"_links":{"self":[{"href":"https:\/\/www.teleskopshop.ch\/fr\/wp-json\/wp\/v2\/product\/62773","targetHints":{"allow":["GET"]}}],"collection":[{"href":"https:\/\/www.teleskopshop.ch\/fr\/wp-json\/wp\/v2\/product"}],"about":[{"href":"https:\/\/www.teleskopshop.ch\/fr\/wp-json\/wp\/v2\/types\/product"}],"replies":[{"embeddable":true,"href":"https:\/\/www.teleskopshop.ch\/fr\/wp-json\/wp\/v2\/comments?post=62773"}],"wp:featuredmedia":[{"embeddable":true,"href":"https:\/\/www.teleskopshop.ch\/fr\/wp-json\/wp\/v2\/media\/4782"}],"wp:attachment":[{"href":"https:\/\/www.teleskopshop.ch\/fr\/wp-json\/wp\/v2\/media?parent=62773"}],"wp:term":[{"taxonomy":"product_brand","embeddable":true,"href":"https:\/\/www.teleskopshop.ch\/fr\/wp-json\/wp\/v2\/product_brand?post=62773"},{"taxonomy":"product_cat","embeddable":true,"href":"https:\/\/www.teleskopshop.ch\/fr\/wp-json\/wp\/v2\/product_cat?post=62773"},{"taxonomy":"product_tag","embeddable":true,"href":"https:\/\/www.teleskopshop.ch\/fr\/wp-json\/wp\/v2\/product_tag?post=62773"}],"curies":[{"name":"wp","href":"https:\/\/api.w.org\/{rel}","templated":true}]}}