{"id":62767,"date":"2022-05-09T00:00:00","date_gmt":"2022-05-08T22:00:00","guid":{"rendered":"https:\/\/2025.teleskopshop.ch\/shop\/non%20class\u00e9\/skywatcher-az-eq5gt-pro-synscan-teleskop-montierung\/"},"modified":"2025-04-22T13:44:07","modified_gmt":"2025-04-22T11:44:07","slug":"skywatcher-az-eq5gt-pro-synscan-teleskop-montierung","status":"publish","type":"product","link":"https:\/\/www.teleskopshop.ch\/fr\/shop\/montures\/montures-go-to\/skywatcher-az-eq5gt-pro-synscan-teleskop-montierung\/","title":{"rendered":"Skywatcher AZ EQ5GT Pro SynScan Teleskop Montierung"},"content":{"rendered":"<p>Die Teleskop Montierung: Die Skywatcher AZ-EQ5GT ist eine zweifach einsetzbare, voll Computergesteuerte schwere GoTo Teleskop Montierung f\u00fcr die Astronomie, die sowohl azimutal als auch \u00e4quatorial betrieben werden kann. Die Montierung wird \u00fcber eine spezielle SynScan Handsteuerbox mit Software f\u00fcr den AZ und EQ Modus geliefert und kann automatisch \u00fcber 42.900 Objekte aus ihrer Datenbank aufsuchen und Nachf\u00fchren. Im \u00c4quatorialen Modus kann die Montierung sowohl visuell als auch f\u00fcr die Astrofotografie eingesetzt werden. Im AZ Modus ist sie vorrangig f\u00fcr die visuelle Beobachtung gedacht, in diesem Modus ist es auch m\u00f6glich 2 Teleskope parallel gleichzeitig zu betreiben. Eine tolle Idee ist die patentierte \u00ab\u00a0Freedom-Find\u00a0\u00bb Doppelencoder Technologie. Diese erlaubt das manuelle freie Bewegen des Teleskopes in beiden Achsen, ohne das die Montierung die Positionsdaten verliert. Das gibt dem Beobachter enorme Freiheit und Komfort bei der Beobachtung. Lieferumfang: AZ-EQ5GT Montierung Stativ mit Edelstahl Beinen 2 Teleskopaufnahmen f\u00fcr Sky-Watcher\/Vixen Norm Schwalbenschwanzschienen SynScan Handsteuerbox\/Kabel 2St\u00fcck 3,5kg Gegengewichte !Stromversorgung und Batterien sind nicht im Lieferumfang enthalten!<\/p>\n","protected":false},"excerpt":{"rendered":"<p>Die Teleskop Montierung: Die Skywatcher AZ-EQ5GT ist eine zweifach einsetzbare, voll Computergesteuerte schwere GoTo Teleskop Montierung f\u00fcr die Astronomie, die sowohl azimutal als auch \u00e4quatorial betrieben werden kann. Die Montierung wird \u00fcber eine spezielle SynScan Handsteuerbox mit Software f\u00fcr den AZ und EQ Modus geliefert und kann automatisch \u00fcber 42.900 Objekte aus ihrer Datenbank aufsuchen [&hellip;]<\/p>\n","protected":false},"featured_media":4774,"comment_status":"closed","ping_status":"closed","template":"","meta":{"_acf_changed":false},"product_brand":[675],"product_cat":[1288],"product_tag":[],"class_list":{"0":"post-62767","1":"product","2":"type-product","3":"status-publish","4":"has-post-thumbnail","6":"product_brand-skywatcher","7":"product_cat-montures-go-to","9":"first","10":"instock","11":"sale","12":"taxable","13":"shipping-taxable","14":"purchasable","15":"product-type-simple"},"acf":[],"_links":{"self":[{"href":"https:\/\/www.teleskopshop.ch\/fr\/wp-json\/wp\/v2\/product\/62767","targetHints":{"allow":["GET"]}}],"collection":[{"href":"https:\/\/www.teleskopshop.ch\/fr\/wp-json\/wp\/v2\/product"}],"about":[{"href":"https:\/\/www.teleskopshop.ch\/fr\/wp-json\/wp\/v2\/types\/product"}],"replies":[{"embeddable":true,"href":"https:\/\/www.teleskopshop.ch\/fr\/wp-json\/wp\/v2\/comments?post=62767"}],"wp:featuredmedia":[{"embeddable":true,"href":"https:\/\/www.teleskopshop.ch\/fr\/wp-json\/wp\/v2\/media\/4774"}],"wp:attachment":[{"href":"https:\/\/www.teleskopshop.ch\/fr\/wp-json\/wp\/v2\/media?parent=62767"}],"wp:term":[{"taxonomy":"product_brand","embeddable":true,"href":"https:\/\/www.teleskopshop.ch\/fr\/wp-json\/wp\/v2\/product_brand?post=62767"},{"taxonomy":"product_cat","embeddable":true,"href":"https:\/\/www.teleskopshop.ch\/fr\/wp-json\/wp\/v2\/product_cat?post=62767"},{"taxonomy":"product_tag","embeddable":true,"href":"https:\/\/www.teleskopshop.ch\/fr\/wp-json\/wp\/v2\/product_tag?post=62767"}],"curies":[{"name":"wp","href":"https:\/\/api.w.org\/{rel}","templated":true}]}}