{"id":62764,"date":"2022-05-09T00:00:00","date_gmt":"2022-05-08T22:00:00","guid":{"rendered":"https:\/\/2025.teleskopshop.ch\/shop\/non%20class\u00e9\/teleskop-montierung-skytee-2-mit-edelstahl-stativ\/"},"modified":"2025-01-25T11:50:15","modified_gmt":"2025-01-25T10:50:15","slug":"teleskop-montierung-skytee-2-mit-edelstahl-stativ","status":"publish","type":"product","link":"https:\/\/www.teleskopshop.ch\/fr\/shop\/montures\/montures-azimutales\/teleskop-montierung-skytee-2-mit-edelstahl-stativ\/","title":{"rendered":"Monture de t\u00e9lescope Skytee 2 avec tr\u00e9pied en acier inoxydable"},"content":{"rendered":"<p>L&rsquo;OVL Skytee-2 est une monture azimutale lourde capable de faire fonctionner en parall\u00e8le 2 t\u00e9lescopes pesant chacun jusqu&rsquo;\u00e0 15 kg. Il y a un accouplement \u00e0 queue d&rsquo;aronde de type Skywatcher\/Vixen de chaque c\u00f4t\u00e9 du support. Les axes peuvent \u00eatre r\u00e9gl\u00e9s finement manuellement via des arbres de commande. Les contrepoids Skywatcher peuvent \u00eatre utilis\u00e9s sur la barre de contrepoids int\u00e9gr\u00e9e. Le tr\u00e9pied stable avec pieds en acier inoxydable, qui est \u00e9galement utilis\u00e9 avec la monture EQ5, est inclus dans la livraison. Contenu de la livraison : tr\u00e9pied EQ5 \u00e0 monture azimutale Skytee-2 avec plaque de rangement L&rsquo;alimentation et les piles ne sont pas incluses dans la livraison !<\/p>\n<p>G\u00e9n\u00e9ral<\/p>\n<table>\n<tr>Poids d&rsquo; <\/p>\n<td>exp\u00e9dition<\/td>\n<td>6,5 kg \/ 6 kg<\/td>\n<\/tr>\n<\/table>\n<table>\n<tr>Taille d&rsquo; <\/p>\n<td>exp\u00e9dition<\/td>\n<td>39x34x23cm \/ 90x20x20cm<\/td>\n<\/tr>\n<\/table>\n<p>monter<\/p>\n<table>\n<tr>Monture manuelle de <\/p>\n<td>type<\/td>\n<td>Azimuth pour 2 t\u00e9lescopes<\/td>\n<\/tr>\n<\/table>\n<table>\n<tr>\n<td>Max. Charge utile visuelle (kg)<\/td>\n<td>15,00 par c\u00f4t\u00e9<\/td>\n<\/tr>\n<\/table>\n<table>\n<tr>\n<td>Poids total du support (kg)<\/td>\n<td>9,40<\/td>\n<\/tr>\n<\/table>\n","protected":false},"excerpt":{"rendered":"<p>Monture azimutale lourde pour 2 t\u00e9lescopes avec tr\u00e9pied en acier inoxydable<\/p>\n","protected":false},"featured_media":4770,"comment_status":"closed","ping_status":"open","template":"","meta":{"_acf_changed":false},"product_brand":[677],"product_cat":[1282],"product_tag":[],"class_list":{"0":"post-62764","1":"product","2":"type-product","3":"status-publish","4":"has-post-thumbnail","6":"product_brand-skytee","7":"product_cat-montures-azimutales","9":"first","10":"instock","11":"taxable","12":"shipping-taxable","13":"purchasable","14":"product-type-simple"},"acf":[],"_links":{"self":[{"href":"https:\/\/www.teleskopshop.ch\/fr\/wp-json\/wp\/v2\/product\/62764","targetHints":{"allow":["GET"]}}],"collection":[{"href":"https:\/\/www.teleskopshop.ch\/fr\/wp-json\/wp\/v2\/product"}],"about":[{"href":"https:\/\/www.teleskopshop.ch\/fr\/wp-json\/wp\/v2\/types\/product"}],"replies":[{"embeddable":true,"href":"https:\/\/www.teleskopshop.ch\/fr\/wp-json\/wp\/v2\/comments?post=62764"}],"wp:featuredmedia":[{"embeddable":true,"href":"https:\/\/www.teleskopshop.ch\/fr\/wp-json\/wp\/v2\/media\/4770"}],"wp:attachment":[{"href":"https:\/\/www.teleskopshop.ch\/fr\/wp-json\/wp\/v2\/media?parent=62764"}],"wp:term":[{"taxonomy":"product_brand","embeddable":true,"href":"https:\/\/www.teleskopshop.ch\/fr\/wp-json\/wp\/v2\/product_brand?post=62764"},{"taxonomy":"product_cat","embeddable":true,"href":"https:\/\/www.teleskopshop.ch\/fr\/wp-json\/wp\/v2\/product_cat?post=62764"},{"taxonomy":"product_tag","embeddable":true,"href":"https:\/\/www.teleskopshop.ch\/fr\/wp-json\/wp\/v2\/product_tag?post=62764"}],"curies":[{"name":"wp","href":"https:\/\/api.w.org\/{rel}","templated":true}]}}