{"id":62761,"date":"2022-05-09T00:00:00","date_gmt":"2022-05-08T22:00:00","guid":{"rendered":"https:\/\/2025.teleskopshop.ch\/shop\/non%20class\u00e9\/skywatcher-az4-schwere-azimutale-teleskop-montierung\/"},"modified":"2025-01-25T11:50:12","modified_gmt":"2025-01-25T10:50:12","slug":"skywatcher-az4-schwere-azimutale-teleskop-montierung","status":"publish","type":"product","link":"https:\/\/www.teleskopshop.ch\/fr\/shop\/montures\/montures-azimutales\/skywatcher-az4-schwere-azimutale-teleskop-montierung\/","title":{"rendered":"Skywatcher AZ4 Support de t\u00e9lescope \u00e0 azimut lourd"},"content":{"rendered":"<p>Monture de t\u00e9lescope : la monture de t\u00e9lescope Skywatcher AZ4 Azimuth tant attendue est parfaite pour les astronomes et les observateurs terrestres. Le support contient deux embrayages s\u00e9par\u00e9s pour l&rsquo;altitude et le mouvement horizontal et un bras pivotant qui peut \u00eatre fix\u00e9 dans 2 positions diff\u00e9rentes. Les mouvements sont fluides et les t\u00e9lescopes peuvent \u00eatre ajust\u00e9s avec pr\u00e9cision. Le tube du t\u00e9lescope est fix\u00e9 \u00e0 l&rsquo;aide d&rsquo;un rail \u00e0 queue d&rsquo;aronde Sky-Watcher standard. L&rsquo;ensemble comprend \u00e9galement un rail en L pour fixer facilement une longue-vue ou une cam\u00e9ra. Inclus est un tr\u00e9pied avec des pieds en aluminium l\u00e9gers pour une portabilit\u00e9 facile. Le Sky-Watcher D150\/F1200 Newton (Explorer-150PL) est recommand\u00e9 comme charge utile maximale. Contenu de la livraison&nbsp;: tr\u00e9pied \u00e0 montage azimutal avec pieds en aluminium et rail en L&nbsp;! L&rsquo;alimentation et les piles ne sont pas incluses&nbsp;!<\/p>\n<p>G\u00e9n\u00e9ral<\/p>\n<table>\n<tr>\n<td>Poids<\/td>\n<p> d&rsquo;exp\u00e9dition <\/p>\n<td>7,7 kg<\/td>\n<\/tr>\n<\/table>\n<table>\n<tr>\n<td>Taille<\/td>\n<p> d&rsquo;exp\u00e9dition <\/p>\n<td>121&#215;22.5x21cm<\/td>\n<\/tr>\n<\/table>\n<p>monter<\/p>\n<table>\n<tr>\n<td>Type<\/td>\n<td>Montage manuel en azimut<\/td>\n<\/tr>\n<\/table>\n<table>\n<tr>\n<td>Max. Charge utile visuelle (kg)<\/td>\n<td>6.00<\/td>\n<\/tr>\n<\/table>\n<table>\n<tr>\n<td>Poids total de la monture (kg)<\/td>\n<td>6,70<\/td>\n<\/tr>\n<\/table>\n","protected":false},"excerpt":{"rendered":"<p>Support de t\u00e9lescope Skywatcher Heavy Azimuth avec tr\u00e9pied et pieds en aluminium<\/p>\n","protected":false},"featured_media":4754,"comment_status":"closed","ping_status":"open","template":"","meta":{"_acf_changed":false},"product_brand":[675],"product_cat":[1282],"product_tag":[],"class_list":{"0":"post-62761","1":"product","2":"type-product","3":"status-publish","4":"has-post-thumbnail","6":"product_brand-skywatcher","7":"product_cat-montures-azimutales","9":"first","10":"instock","11":"taxable","12":"shipping-taxable","13":"purchasable","14":"product-type-simple"},"acf":[],"_links":{"self":[{"href":"https:\/\/www.teleskopshop.ch\/fr\/wp-json\/wp\/v2\/product\/62761","targetHints":{"allow":["GET"]}}],"collection":[{"href":"https:\/\/www.teleskopshop.ch\/fr\/wp-json\/wp\/v2\/product"}],"about":[{"href":"https:\/\/www.teleskopshop.ch\/fr\/wp-json\/wp\/v2\/types\/product"}],"replies":[{"embeddable":true,"href":"https:\/\/www.teleskopshop.ch\/fr\/wp-json\/wp\/v2\/comments?post=62761"}],"wp:featuredmedia":[{"embeddable":true,"href":"https:\/\/www.teleskopshop.ch\/fr\/wp-json\/wp\/v2\/media\/4754"}],"wp:attachment":[{"href":"https:\/\/www.teleskopshop.ch\/fr\/wp-json\/wp\/v2\/media?parent=62761"}],"wp:term":[{"taxonomy":"product_brand","embeddable":true,"href":"https:\/\/www.teleskopshop.ch\/fr\/wp-json\/wp\/v2\/product_brand?post=62761"},{"taxonomy":"product_cat","embeddable":true,"href":"https:\/\/www.teleskopshop.ch\/fr\/wp-json\/wp\/v2\/product_cat?post=62761"},{"taxonomy":"product_tag","embeddable":true,"href":"https:\/\/www.teleskopshop.ch\/fr\/wp-json\/wp\/v2\/product_tag?post=62761"}],"curies":[{"name":"wp","href":"https:\/\/api.w.org\/{rel}","templated":true}]}}