{"id":62755,"date":"2022-05-09T00:00:00","date_gmt":"2022-05-08T22:00:00","guid":{"rendered":"https:\/\/2025.teleskopshop.ch\/shop\/non%20class\u00e9\/skywatcher-star-adventurer-astro-foto-komplettset\/"},"modified":"2025-03-03T09:21:22","modified_gmt":"2025-03-03T08:21:22","slug":"skywatcher-star-adventurer-astro-foto-komplettset","status":"publish","type":"product","link":"https:\/\/www.teleskopshop.ch\/fr\/shop\/montures\/montures-equatoriales\/skywatcher-star-adventurer-astro-foto-komplettset\/","title":{"rendered":"Skywatcher Star Adventurer 2i WiFi Pro Pack"},"content":{"rendered":"<p>Die Montierung: Der Benutzerfreundliche Skywatcher Star Adventurer bietet viele unterschiedliche Kombinationen um alle Ihre Anforderungen an die Astrofotografie und Zeitrafferfotografie zu erf\u00fcllen. Es ist eine hochpr\u00e4zise, portable und stabile Nachf\u00fchr Plattform mit siderischer, solarer und lunarer Nachf\u00fchrung sowie automatischem Fernausl\u00f6ser f\u00fcr Ihre DSLR Kamera. Aber es kann noch mehr: Es enth\u00e4lt vorprogrammierte Parameter um bei der Aufnahme von interessanten Zeitraffervideos mit Ihrer DSLR zu helfen. Das Star Adventurer Foto Set enth\u00e4lt die Montierung, eine Polh\u00f6henwiege, einen L-Halter, einen Adapter zum Anschlu\u00df eines Kugelkopfes, ein Gegengewicht mit Stange und ein beleuchtetes Polsucher Fernrohr. Skywatcher Fernausl\u00f6serkabel f\u00fcr die meisten bekannten Kameramodelle k\u00f6nnen optional bezogen werden. Das Ganze erhalten Sie jetzt komplett in einer sch\u00f6nen Geschenkverpackung. Der Skywatcher Star Adventurer kann auf jedes Standard Fotostativ mit 1\/4&Prime; oder 3\/8&Prime; Schraube montiert werden. Ihre Kamera k\u00f6nnen Sie bei diesem Set direkt mit der 1\/4&Prime; Schraube auf dem L-Halter montieren. Dieser erlaubt es auch mit dem Gegengewicht kleine Teleskope wie den SkyMax-90 auf dem Star Adventurer zu verwenden. Ein kleines Teleskop und eine Kamera k\u00f6nnen auch gleichzeitig montiert werden. (Sie brauchen dazu einen Kugelkopf (nicht im Lieferumfang) und den L-Halter. Ebenfalls k\u00f6nnen so 2 Kamera gleichzeitig betrieben werden. (Stativ, Kameras und Teleskope nicht im Lieferumfang) Lieferumfang: Star Adventurer Montierung Montageplatte Polsucher Beleuchtung Polh\u00f6henwiege L-Halter Gegengewichtsstange mit Gegengewicht Geschenkverpackung Abgebildete Kameras, Smartphones \/ Halter, Teleskope mit Zubeh\u00f6r, Kugelk\u00f6pfe und Stative geh\u00f6ren nicht zum Lieferumfang! !Stromversorgung und Batterien sind nicht im Lieferumfang enthalten!<\/p>\n","protected":false},"excerpt":{"rendered":"<p>Die Montierung: Der Benutzerfreundliche Skywatcher Star Adventurer bietet viele unterschiedliche Kombinationen um alle Ihre Anforderungen an die Astrofotografie und Zeitrafferfotografie zu erf\u00fcllen. Es ist eine hochpr\u00e4zise, portable und stabile Nachf\u00fchr Plattform mit siderischer, solarer und lunarer Nachf\u00fchrung sowie automatischem Fernausl\u00f6ser f\u00fcr Ihre DSLR Kamera. Aber es kann noch mehr: Es enth\u00e4lt vorprogrammierte Parameter um bei [&hellip;]<\/p>\n","protected":false},"featured_media":4730,"comment_status":"closed","ping_status":"closed","template":"","meta":{"_acf_changed":false},"product_brand":[675],"product_cat":[1333],"product_tag":[],"class_list":{"0":"post-62755","1":"product","2":"type-product","3":"status-publish","4":"has-post-thumbnail","6":"product_brand-skywatcher","7":"product_cat-montures-equatoriales","9":"first","10":"instock","11":"sale","12":"taxable","13":"shipping-taxable","14":"purchasable","15":"product-type-simple"},"acf":[],"_links":{"self":[{"href":"https:\/\/www.teleskopshop.ch\/fr\/wp-json\/wp\/v2\/product\/62755","targetHints":{"allow":["GET"]}}],"collection":[{"href":"https:\/\/www.teleskopshop.ch\/fr\/wp-json\/wp\/v2\/product"}],"about":[{"href":"https:\/\/www.teleskopshop.ch\/fr\/wp-json\/wp\/v2\/types\/product"}],"replies":[{"embeddable":true,"href":"https:\/\/www.teleskopshop.ch\/fr\/wp-json\/wp\/v2\/comments?post=62755"}],"wp:featuredmedia":[{"embeddable":true,"href":"https:\/\/www.teleskopshop.ch\/fr\/wp-json\/wp\/v2\/media\/4730"}],"wp:attachment":[{"href":"https:\/\/www.teleskopshop.ch\/fr\/wp-json\/wp\/v2\/media?parent=62755"}],"wp:term":[{"taxonomy":"product_brand","embeddable":true,"href":"https:\/\/www.teleskopshop.ch\/fr\/wp-json\/wp\/v2\/product_brand?post=62755"},{"taxonomy":"product_cat","embeddable":true,"href":"https:\/\/www.teleskopshop.ch\/fr\/wp-json\/wp\/v2\/product_cat?post=62755"},{"taxonomy":"product_tag","embeddable":true,"href":"https:\/\/www.teleskopshop.ch\/fr\/wp-json\/wp\/v2\/product_tag?post=62755"}],"curies":[{"name":"wp","href":"https:\/\/api.w.org\/{rel}","templated":true}]}}