{"id":62752,"date":"2022-05-09T00:00:00","date_gmt":"2022-05-08T22:00:00","guid":{"rendered":"https:\/\/2025.teleskopshop.ch\/shop\/non%20class\u00e9\/skywatcher-eq5-aequatoriale-manuelle-teleskop-montierung\/"},"modified":"2025-01-25T11:56:57","modified_gmt":"2025-01-25T10:56:57","slug":"skywatcher-eq5-aequatoriale-manuelle-teleskop-montierung","status":"publish","type":"product","link":"https:\/\/www.teleskopshop.ch\/fr\/shop\/montures\/montures-equatoriales\/skywatcher-eq5-aequatoriale-manuelle-teleskop-montierung\/","title":{"rendered":"Monture de t\u00e9lescope manuel \u00e9quatorial Skywatcher EQ5"},"content":{"rendered":"<p>La monture : La tr\u00e8s stable monture de t\u00e9lescope \u00e9quatorial Sky-Watcher EQ5 offre une pr\u00e9cision et une stabilit\u00e9 excellentes et offre \u00e9galement \u00e0 l&rsquo;astronome exp\u00e9riment\u00e9 de nombreuses fonctions utiles. Le support repose sur un grand tr\u00e9pied r\u00e9glable avec des pieds en acier inoxydable et un plateau pour les accessoires. Il est \u00e9quip\u00e9 d&rsquo;un niveau \u00e0 bulle pour le nivellement et d&rsquo;un r\u00e9glage de la hauteur du m\u00e2t avec une \u00e9chelle microm\u00e9trique ainsi que d&rsquo;un r\u00e9glage d&rsquo;azimut pour le r\u00e9glage du m\u00e2t. De plus, il poss\u00e8de des cercles gradu\u00e9s grav\u00e9s et des boutons de commande pour le suivi manuel. Un chercheur polaire est disponible en option pour un alignement pr\u00e9cis avec le p\u00f4le c\u00e9leste. Le support peut \u00e9galement \u00eatre \u00e9quip\u00e9 en option d&rsquo;un suivi en RA ou sur les deux axes et d&rsquo;une commande SynScan GoTo. Contenu de la livraison&nbsp;: tr\u00e9pied \u00e0 monture \u00e9quatoriale EQ5 avec pieds en acier inoxydable et contrepoids de plateau&nbsp;! L&rsquo;alimentation et les piles ne sont pas incluses&nbsp;!<\/p>\n<p>G\u00e9n\u00e9ralit\u00e9s<\/p>\n<table>\n<tr>\n<td>Poids<\/td>\n<p> d&rsquo;exp\u00e9dition <\/p>\n<td>25,9 kg<\/td>\n<\/tr>\n<\/table>\n<table>\n<tr>\n<td>Taille<\/td>\n<p> d&rsquo;exp\u00e9dition <\/p>\n<td>106&#215;45.5x26cm<\/td>\n<\/tr>\n<\/table>\n<p>Monter<\/p>\n<table>\n<tr>\n<td>Type<\/td>\n<td>: Monture manuelle \u00e9quatoriale<\/td>\n<\/tr>\n<\/table>\n<table>\n<tr>\n<td>Max. Charge utile visuelle (kg)<\/td>\n<td>10.00<\/td>\n<\/tr>\n<\/table>\n<table>\n<tr>\n<td>Poids total de la monture (kg)<\/td>\n<td>22,30<\/td>\n<\/tr>\n<\/table>\n","protected":false},"excerpt":{"rendered":"<p>Monture de t\u00e9lescope \u00e9quatorial Skywatcher avec tr\u00e9pied avec pieds en acier inoxydable<\/p>\n","protected":false},"featured_media":4726,"comment_status":"closed","ping_status":"open","template":"","meta":{"_acf_changed":false},"product_brand":[675],"product_cat":[1333],"product_tag":[],"class_list":{"0":"post-62752","1":"product","2":"type-product","3":"status-publish","4":"has-post-thumbnail","6":"product_brand-skywatcher","7":"product_cat-montures-equatoriales","9":"first","10":"instock","11":"taxable","12":"shipping-taxable","13":"purchasable","14":"product-type-simple"},"acf":[],"_links":{"self":[{"href":"https:\/\/www.teleskopshop.ch\/fr\/wp-json\/wp\/v2\/product\/62752","targetHints":{"allow":["GET"]}}],"collection":[{"href":"https:\/\/www.teleskopshop.ch\/fr\/wp-json\/wp\/v2\/product"}],"about":[{"href":"https:\/\/www.teleskopshop.ch\/fr\/wp-json\/wp\/v2\/types\/product"}],"replies":[{"embeddable":true,"href":"https:\/\/www.teleskopshop.ch\/fr\/wp-json\/wp\/v2\/comments?post=62752"}],"wp:featuredmedia":[{"embeddable":true,"href":"https:\/\/www.teleskopshop.ch\/fr\/wp-json\/wp\/v2\/media\/4726"}],"wp:attachment":[{"href":"https:\/\/www.teleskopshop.ch\/fr\/wp-json\/wp\/v2\/media?parent=62752"}],"wp:term":[{"taxonomy":"product_brand","embeddable":true,"href":"https:\/\/www.teleskopshop.ch\/fr\/wp-json\/wp\/v2\/product_brand?post=62752"},{"taxonomy":"product_cat","embeddable":true,"href":"https:\/\/www.teleskopshop.ch\/fr\/wp-json\/wp\/v2\/product_cat?post=62752"},{"taxonomy":"product_tag","embeddable":true,"href":"https:\/\/www.teleskopshop.ch\/fr\/wp-json\/wp\/v2\/product_tag?post=62752"}],"curies":[{"name":"wp","href":"https:\/\/api.w.org\/{rel}","templated":true}]}}