{"id":62749,"date":"2022-05-09T00:00:00","date_gmt":"2022-05-08T22:00:00","guid":{"rendered":"https:\/\/2025.teleskopshop.ch\/shop\/non%20class\u00e9\/skywatcher-eq3-2-aequatoriale-manuelle-teleskop-montierung\/"},"modified":"2025-01-25T11:56:57","modified_gmt":"2025-01-25T10:56:57","slug":"skywatcher-eq3-2-aequatoriale-manuelle-teleskop-montierung","status":"publish","type":"product","link":"https:\/\/www.teleskopshop.ch\/fr\/shop\/montures\/montures-equatoriales\/skywatcher-eq3-2-aequatoriale-manuelle-teleskop-montierung\/","title":{"rendered":"Monture de t\u00e9lescope manuel \u00e9quatorial Skywatcher EQ3-2"},"content":{"rendered":"<p>La monture : La monture de t\u00e9lescope Sky-Watcher EQ3-2 de haute qualit\u00e9 re\u00e7oit les \u00e9loges des observateurs exp\u00e9riment\u00e9s. Cette monture robuste offre une pr\u00e9cision et une stabilit\u00e9 \u00e9lev\u00e9es ainsi que la possibilit\u00e9 de s&rsquo;\u00e9tendre davantage pour l&rsquo;astronome exp\u00e9riment\u00e9. Le support repose sur un grand tr\u00e9pied en aluminium r\u00e9glable avec une \u00e9tag\u00e8re. Un niveau \u00e0 bulle permet de niveler le support rapidement et avec pr\u00e9cision. Les boutons de mouvement fin permettent un suivi manuel continu des objets c\u00e9lestes. Le support comprend des engrenages de suivi \u00e0 360\u00b0 dans les deux axes (RA et DEC). Les cercles m\u00e9talliques gradu\u00e9s permettent de r\u00e9gler rapidement les objets \u00e0 l&rsquo;aide de coordonn\u00e9es c\u00e9lestes. Un chercheur polaire est disponible en option pour un alignement polaire plus pr\u00e9cis. La monture peut \u00e9ventuellement \u00eatre \u00e9quip\u00e9e ult\u00e9rieurement d&rsquo;un suivi motoris\u00e9 en ascension droite ou dans les deux axes ou d&rsquo;une commande SynScan GoTo. Contenu de la livraison : tr\u00e9pied en aluminium \u00e0 monture \u00e9quatoriale EQ3-2 avec contrepoids \u00e0 plaque de stockage ! L&rsquo;alimentation et les piles ne sont pas incluses dans la livraison !<\/p>\n<p>G\u00e9n\u00e9ralit\u00e9s<\/p>\n<table>\n<tr>\n<td>Poids<\/td>\n<p> d&rsquo;exp\u00e9dition <\/p>\n<td>13,8 kg<\/td>\n<\/tr>\n<\/table>\n<table>\n<tr>\n<td>Taille<\/td>\n<p> d&rsquo;exp\u00e9dition <\/p>\n<td>87x44x25cm<\/td>\n<\/tr>\n<\/table>\n<p>Monter<\/p>\n<table>\n<tr>\n<td>Type<\/td>\n<td>: Monture manuelle \u00e9quatoriale<\/td>\n<\/tr>\n<\/table>\n<table>\n<tr>\n<td>Max. Charge utile visuelle (kg)<\/td>\n<td>5.00<\/td>\n<\/tr>\n<\/table>\n<table>\n<tr>\n<td>Poids total du support (kg)<\/td>\n<td>13,00<\/td>\n<\/tr>\n<\/table>\n","protected":false},"excerpt":{"rendered":"<p>Monture de t\u00e9lescope \u00e9quatorial Skywatcher avec tr\u00e9pied avec pieds en aluminium<\/p>\n","protected":false},"featured_media":4722,"comment_status":"closed","ping_status":"open","template":"","meta":{"_acf_changed":false},"product_brand":[675],"product_cat":[1333],"product_tag":[],"class_list":{"0":"post-62749","1":"product","2":"type-product","3":"status-publish","4":"has-post-thumbnail","6":"product_brand-skywatcher","7":"product_cat-montures-equatoriales","9":"first","10":"instock","11":"taxable","12":"shipping-taxable","13":"purchasable","14":"product-type-simple"},"acf":[],"_links":{"self":[{"href":"https:\/\/www.teleskopshop.ch\/fr\/wp-json\/wp\/v2\/product\/62749","targetHints":{"allow":["GET"]}}],"collection":[{"href":"https:\/\/www.teleskopshop.ch\/fr\/wp-json\/wp\/v2\/product"}],"about":[{"href":"https:\/\/www.teleskopshop.ch\/fr\/wp-json\/wp\/v2\/types\/product"}],"replies":[{"embeddable":true,"href":"https:\/\/www.teleskopshop.ch\/fr\/wp-json\/wp\/v2\/comments?post=62749"}],"wp:featuredmedia":[{"embeddable":true,"href":"https:\/\/www.teleskopshop.ch\/fr\/wp-json\/wp\/v2\/media\/4722"}],"wp:attachment":[{"href":"https:\/\/www.teleskopshop.ch\/fr\/wp-json\/wp\/v2\/media?parent=62749"}],"wp:term":[{"taxonomy":"product_brand","embeddable":true,"href":"https:\/\/www.teleskopshop.ch\/fr\/wp-json\/wp\/v2\/product_brand?post=62749"},{"taxonomy":"product_cat","embeddable":true,"href":"https:\/\/www.teleskopshop.ch\/fr\/wp-json\/wp\/v2\/product_cat?post=62749"},{"taxonomy":"product_tag","embeddable":true,"href":"https:\/\/www.teleskopshop.ch\/fr\/wp-json\/wp\/v2\/product_tag?post=62749"}],"curies":[{"name":"wp","href":"https:\/\/api.w.org\/{rel}","templated":true}]}}