{"id":62746,"date":"2022-05-09T00:00:00","date_gmt":"2022-05-08T22:00:00","guid":{"rendered":"https:\/\/2025.teleskopshop.ch\/shop\/non%20class\u00e9\/skywatcher-eq2-aequatoriale-manuelle-teleskop-montierung\/"},"modified":"2025-01-25T11:50:14","modified_gmt":"2025-01-25T10:50:14","slug":"skywatcher-eq2-aequatoriale-manuelle-teleskop-montierung","status":"publish","type":"product","link":"https:\/\/www.teleskopshop.ch\/fr\/shop\/montures\/montures-equatoriales\/skywatcher-eq2-aequatoriale-manuelle-teleskop-montierung\/","title":{"rendered":"Monture de t\u00e9lescope manuel \u00e9quatorial Skywatcher EQ2"},"content":{"rendered":"<p>La monture : La monture de t\u00e9lescope \u00e9quatorial Sky-Watcher EQ2 convient aussi bien \u00e0 l&rsquo;astronome novice qu&rsquo;\u00e0 l&rsquo;astronome exp\u00e9riment\u00e9. Il est stable et comprend un grand tr\u00e9pied en aluminium enti\u00e8rement r\u00e9glable avec une grande \u00e9tag\u00e8re. Cette monture est \u00e9quip\u00e9e d&rsquo;engrenages de suivi \u00e0 360\u00b0 dans les deux axes (ascension droite et d\u00e9clinaison) actionn\u00e9s par des arbres flexibles. Un objet peut \u00eatre d\u00e9fini \u00e0 l&rsquo;aide des coordonn\u00e9es RA et DEC via des cercles de pas m\u00e9talliques. Il y a un r\u00e9glage de la hauteur du p\u00f4le pour un alignement pr\u00e9cis avec le p\u00f4le c\u00e9leste. En option, la monture peut \u00eatre \u00e9quip\u00e9e d&rsquo;un moteur dans l&rsquo;axe RA pour un suivi automatique. Contenu de la livraison : Monture \u00e9quatoriale EQ2 avec tiges de commande, contrepoids, tr\u00e9pied en aluminium avec plaque de rangement !L&rsquo;alimentation \u00e9lectrique et les piles ne sont pas comprises dans la livraison !<\/p>\n<p>G\u00e9n\u00e9ral<\/p>\n<table>\n<tr>\n<td>Poids<\/td>\n<p> d&rsquo;exp\u00e9dition <\/p>\n<td>10,2 kg<\/td>\n<\/tr>\n<\/table>\n<table>\n<tr>\n<td>Taille<\/td>\n<p> d&rsquo;exp\u00e9dition <\/p>\n<td>110x25x25cm<\/td>\n<\/tr>\n<\/table>\n<p>monter<\/p>\n<table>\n<tr>\n<td>Monture<\/td>\n<td>manuelle \u00e9quatoriale<\/td>\n<\/tr>\n<\/table>\n<table>\n<tr>\n<td>Max. Charge utile visuelle (kg)<\/td>\n<td>4.00<\/td>\n<\/tr>\n<\/table>\n<table>\n<tr>\n<td>Poids total du support (kg)<\/td>\n<td>7,00<\/td>\n<\/tr>\n<\/table>\n","protected":false},"excerpt":{"rendered":"<p>Monture de t\u00e9lescope \u00e9quatorial Skywatcher avec tr\u00e9pied avec pieds en aluminium<\/p>\n","protected":false},"featured_media":4718,"comment_status":"closed","ping_status":"open","template":"","meta":{"_acf_changed":false},"product_brand":[675],"product_cat":[1333],"product_tag":[],"class_list":{"0":"post-62746","1":"product","2":"type-product","3":"status-publish","4":"has-post-thumbnail","6":"product_brand-skywatcher","7":"product_cat-montures-equatoriales","9":"first","10":"instock","11":"taxable","12":"shipping-taxable","13":"purchasable","14":"product-type-simple"},"acf":[],"_links":{"self":[{"href":"https:\/\/www.teleskopshop.ch\/fr\/wp-json\/wp\/v2\/product\/62746","targetHints":{"allow":["GET"]}}],"collection":[{"href":"https:\/\/www.teleskopshop.ch\/fr\/wp-json\/wp\/v2\/product"}],"about":[{"href":"https:\/\/www.teleskopshop.ch\/fr\/wp-json\/wp\/v2\/types\/product"}],"replies":[{"embeddable":true,"href":"https:\/\/www.teleskopshop.ch\/fr\/wp-json\/wp\/v2\/comments?post=62746"}],"wp:featuredmedia":[{"embeddable":true,"href":"https:\/\/www.teleskopshop.ch\/fr\/wp-json\/wp\/v2\/media\/4718"}],"wp:attachment":[{"href":"https:\/\/www.teleskopshop.ch\/fr\/wp-json\/wp\/v2\/media?parent=62746"}],"wp:term":[{"taxonomy":"product_brand","embeddable":true,"href":"https:\/\/www.teleskopshop.ch\/fr\/wp-json\/wp\/v2\/product_brand?post=62746"},{"taxonomy":"product_cat","embeddable":true,"href":"https:\/\/www.teleskopshop.ch\/fr\/wp-json\/wp\/v2\/product_cat?post=62746"},{"taxonomy":"product_tag","embeddable":true,"href":"https:\/\/www.teleskopshop.ch\/fr\/wp-json\/wp\/v2\/product_tag?post=62746"}],"curies":[{"name":"wp","href":"https:\/\/api.w.org\/{rel}","templated":true}]}}