{"id":62740,"date":"2022-05-09T00:00:00","date_gmt":"2022-05-08T22:00:00","guid":{"rendered":"https:\/\/2025.teleskopshop.ch\/shop\/non%20class\u00e9\/skywatcher-deluxe-2-teleskop-zenitspiegel\/"},"modified":"2025-01-25T11:48:29","modified_gmt":"2025-01-25T10:48:29","slug":"skywatcher-deluxe-2-teleskop-zenitspiegel","status":"publish","type":"product","link":"https:\/\/www.teleskopshop.ch\/fr\/shop\/optique\/extensions-optiques\/miroirs-diagonaux-et-prismes\/skywatcher-deluxe-2-teleskop-zenitspiegel\/","title":{"rendered":"Skywatcher Deluxe 2&Prime; diagonale d&rsquo;\u00e9toile de t\u00e9lescope"},"content":{"rendered":"<p>Le miroir Sky-Watcher de haute qualit\u00e9 dans ces diagonales en \u00e9toile a re\u00e7u un rev\u00eatement di\u00e9lectrique hautement r\u00e9fl\u00e9chissant dans un processus de rev\u00eatement multiple sp\u00e9cial, de sorte qu&rsquo;il peut transmettre 99 % de la lumi\u00e8re incidente et permet ainsi une luminosit\u00e9 et un contraste particuli\u00e8rement \u00e9lev\u00e9s. (Les diagonales normales des miroirs ne refl\u00e8tent g\u00e9n\u00e9ralement que 90 \u00e0 95 % de la lumi\u00e8re) Contenu de la livraison : Miroir di\u00e9lectrique 2&Prime; 90\u00b0 Adaptateur di\u00e9lectrique pour capuchons anti-poussi\u00e8re 1,25&Prime; ! L&rsquo;alimentation et les piles ne sont pas incluses dans la livraison !<\/p>\n<p>G\u00e9n\u00e9ral<\/p>\n<table>\n<tr>\n<td>Poids<\/td>\n<p> d&rsquo;exp\u00e9dition <\/p>\n<td>0,589 kg<\/td>\n<\/tr>\n<\/table>\n<table>\n<tr>\n<td>Taille<\/td>\n<p> d&rsquo;exp\u00e9dition <\/p>\n<td>19.5&#215;12.5&#215;11.5cm<\/td>\n<\/tr>\n<\/table>\n<p>\u00e9quipement<\/p>\n<table>\n<tr>Diagonale en \u00e9toile de <\/p>\n<td>type<\/td>\n<td>avec rev\u00eatement di\u00e9lectrique \u00e0 99&nbsp;%<\/td>\n<\/tr>\n<\/table>\n<table>\n<tr>\n<td>connexion<\/td>\n<td>2&Prime;<\/td>\n<\/tr>\n<\/table>\n<table>\n<tr>Rev\u00eatement <\/p>\n<td>Di\u00e9lectrique Rev\u00eatement miroir \u00e0 99<\/td>\n<td>%<\/td>\n<\/tr>\n<\/table>\n","protected":false},"excerpt":{"rendered":"<p>Diagonale en \u00e9toile du t\u00e9lescope Skywatcher Deluxe avec rev\u00eatement di\u00e9lectrique \u00e0 99 %<\/p>\n","protected":false},"featured_media":5994,"comment_status":"closed","ping_status":"open","template":"","meta":{"_acf_changed":false},"product_brand":[675],"product_cat":[1651,1339],"product_tag":[],"class_list":{"0":"post-62740","1":"product","2":"type-product","3":"status-publish","4":"has-post-thumbnail","6":"product_brand-skywatcher","7":"product_cat-miroirs-diagonaux-et-prismes","8":"product_cat-optique","10":"first","11":"instock","12":"taxable","13":"shipping-taxable","14":"purchasable","15":"product-type-simple"},"acf":[],"_links":{"self":[{"href":"https:\/\/www.teleskopshop.ch\/fr\/wp-json\/wp\/v2\/product\/62740","targetHints":{"allow":["GET"]}}],"collection":[{"href":"https:\/\/www.teleskopshop.ch\/fr\/wp-json\/wp\/v2\/product"}],"about":[{"href":"https:\/\/www.teleskopshop.ch\/fr\/wp-json\/wp\/v2\/types\/product"}],"replies":[{"embeddable":true,"href":"https:\/\/www.teleskopshop.ch\/fr\/wp-json\/wp\/v2\/comments?post=62740"}],"wp:featuredmedia":[{"embeddable":true,"href":"https:\/\/www.teleskopshop.ch\/fr\/wp-json\/wp\/v2\/media\/5994"}],"wp:attachment":[{"href":"https:\/\/www.teleskopshop.ch\/fr\/wp-json\/wp\/v2\/media?parent=62740"}],"wp:term":[{"taxonomy":"product_brand","embeddable":true,"href":"https:\/\/www.teleskopshop.ch\/fr\/wp-json\/wp\/v2\/product_brand?post=62740"},{"taxonomy":"product_cat","embeddable":true,"href":"https:\/\/www.teleskopshop.ch\/fr\/wp-json\/wp\/v2\/product_cat?post=62740"},{"taxonomy":"product_tag","embeddable":true,"href":"https:\/\/www.teleskopshop.ch\/fr\/wp-json\/wp\/v2\/product_tag?post=62740"}],"curies":[{"name":"wp","href":"https:\/\/api.w.org\/{rel}","templated":true}]}}