{"id":62734,"date":"2022-05-09T00:00:00","date_gmt":"2022-05-08T22:00:00","guid":{"rendered":"https:\/\/2025.teleskopshop.ch\/shop\/non%20class\u00e9\/skywatcher-2-90-grad-teleskop-zenitspiegel\/"},"modified":"2025-01-25T11:48:29","modified_gmt":"2025-01-25T10:48:29","slug":"skywatcher-2-90-grad-teleskop-zenitspiegel","status":"publish","type":"product","link":"https:\/\/www.teleskopshop.ch\/fr\/shop\/optique\/extensions-optiques\/miroirs-diagonaux-et-prismes\/skywatcher-2-90-grad-teleskop-zenitspiegel\/","title":{"rendered":"Diagonale d&rsquo;\u00e9toile de t\u00e9lescope Skywatcher 2&Prime; \u00e0 90 degr\u00e9s"},"content":{"rendered":"<p>La diagonale en \u00e9toile Sky-Watcher \u00e0 90 degr\u00e9s avec r\u00e9ceptacles de 2&Prime; est une pi\u00e8ce standard pour de nombreux t\u00e9lescopes. Elle permet une vue confortable du t\u00e9lescope au z\u00e9nith. Vous voyez les objets dans l&rsquo;oculaire droit mais invers\u00e9. Un adaptateur d&rsquo;oculaire pour oculaires de 1,25&Prime; est inclus. Contenu de la livraison : 2&Prime; diagonale en \u00e9toile \u00e0 90\u00b0 avec adaptateur pour capuchons anti-poussi\u00e8re de 1,25&Prime; ! L&rsquo;alimentation \u00e9lectrique et les piles ne sont pas comprises dans la livraison !<\/p>\n<p>G\u00e9n\u00e9ral<\/p>\n<table>\n<tr>\n<td>Poids<\/td>\n<p> d&rsquo;exp\u00e9dition <\/p>\n<td>0,616 kg<\/td>\n<\/tr>\n<\/table>\n<table>\n<tr>\n<td>Taille<\/td>\n<p> d&rsquo;exp\u00e9dition <\/p>\n<td>14x10x9cm<\/td>\n<\/tr>\n<\/table>\n<p>\u00e9quipement<\/p>\n<table>\n<tr>\n<td>Type<\/td>\n<td>\u00e9toile diagonale 90\u00b0<\/td>\n<\/tr>\n<\/table>\n<table>\n<tr>\n<td>connexion<\/td>\n<td>2&Prime;<\/td>\n<\/tr>\n<\/table>\n","protected":false},"excerpt":{"rendered":"<p>T\u00e9lescope Skywatcher \u00e9toile diagonale 2&Prime; 90 degr\u00e9s<\/p>\n","protected":false},"featured_media":5966,"comment_status":"closed","ping_status":"open","template":"","meta":{"_acf_changed":false},"product_brand":[675],"product_cat":[1651,1339],"product_tag":[],"class_list":{"0":"post-62734","1":"product","2":"type-product","3":"status-publish","4":"has-post-thumbnail","6":"product_brand-skywatcher","7":"product_cat-miroirs-diagonaux-et-prismes","8":"product_cat-optique","10":"first","11":"instock","12":"taxable","13":"shipping-taxable","14":"purchasable","15":"product-type-simple"},"acf":[],"_links":{"self":[{"href":"https:\/\/www.teleskopshop.ch\/fr\/wp-json\/wp\/v2\/product\/62734","targetHints":{"allow":["GET"]}}],"collection":[{"href":"https:\/\/www.teleskopshop.ch\/fr\/wp-json\/wp\/v2\/product"}],"about":[{"href":"https:\/\/www.teleskopshop.ch\/fr\/wp-json\/wp\/v2\/types\/product"}],"replies":[{"embeddable":true,"href":"https:\/\/www.teleskopshop.ch\/fr\/wp-json\/wp\/v2\/comments?post=62734"}],"wp:featuredmedia":[{"embeddable":true,"href":"https:\/\/www.teleskopshop.ch\/fr\/wp-json\/wp\/v2\/media\/5966"}],"wp:attachment":[{"href":"https:\/\/www.teleskopshop.ch\/fr\/wp-json\/wp\/v2\/media?parent=62734"}],"wp:term":[{"taxonomy":"product_brand","embeddable":true,"href":"https:\/\/www.teleskopshop.ch\/fr\/wp-json\/wp\/v2\/product_brand?post=62734"},{"taxonomy":"product_cat","embeddable":true,"href":"https:\/\/www.teleskopshop.ch\/fr\/wp-json\/wp\/v2\/product_cat?post=62734"},{"taxonomy":"product_tag","embeddable":true,"href":"https:\/\/www.teleskopshop.ch\/fr\/wp-json\/wp\/v2\/product_tag?post=62734"}],"curies":[{"name":"wp","href":"https:\/\/api.w.org\/{rel}","templated":true}]}}