{"id":62731,"date":"2022-05-09T00:00:00","date_gmt":"2022-05-08T22:00:00","guid":{"rendered":"https:\/\/2025.teleskopshop.ch\/shop\/non%20class\u00e9\/teleskop-flip-mirror-zenitspiegel\/"},"modified":"2025-01-25T11:54:56","modified_gmt":"2025-01-25T10:54:56","slug":"teleskop-flip-mirror-zenitspiegel","status":"publish","type":"product","link":"https:\/\/www.teleskopshop.ch\/fr\/shop\/optique\/extensions-optiques\/miroirs-diagonaux-et-prismes\/teleskop-flip-mirror-zenitspiegel\/","title":{"rendered":"T\u00e9lescope flip miroir \u00e9toile diagonale"},"content":{"rendered":"<p>D&rsquo;OVL pour une photographie CCD pratique avec votre t\u00e9lescope. L&rsquo;unit\u00e9 a un canon de 1,25&Prime; avec un filetage de filtre standard int\u00e9gr\u00e9 d&rsquo;un c\u00f4t\u00e9 pour la fixation au t\u00e9lescope et un filetage T2x0,75&Prime; de l&rsquo;autre c\u00f4t\u00e9 pour la fixation d&rsquo;une cam\u00e9ra CCD. Un port d&rsquo;oculaire de mise au point h\u00e9lico\u00efdal de 1,25&Prime; est situ\u00e9 sur le dessus pour l&rsquo;observation visuelle. En mode visuel, le miroir interne actionn\u00e9 par levier est \u00e0 un angle de 45\u00b0 pour rediriger la lumi\u00e8re vers l&rsquo;oculaire pour une mise au point ou un champ de vision facile. En mode enregistrement, le miroir est pli\u00e9 hors du trajet du faisceau et la lumi\u00e8re frappe directement la cam\u00e9ra. Un adaptateur pour fixer des cam\u00e9ras avec une connexion de 1,25&Prime; est disponible s\u00e9par\u00e9ment. (Prod. Code 20287) Attention : Vous avez besoin d&rsquo;une mise au point arri\u00e8re suppl\u00e9mentaire de 80 mm par rapport \u00e0 la position de mise au point normale pour compenser le trajet lumineux du Flip Mirror ! Contenu de la livraison : Flip Mirror ! L&rsquo;alimentation et les piles ne sont pas incluses !<\/p>\n<p>G\u00e9n\u00e9ral<\/p>\n<table>\n<tr>\n<td>Poids<\/td>\n<p> d&rsquo;exp\u00e9dition <\/p>\n<td>0,375 kg<\/td>\n<\/tr>\n<\/table>\n<table>\n<tr>\n<td>Taille<\/td>\n<p> d&rsquo;exp\u00e9dition <\/p>\n<td>15&#215;13.5&#215;7.5cm<\/td>\n<\/tr>\n<\/table>\n<p>\u00e9quipement<\/p>\n<table>\n<tr>\n<td>Type<\/td>\n<td>Flip Mirror \u00e9toile diagonale<\/td>\n<\/tr>\n<\/table>\n<table>\n<tr>\n<td>Connexion<\/td>\n<td>1.25&Prime; et T2<\/td>\n<\/tr>\n<\/table>\n","protected":false},"excerpt":{"rendered":"<p>Diagonale en \u00e9toile du t\u00e9lescope pour la connexion simultan\u00e9e de la cam\u00e9ra et de l&rsquo;oculaire ou de 2 oculaires<\/p>\n","protected":false},"featured_media":5758,"comment_status":"closed","ping_status":"open","template":"","meta":{"_acf_changed":false},"product_brand":[681],"product_cat":[1651,1339],"product_tag":[],"class_list":{"0":"post-62731","1":"product","2":"type-product","3":"status-publish","4":"has-post-thumbnail","6":"product_brand-sonstige","7":"product_cat-miroirs-diagonaux-et-prismes","8":"product_cat-optique","10":"first","11":"instock","12":"taxable","13":"shipping-taxable","14":"purchasable","15":"product-type-simple"},"acf":[],"_links":{"self":[{"href":"https:\/\/www.teleskopshop.ch\/fr\/wp-json\/wp\/v2\/product\/62731","targetHints":{"allow":["GET"]}}],"collection":[{"href":"https:\/\/www.teleskopshop.ch\/fr\/wp-json\/wp\/v2\/product"}],"about":[{"href":"https:\/\/www.teleskopshop.ch\/fr\/wp-json\/wp\/v2\/types\/product"}],"replies":[{"embeddable":true,"href":"https:\/\/www.teleskopshop.ch\/fr\/wp-json\/wp\/v2\/comments?post=62731"}],"wp:featuredmedia":[{"embeddable":true,"href":"https:\/\/www.teleskopshop.ch\/fr\/wp-json\/wp\/v2\/media\/5758"}],"wp:attachment":[{"href":"https:\/\/www.teleskopshop.ch\/fr\/wp-json\/wp\/v2\/media?parent=62731"}],"wp:term":[{"taxonomy":"product_brand","embeddable":true,"href":"https:\/\/www.teleskopshop.ch\/fr\/wp-json\/wp\/v2\/product_brand?post=62731"},{"taxonomy":"product_cat","embeddable":true,"href":"https:\/\/www.teleskopshop.ch\/fr\/wp-json\/wp\/v2\/product_cat?post=62731"},{"taxonomy":"product_tag","embeddable":true,"href":"https:\/\/www.teleskopshop.ch\/fr\/wp-json\/wp\/v2\/product_tag?post=62731"}],"curies":[{"name":"wp","href":"https:\/\/api.w.org\/{rel}","templated":true}]}}