{"id":62728,"date":"2022-05-09T00:00:00","date_gmt":"2022-05-08T22:00:00","guid":{"rendered":"https:\/\/2025.teleskopshop.ch\/shop\/non%20class\u00e9\/skywatcher-90-grad-teleskop-zenitspiegel\/"},"modified":"2025-01-25T11:55:04","modified_gmt":"2025-01-25T10:55:04","slug":"skywatcher-90-grad-teleskop-zenitspiegel","status":"publish","type":"product","link":"https:\/\/www.teleskopshop.ch\/fr\/shop\/optique\/extensions-optiques\/miroirs-diagonaux-et-prismes\/skywatcher-90-grad-teleskop-zenitspiegel\/","title":{"rendered":"Diagonale en \u00e9toile du t\u00e9lescope \u00e0 90 degr\u00e9s Skywatcher"},"content":{"rendered":"<p>La diagonale d&rsquo;\u00e9toile Skywatcher \u00e0 90 degr\u00e9s avec douilles de 1,25&Prime; est une pi\u00e8ce standard pour de nombreux t\u00e9lescopes. Elle permet une vue confortable du t\u00e9lescope au z\u00e9nith. Vous voyez les objets dans l&rsquo;oculaire \u00e0 la verticale mais \u00e0 l&rsquo;envers. Contenu de la livraison : \u00e9toile de 1,25&Prime; \u00e0 90\u00b0 Capuchons anti-poussi\u00e8re en diagonale L&rsquo;alimentation et les piles ne sont pas incluses !<\/p>\n<p>G\u00e9n\u00e9ral<\/p>\n<table>\n<tr>\n<td>Poids<\/td>\n<p> d&rsquo;exp\u00e9dition <\/p>\n<td>0,146 kg<\/td>\n<\/tr>\n<\/table>\n<table>\n<tr>\n<td>Taille<\/td>\n<p> d&rsquo;exp\u00e9dition <\/p>\n<td>11x7x5cm<\/td>\n<\/tr>\n<\/table>\n<p>\u00e9quipement<\/p>\n<table>\n<tr>\n<td>Type<\/td>\n<td>\u00e9toile diagonale 90\u00b0<\/td>\n<\/tr>\n<\/table>\n<table>\n<tr>\n<td>Connexion<\/td>\n<td>1.25&Prime;<\/td>\n<\/tr>\n<\/table>\n","protected":false},"excerpt":{"rendered":"<p>Diagonale \u00e9toile du t\u00e9lescope Skywatcher 1.25&Prime; 90 degr\u00e9s<\/p>\n","protected":false},"featured_media":5982,"comment_status":"closed","ping_status":"open","template":"","meta":{"_acf_changed":false},"product_brand":[675],"product_cat":[1651,1339],"product_tag":[],"class_list":{"0":"post-62728","1":"product","2":"type-product","3":"status-publish","4":"has-post-thumbnail","6":"product_brand-skywatcher","7":"product_cat-miroirs-diagonaux-et-prismes","8":"product_cat-optique","10":"first","11":"instock","12":"taxable","13":"shipping-taxable","14":"purchasable","15":"product-type-simple"},"acf":[],"_links":{"self":[{"href":"https:\/\/www.teleskopshop.ch\/fr\/wp-json\/wp\/v2\/product\/62728","targetHints":{"allow":["GET"]}}],"collection":[{"href":"https:\/\/www.teleskopshop.ch\/fr\/wp-json\/wp\/v2\/product"}],"about":[{"href":"https:\/\/www.teleskopshop.ch\/fr\/wp-json\/wp\/v2\/types\/product"}],"replies":[{"embeddable":true,"href":"https:\/\/www.teleskopshop.ch\/fr\/wp-json\/wp\/v2\/comments?post=62728"}],"wp:featuredmedia":[{"embeddable":true,"href":"https:\/\/www.teleskopshop.ch\/fr\/wp-json\/wp\/v2\/media\/5982"}],"wp:attachment":[{"href":"https:\/\/www.teleskopshop.ch\/fr\/wp-json\/wp\/v2\/media?parent=62728"}],"wp:term":[{"taxonomy":"product_brand","embeddable":true,"href":"https:\/\/www.teleskopshop.ch\/fr\/wp-json\/wp\/v2\/product_brand?post=62728"},{"taxonomy":"product_cat","embeddable":true,"href":"https:\/\/www.teleskopshop.ch\/fr\/wp-json\/wp\/v2\/product_cat?post=62728"},{"taxonomy":"product_tag","embeddable":true,"href":"https:\/\/www.teleskopshop.ch\/fr\/wp-json\/wp\/v2\/product_tag?post=62728"}],"curies":[{"name":"wp","href":"https:\/\/api.w.org\/{rel}","templated":true}]}}