{"id":62723,"date":"2022-05-09T00:00:00","date_gmt":"2022-05-08T22:00:00","guid":{"rendered":"https:\/\/2025.teleskopshop.ch\/shop\/non%20class\u00e9\/skywatcher-teleskop-sucherfernrohr-2\/"},"modified":"2025-01-25T11:54:45","modified_gmt":"2025-01-25T10:54:45","slug":"skywatcher-teleskop-sucherfernrohr-2","status":"publish","type":"product","link":"https:\/\/www.teleskopshop.ch\/fr\/shop\/optique\/viseur\/skywatcher-teleskop-sucherfernrohr-2\/","title":{"rendered":"Chercheur de t\u00e9lescope Skywatcher"},"content":{"rendered":"<p>Viseur standard Sky-Watcher 9&#215;50 directement pour le montage ult\u00e9rieur. Le support du chercheur s&rsquo;ins\u00e8re dans les chaussures de recherche standard des t\u00e9lescopes Sky-Watcher. Contenu de la livraison : viseur support de viseur ! L&rsquo;alimentation et les piles ne sont pas comprises dans la livraison !<\/p>\n<p>G\u00e9n\u00e9ral<\/p>\n<table>\n<tr>\n<td>Poids<\/td>\n<p> d&rsquo;exp\u00e9dition <\/p>\n<td>0,565 kg<\/td>\n<\/tr>\n<\/table>\n<table>\n<tr>\n<td>Taille<\/td>\n<p> d&rsquo;exp\u00e9dition <\/p>\n<td>24.5&#215;15.5&#215;9.5cm<\/td>\n<\/tr>\n<\/table>\n<p>\u00e9quipement<\/p>\n<table>\n<tr>Viseur droit de <\/p>\n<td>type<\/td>\n<td>viseur de 50 mm<\/td>\n<\/tr>\n<\/table>\n<table>\n<tr>Facteur de <\/p>\n<td>grossissement<\/td>\n<td>9x<\/td>\n<\/tr>\n<\/table>\n","protected":false},"excerpt":{"rendered":"<p>Chercheur de t\u00e9lescope Skywatcher 9&#215;50 viseur droit avec support pour sabot de chercheur standard<\/p>\n","protected":false},"featured_media":6062,"comment_status":"closed","ping_status":"open","template":"","meta":{"_acf_changed":false},"product_brand":[675],"product_cat":[1339,1564],"product_tag":[],"class_list":{"0":"post-62723","1":"product","2":"type-product","3":"status-publish","4":"has-post-thumbnail","6":"product_brand-skywatcher","7":"product_cat-optique","8":"product_cat-viseur","10":"first","11":"instock","12":"taxable","13":"shipping-taxable","14":"purchasable","15":"product-type-simple"},"acf":[],"_links":{"self":[{"href":"https:\/\/www.teleskopshop.ch\/fr\/wp-json\/wp\/v2\/product\/62723","targetHints":{"allow":["GET"]}}],"collection":[{"href":"https:\/\/www.teleskopshop.ch\/fr\/wp-json\/wp\/v2\/product"}],"about":[{"href":"https:\/\/www.teleskopshop.ch\/fr\/wp-json\/wp\/v2\/types\/product"}],"replies":[{"embeddable":true,"href":"https:\/\/www.teleskopshop.ch\/fr\/wp-json\/wp\/v2\/comments?post=62723"}],"wp:featuredmedia":[{"embeddable":true,"href":"https:\/\/www.teleskopshop.ch\/fr\/wp-json\/wp\/v2\/media\/6062"}],"wp:attachment":[{"href":"https:\/\/www.teleskopshop.ch\/fr\/wp-json\/wp\/v2\/media?parent=62723"}],"wp:term":[{"taxonomy":"product_brand","embeddable":true,"href":"https:\/\/www.teleskopshop.ch\/fr\/wp-json\/wp\/v2\/product_brand?post=62723"},{"taxonomy":"product_cat","embeddable":true,"href":"https:\/\/www.teleskopshop.ch\/fr\/wp-json\/wp\/v2\/product_cat?post=62723"},{"taxonomy":"product_tag","embeddable":true,"href":"https:\/\/www.teleskopshop.ch\/fr\/wp-json\/wp\/v2\/product_tag?post=62723"}],"curies":[{"name":"wp","href":"https:\/\/api.w.org\/{rel}","templated":true}]}}