{"id":62714,"date":"2022-05-09T00:00:00","date_gmt":"2022-05-08T22:00:00","guid":{"rendered":"https:\/\/2025.teleskopshop.ch\/shop\/non%20class\u00e9\/skywatcher-beleuchtetes-teleskop-sucherfernrohr-9x50\/"},"modified":"2025-01-25T11:48:34","modified_gmt":"2025-01-25T10:48:34","slug":"skywatcher-beleuchtetes-teleskop-sucherfernrohr-9x50","status":"publish","type":"product","link":"https:\/\/www.teleskopshop.ch\/fr\/shop\/optique\/viseur\/skywatcher-beleuchtetes-teleskop-sucherfernrohr-9x50\/","title":{"rendered":"Chercheur de t\u00e9lescope illumin\u00e9 Skywatcher 9&#215;50"},"content":{"rendered":"<p>Chercheur de t\u00e9lescope \u00e0 vue droite Skywatcher 9&#215;50 avec orientation astronomique pour t\u00e9lescopes. Le chercheur peut \u00eatre mont\u00e9 dans un sabot de chercheur standard. Il contient un \u00e9clairage en croix avec une LED rouge. Contenu de la livraison : T\u00e9lescope de recherche avec \u00e9clairage en croix Support de chercheur ! L&rsquo;alimentation \u00e9lectrique et les piles ne sont pas comprises dans la livraison !<\/p>\n<p>G\u00e9n\u00e9ral<\/p>\n<table>\n<tr>\n<td>Poids<\/td>\n<p> d&rsquo;exp\u00e9dition <\/p>\n<td>0,644 kg<\/td>\n<\/tr>\n<\/table>\n<table>\n<tr>\n<td>Taille<\/td>\n<p> d&rsquo;exp\u00e9dition <\/p>\n<td>25.5x7x6.5cm<\/td>\n<\/tr>\n<\/table>\n<p>\u00e9quipement<\/p>\n<table>\n<tr>Viseur droit de <\/p>\n<td>type<\/td>\n<td>50 mm sans \u00e9rection d&rsquo;image<\/td>\n<\/tr>\n<\/table>\n<table>\n<tr>Facteur de <\/p>\n<td>grossissement<\/td>\n<td>9x<\/td>\n<\/tr>\n<\/table>\n","protected":false},"excerpt":{"rendered":"<p>Chercheur de t\u00e9lescope \u00e0 vue droite Skywatcher 9&#215;50 avec orientation astronomique<\/p>\n","protected":false},"featured_media":6050,"comment_status":"closed","ping_status":"open","template":"","meta":{"_acf_changed":false},"product_brand":[675],"product_cat":[1339,1564],"product_tag":[],"class_list":{"0":"post-62714","1":"product","2":"type-product","3":"status-publish","4":"has-post-thumbnail","6":"product_brand-skywatcher","7":"product_cat-optique","8":"product_cat-viseur","10":"first","11":"instock","12":"taxable","13":"shipping-taxable","14":"purchasable","15":"product-type-simple"},"acf":[],"_links":{"self":[{"href":"https:\/\/www.teleskopshop.ch\/fr\/wp-json\/wp\/v2\/product\/62714","targetHints":{"allow":["GET"]}}],"collection":[{"href":"https:\/\/www.teleskopshop.ch\/fr\/wp-json\/wp\/v2\/product"}],"about":[{"href":"https:\/\/www.teleskopshop.ch\/fr\/wp-json\/wp\/v2\/types\/product"}],"replies":[{"embeddable":true,"href":"https:\/\/www.teleskopshop.ch\/fr\/wp-json\/wp\/v2\/comments?post=62714"}],"wp:featuredmedia":[{"embeddable":true,"href":"https:\/\/www.teleskopshop.ch\/fr\/wp-json\/wp\/v2\/media\/6050"}],"wp:attachment":[{"href":"https:\/\/www.teleskopshop.ch\/fr\/wp-json\/wp\/v2\/media?parent=62714"}],"wp:term":[{"taxonomy":"product_brand","embeddable":true,"href":"https:\/\/www.teleskopshop.ch\/fr\/wp-json\/wp\/v2\/product_brand?post=62714"},{"taxonomy":"product_cat","embeddable":true,"href":"https:\/\/www.teleskopshop.ch\/fr\/wp-json\/wp\/v2\/product_cat?post=62714"},{"taxonomy":"product_tag","embeddable":true,"href":"https:\/\/www.teleskopshop.ch\/fr\/wp-json\/wp\/v2\/product_tag?post=62714"}],"curies":[{"name":"wp","href":"https:\/\/api.w.org\/{rel}","templated":true}]}}