{"id":62711,"date":"2022-05-09T00:00:00","date_gmt":"2022-05-08T22:00:00","guid":{"rendered":"https:\/\/2025.teleskopshop.ch\/shop\/non%20class\u00e9\/skywatcher-beleuchtetes-teleskop-sucherfernrohr-6x30\/"},"modified":"2025-01-25T11:54:50","modified_gmt":"2025-01-25T10:54:50","slug":"skywatcher-beleuchtetes-teleskop-sucherfernrohr-6x30","status":"publish","type":"product","link":"https:\/\/www.teleskopshop.ch\/fr\/shop\/optique\/viseur\/skywatcher-beleuchtetes-teleskop-sucherfernrohr-6x30\/","title":{"rendered":"Chercheur de t\u00e9lescope \u00e9clair\u00e9 Skywatcher 6&#215;30"},"content":{"rendered":"<p>Chercheur de t\u00e9lescope \u00e0 vue droite Skywatcher 6&#215;30 avec orientation astronomique pour les petits t\u00e9lescopes. Le chercheur peut \u00eatre mont\u00e9 dans un sabot de chercheur standard. Il contient un \u00e9clairage en croix avec une LED rouge. Contenu de la livraison : T\u00e9lescope de recherche avec \u00e9clairage en croix Support de chercheur ! L&rsquo;alimentation \u00e9lectrique et les piles ne sont pas comprises dans la livraison !<\/p>\n<p>G\u00e9n\u00e9ral<\/p>\n<table>\n<tr>\n<td>Poids<\/td>\n<p> d&rsquo;exp\u00e9dition <\/p>\n<td>0,406 kg<\/td>\n<\/tr>\n<\/table>\n<table>\n<tr>\n<td>Taille<\/td>\n<p> d&rsquo;exp\u00e9dition <\/p>\n<td>26,5&#215;15,5x6cm<\/td>\n<\/tr>\n<\/table>\n<p>\u00e9quipement<\/p>\n<table>\n<tr>\n<td>Viseur droit de<\/td>\n<td>type<\/td>\n<p> 30 mm sans \u00e9rection d&rsquo;image<\/tr>\n<\/table>\n<table>\n<tr>Facteur de <\/p>\n<td>grossissement<\/td>\n<td>6x<\/td>\n<\/tr>\n<\/table>\n","protected":false},"excerpt":{"rendered":"<p>Chercheur de t\u00e9lescope \u00e0 vue droite Skywatcher 6&#215;30 avec orientation astronomique<\/p>\n","protected":false},"featured_media":6046,"comment_status":"closed","ping_status":"open","template":"","meta":{"_acf_changed":false},"product_brand":[675],"product_cat":[1339,1564],"product_tag":[],"class_list":{"0":"post-62711","1":"product","2":"type-product","3":"status-publish","4":"has-post-thumbnail","6":"product_brand-skywatcher","7":"product_cat-optique","8":"product_cat-viseur","10":"first","11":"instock","12":"taxable","13":"shipping-taxable","14":"purchasable","15":"product-type-simple"},"acf":[],"_links":{"self":[{"href":"https:\/\/www.teleskopshop.ch\/fr\/wp-json\/wp\/v2\/product\/62711","targetHints":{"allow":["GET"]}}],"collection":[{"href":"https:\/\/www.teleskopshop.ch\/fr\/wp-json\/wp\/v2\/product"}],"about":[{"href":"https:\/\/www.teleskopshop.ch\/fr\/wp-json\/wp\/v2\/types\/product"}],"replies":[{"embeddable":true,"href":"https:\/\/www.teleskopshop.ch\/fr\/wp-json\/wp\/v2\/comments?post=62711"}],"wp:featuredmedia":[{"embeddable":true,"href":"https:\/\/www.teleskopshop.ch\/fr\/wp-json\/wp\/v2\/media\/6046"}],"wp:attachment":[{"href":"https:\/\/www.teleskopshop.ch\/fr\/wp-json\/wp\/v2\/media?parent=62711"}],"wp:term":[{"taxonomy":"product_brand","embeddable":true,"href":"https:\/\/www.teleskopshop.ch\/fr\/wp-json\/wp\/v2\/product_brand?post=62711"},{"taxonomy":"product_cat","embeddable":true,"href":"https:\/\/www.teleskopshop.ch\/fr\/wp-json\/wp\/v2\/product_cat?post=62711"},{"taxonomy":"product_tag","embeddable":true,"href":"https:\/\/www.teleskopshop.ch\/fr\/wp-json\/wp\/v2\/product_tag?post=62711"}],"curies":[{"name":"wp","href":"https:\/\/api.w.org\/{rel}","templated":true}]}}