{"id":62705,"date":"2022-05-09T00:00:00","date_gmt":"2022-05-08T22:00:00","guid":{"rendered":"https:\/\/2025.teleskopshop.ch\/shop\/non%20class\u00e9\/skywatcher-9x50-teleskop-sucher-90-einblick\/"},"modified":"2025-01-25T11:48:33","modified_gmt":"2025-01-25T10:48:33","slug":"skywatcher-9x50-teleskop-sucher-90-einblick","status":"publish","type":"product","link":"https:\/\/www.teleskopshop.ch\/fr\/shop\/optique\/viseur\/skywatcher-9x50-teleskop-sucher-90-einblick\/","title":{"rendered":"Viseur de t\u00e9lescope Skywatcher 9&#215;50 vue \u00e0 90\u00b0"},"content":{"rendered":"<p>Ce chercheur d&rsquo;observation du ciel a une image droite et invers\u00e9e. Il est mont\u00e9 sur un support de recherche adapt\u00e9 aux chaussures de recherche standard Sky-Watcher. L&rsquo;image est identique \u00e0 celle vue \u00e0 travers une lunette ou un t\u00e9lescope Maksutov Cassegrain \u00e9quip\u00e9 d&rsquo;une diagonale en \u00e9toile. La vue \u00e0 90\u00b0 le rend beaucoup plus pratique \u00e0 utiliser qu&rsquo;un viseur droit conventionnel. Contenu de la livraison : viseur support de viseur ! L&rsquo;alimentation et les piles ne sont pas comprises dans la livraison !<\/p>\n<p>G\u00e9n\u00e9ral<\/p>\n<table>\n<tr>\n<td>Poids<\/td>\n<p> d&rsquo;exp\u00e9dition <\/p>\n<td>0,575 kg<\/td>\n<\/tr>\n<\/table>\n<table>\n<tr>\n<td>Taille<\/td>\n<p> d&rsquo;exp\u00e9dition <\/p>\n<td>25x9x15.5cm<\/td>\n<\/tr>\n<\/table>\n<p>\u00e9quipement<\/p>\n<table>\n<tr>\n<td>Type<\/td>\n<td>Viseur 50 mm 90\u00b0 droit\/invers\u00e9<\/td>\n<\/tr>\n<\/table>\n<table>\n<tr>Facteur de <\/p>\n<td>grossissement<\/td>\n<td>9x<\/td>\n<\/tr>\n<\/table>\n","protected":false},"excerpt":{"rendered":"<p>Viseur de t\u00e9lescope Skywatcher avec une vue confortable \u00e0 90\u00b0 et une image droite mais invers\u00e9e<\/p>\n","protected":false},"featured_media":6038,"comment_status":"closed","ping_status":"open","template":"","meta":{"_acf_changed":false},"product_brand":[675],"product_cat":[1339,1564],"product_tag":[],"class_list":{"0":"post-62705","1":"product","2":"type-product","3":"status-publish","4":"has-post-thumbnail","6":"product_brand-skywatcher","7":"product_cat-optique","8":"product_cat-viseur","10":"first","11":"instock","12":"taxable","13":"shipping-taxable","14":"purchasable","15":"product-type-simple"},"acf":[],"_links":{"self":[{"href":"https:\/\/www.teleskopshop.ch\/fr\/wp-json\/wp\/v2\/product\/62705","targetHints":{"allow":["GET"]}}],"collection":[{"href":"https:\/\/www.teleskopshop.ch\/fr\/wp-json\/wp\/v2\/product"}],"about":[{"href":"https:\/\/www.teleskopshop.ch\/fr\/wp-json\/wp\/v2\/types\/product"}],"replies":[{"embeddable":true,"href":"https:\/\/www.teleskopshop.ch\/fr\/wp-json\/wp\/v2\/comments?post=62705"}],"wp:featuredmedia":[{"embeddable":true,"href":"https:\/\/www.teleskopshop.ch\/fr\/wp-json\/wp\/v2\/media\/6038"}],"wp:attachment":[{"href":"https:\/\/www.teleskopshop.ch\/fr\/wp-json\/wp\/v2\/media?parent=62705"}],"wp:term":[{"taxonomy":"product_brand","embeddable":true,"href":"https:\/\/www.teleskopshop.ch\/fr\/wp-json\/wp\/v2\/product_brand?post=62705"},{"taxonomy":"product_cat","embeddable":true,"href":"https:\/\/www.teleskopshop.ch\/fr\/wp-json\/wp\/v2\/product_cat?post=62705"},{"taxonomy":"product_tag","embeddable":true,"href":"https:\/\/www.teleskopshop.ch\/fr\/wp-json\/wp\/v2\/product_tag?post=62705"}],"curies":[{"name":"wp","href":"https:\/\/api.w.org\/{rel}","templated":true}]}}