{"id":62690,"date":"2022-05-09T00:00:00","date_gmt":"2022-05-08T22:00:00","guid":{"rendered":"https:\/\/2025.teleskopshop.ch\/shop\/non%20class\u00e9\/fotomate-stativ-vt-6006-mit-2-wege-neiger\/"},"modified":"2025-01-25T11:46:06","modified_gmt":"2025-01-25T10:46:06","slug":"fotomate-stativ-vt-6006-mit-2-wege-neiger","status":"publish","type":"product","link":"https:\/\/www.teleskopshop.ch\/fr\/shop\/montures\/trepieds\/fotomate-fr\/fotomate-stativ-vt-6006-mit-2-wege-neiger\/","title":{"rendered":"Tr\u00e9pied Fotomate VT-6006 avec inclinaison bidirectionnelle"},"content":{"rendered":"<p>Le tr\u00e9pied Fotomate VT-6006 HD est id\u00e9al pour les cam\u00e9ras vid\u00e9o, les reflex num\u00e9riques et les appareils photo num\u00e9riques compacts, mais aussi pour les longues-vues et les petits t\u00e9lescopes jusqu&rsquo;\u00e0 100 mm et de nombreuses grandes jumelles jusqu&rsquo;\u00e0 100 mm. Il a une capacit\u00e9 de charge maximale de 6 kg et peut \u00eatre \u00e9tendu \u00e0 une hauteur de 172 cm lorsque la colonne centrale et tous les pieds sont compl\u00e8tement \u00e9tendus. La t\u00eate pivotante \u00e0 2 voies peut pivoter en douceur sur 360\u00b0 horizontalement et 150\u00b0 verticalement. Contenu de la livraison : Tr\u00e9pied avec t\u00eate de tr\u00e9pied Mallette de transport en nylon L&rsquo;alimentation et les piles ne sont pas incluses !<\/p>\n<p>G\u00e9n\u00e9ral<\/p>\n<table>\n<tr>\n<td>Poids<\/td>\n<p> d&rsquo;exp\u00e9dition <\/p>\n<td>3,0 kg<\/td>\n<\/tr>\n<\/table>\n<table>\n<tr>\n<td>Taille<\/td>\n<p> d&rsquo;exp\u00e9dition <\/p>\n<td>80x14x14cm<\/td>\n<\/tr>\n<\/table>\n<p>observation de la nature<\/p>\n<table>\n<tr>Tr\u00e9pied de <\/p>\n<td>type<\/td>\n<td>HD avec t\u00eate panoramique \u00e0 2 voies<\/td>\n<\/tr>\n<\/table>\n","protected":false},"excerpt":{"rendered":"<p>Tr\u00e9pied Fotomate HD 2D avec plaque \u00e0 d\u00e9gagement rapide<\/p>\n","protected":false},"featured_media":6650,"comment_status":"closed","ping_status":"open","template":"","meta":{"_acf_changed":false},"product_brand":[694],"product_cat":[1309,1279,1294],"product_tag":[],"class_list":{"0":"post-62690","1":"product","2":"type-product","3":"status-publish","4":"has-post-thumbnail","6":"product_brand-fotomate","7":"product_cat-fotomate-fr","8":"product_cat-montures","9":"product_cat-trepieds","11":"first","12":"instock","13":"taxable","14":"shipping-taxable","15":"purchasable","16":"product-type-simple"},"acf":[],"_links":{"self":[{"href":"https:\/\/www.teleskopshop.ch\/fr\/wp-json\/wp\/v2\/product\/62690","targetHints":{"allow":["GET"]}}],"collection":[{"href":"https:\/\/www.teleskopshop.ch\/fr\/wp-json\/wp\/v2\/product"}],"about":[{"href":"https:\/\/www.teleskopshop.ch\/fr\/wp-json\/wp\/v2\/types\/product"}],"replies":[{"embeddable":true,"href":"https:\/\/www.teleskopshop.ch\/fr\/wp-json\/wp\/v2\/comments?post=62690"}],"wp:featuredmedia":[{"embeddable":true,"href":"https:\/\/www.teleskopshop.ch\/fr\/wp-json\/wp\/v2\/media\/6650"}],"wp:attachment":[{"href":"https:\/\/www.teleskopshop.ch\/fr\/wp-json\/wp\/v2\/media?parent=62690"}],"wp:term":[{"taxonomy":"product_brand","embeddable":true,"href":"https:\/\/www.teleskopshop.ch\/fr\/wp-json\/wp\/v2\/product_brand?post=62690"},{"taxonomy":"product_cat","embeddable":true,"href":"https:\/\/www.teleskopshop.ch\/fr\/wp-json\/wp\/v2\/product_cat?post=62690"},{"taxonomy":"product_tag","embeddable":true,"href":"https:\/\/www.teleskopshop.ch\/fr\/wp-json\/wp\/v2\/product_tag?post=62690"}],"curies":[{"name":"wp","href":"https:\/\/api.w.org\/{rel}","templated":true}]}}