{"id":62684,"date":"2022-05-09T00:00:00","date_gmt":"2022-05-08T22:00:00","guid":{"rendered":"https:\/\/2025.teleskopshop.ch\/shop\/non%20class\u00e9\/fotomate-stativ-vt-2900-mit-2-wege-neiger\/"},"modified":"2025-01-25T11:46:06","modified_gmt":"2025-01-25T10:46:06","slug":"fotomate-stativ-vt-2900-mit-2-wege-neiger","status":"publish","type":"product","link":"https:\/\/www.teleskopshop.ch\/fr\/shop\/montures\/trepieds\/fotomate-fr\/fotomate-stativ-vt-2900-mit-2-wege-neiger\/","title":{"rendered":"Tr\u00e9pied Fotomate VT-2900 avec inclinaison bidirectionnelle"},"content":{"rendered":"<p>Le Fotomate VT-2900 est un excellent tr\u00e9pied standard semi-professionnel pour les cam\u00e9ras vid\u00e9o et les reflex num\u00e9riques, mais aussi pour les longues-vues, les petits t\u00e9lescopes et la plupart des grandes jumelles. Il offre une charge utile g\u00e9n\u00e9reuse de 8 kg et atteint une hauteur impressionnante de 177 cm. La t\u00eate de tr\u00e9pied \u00e0 2 voies de haute qualit\u00e9 est la m\u00eame que celle du mod\u00e8le VT-680-222R. Le mouvement est tr\u00e8s fluide et feutr\u00e9. Il peut pivoter \u00e0 360\u00b0 horizontalement et \u00e0 155\u00b0 verticalement. Contenu de la livraison : Tr\u00e9pied avec t\u00eate de tr\u00e9pied Mallette de transport en nylon L&rsquo;alimentation et les piles ne sont pas incluses !<\/p>\n<p>G\u00e9n\u00e9ral<\/p>\n<table>\n<tr>\n<td>Poids<\/td>\n<p> d&rsquo;exp\u00e9dition <\/p>\n<td>6kg<\/td>\n<\/tr>\n<\/table>\n<table>\n<tr>\n<td>Taille<\/td>\n<p> d&rsquo;exp\u00e9dition <\/p>\n<td>90x90x16cm<\/td>\n<\/tr>\n<\/table>\n<p>observation de la nature<\/p>\n<table>\n<tr>\n<td>Type<\/td>\n<td>Tr\u00e9pied semi-professionnel Extra HD avec t\u00eate pivotante \u00e0 2 directions<\/td>\n<\/tr>\n<\/table>\n","protected":false},"excerpt":{"rendered":"<p>Tr\u00e9pied 2 voies semi-professionnel Fotomate Extra HD<\/p>\n","protected":false},"featured_media":6642,"comment_status":"closed","ping_status":"open","template":"","meta":{"_acf_changed":false},"product_brand":[694],"product_cat":[1309,1279,1294],"product_tag":[],"class_list":{"0":"post-62684","1":"product","2":"type-product","3":"status-publish","4":"has-post-thumbnail","6":"product_brand-fotomate","7":"product_cat-fotomate-fr","8":"product_cat-montures","9":"product_cat-trepieds","11":"first","12":"instock","13":"taxable","14":"shipping-taxable","15":"purchasable","16":"product-type-simple"},"acf":[],"_links":{"self":[{"href":"https:\/\/www.teleskopshop.ch\/fr\/wp-json\/wp\/v2\/product\/62684","targetHints":{"allow":["GET"]}}],"collection":[{"href":"https:\/\/www.teleskopshop.ch\/fr\/wp-json\/wp\/v2\/product"}],"about":[{"href":"https:\/\/www.teleskopshop.ch\/fr\/wp-json\/wp\/v2\/types\/product"}],"replies":[{"embeddable":true,"href":"https:\/\/www.teleskopshop.ch\/fr\/wp-json\/wp\/v2\/comments?post=62684"}],"wp:featuredmedia":[{"embeddable":true,"href":"https:\/\/www.teleskopshop.ch\/fr\/wp-json\/wp\/v2\/media\/6642"}],"wp:attachment":[{"href":"https:\/\/www.teleskopshop.ch\/fr\/wp-json\/wp\/v2\/media?parent=62684"}],"wp:term":[{"taxonomy":"product_brand","embeddable":true,"href":"https:\/\/www.teleskopshop.ch\/fr\/wp-json\/wp\/v2\/product_brand?post=62684"},{"taxonomy":"product_cat","embeddable":true,"href":"https:\/\/www.teleskopshop.ch\/fr\/wp-json\/wp\/v2\/product_cat?post=62684"},{"taxonomy":"product_tag","embeddable":true,"href":"https:\/\/www.teleskopshop.ch\/fr\/wp-json\/wp\/v2\/product_tag?post=62684"}],"curies":[{"name":"wp","href":"https:\/\/api.w.org\/{rel}","templated":true}]}}