{"id":62655,"date":"2022-05-09T00:00:00","date_gmt":"2022-05-08T22:00:00","guid":{"rendered":"https:\/\/2025.teleskopshop.ch\/shop\/non%20class\u00e9\/fotomate-h-28qr-heavy-duty-stativ-kugelkopf\/"},"modified":"2025-01-25T11:46:05","modified_gmt":"2025-01-25T10:46:05","slug":"fotomate-h-28qr-heavy-duty-stativ-kugelkopf","status":"publish","type":"product","link":"https:\/\/www.teleskopshop.ch\/fr\/shop\/montures\/trepieds\/fotomate-fr\/fotomate-h-28qr-heavy-duty-stativ-kugelkopf\/","title":{"rendered":"Fotomate H-28QR Rotule pour tr\u00e9pied \u00e0 usage intensif"},"content":{"rendered":"<p>Rotule tr\u00e9pied Fotomate chargeable jusqu&rsquo;\u00e0 4,5 kg avec plaque de d\u00e9gagement rapide. Contenu de la livraison&nbsp;: plaque de fixation rapide pour rotule&nbsp;! L&rsquo;alimentation et les piles ne sont pas incluses&nbsp;!<\/p>\n<p>G\u00e9n\u00e9ral<\/p>\n<table>\n<tr>\n<td>Poids<\/td>\n<p> d&rsquo;exp\u00e9dition <\/p>\n<td>0,6 kg<\/td>\n<\/tr>\n<\/table>\n<table>\n<tr>\n<td>Taille<\/td>\n<p> d&rsquo;exp\u00e9dition <\/p>\n<td>15x10x10cm<\/td>\n<\/tr>\n<\/table>\n<p>observation de la nature<\/p>\n<table>\n<tr>\n<td>Type<\/td>\n<td>rotule jusqu&rsquo;\u00e0 4,5 kg avec plaque de d\u00e9gagement rapide<\/td>\n<\/tr>\n<\/table>\n","protected":false},"excerpt":{"rendered":"<p>La rotule de tr\u00e9pied Fotomate peut \u00eatre charg\u00e9e jusqu&rsquo;\u00e0 4,5 kg avec une plaque \u00e0 d\u00e9gagement rapide<\/p>\n","protected":false},"featured_media":6606,"comment_status":"closed","ping_status":"open","template":"","meta":{"_acf_changed":false},"product_brand":[694],"product_cat":[1309,1279,1294],"product_tag":[],"class_list":{"0":"post-62655","1":"product","2":"type-product","3":"status-publish","4":"has-post-thumbnail","6":"product_brand-fotomate","7":"product_cat-fotomate-fr","8":"product_cat-montures","9":"product_cat-trepieds","11":"first","12":"instock","13":"taxable","14":"shipping-taxable","15":"purchasable","16":"product-type-simple"},"acf":[],"_links":{"self":[{"href":"https:\/\/www.teleskopshop.ch\/fr\/wp-json\/wp\/v2\/product\/62655","targetHints":{"allow":["GET"]}}],"collection":[{"href":"https:\/\/www.teleskopshop.ch\/fr\/wp-json\/wp\/v2\/product"}],"about":[{"href":"https:\/\/www.teleskopshop.ch\/fr\/wp-json\/wp\/v2\/types\/product"}],"replies":[{"embeddable":true,"href":"https:\/\/www.teleskopshop.ch\/fr\/wp-json\/wp\/v2\/comments?post=62655"}],"wp:featuredmedia":[{"embeddable":true,"href":"https:\/\/www.teleskopshop.ch\/fr\/wp-json\/wp\/v2\/media\/6606"}],"wp:attachment":[{"href":"https:\/\/www.teleskopshop.ch\/fr\/wp-json\/wp\/v2\/media?parent=62655"}],"wp:term":[{"taxonomy":"product_brand","embeddable":true,"href":"https:\/\/www.teleskopshop.ch\/fr\/wp-json\/wp\/v2\/product_brand?post=62655"},{"taxonomy":"product_cat","embeddable":true,"href":"https:\/\/www.teleskopshop.ch\/fr\/wp-json\/wp\/v2\/product_cat?post=62655"},{"taxonomy":"product_tag","embeddable":true,"href":"https:\/\/www.teleskopshop.ch\/fr\/wp-json\/wp\/v2\/product_tag?post=62655"}],"curies":[{"name":"wp","href":"https:\/\/api.w.org\/{rel}","templated":true}]}}