{"id":62649,"date":"2022-05-09T00:00:00","date_gmt":"2022-05-08T22:00:00","guid":{"rendered":"https:\/\/2025.teleskopshop.ch\/shop\/non%20class\u00e9\/fotomate-h-26-stativ-kugelkopf\/"},"modified":"2025-01-25T11:47:02","modified_gmt":"2025-01-25T10:47:02","slug":"fotomate-h-26-stativ-kugelkopf","status":"publish","type":"product","link":"https:\/\/www.teleskopshop.ch\/fr\/shop\/montures\/trepieds\/fotomate-fr\/fotomate-h-26-stativ-kugelkopf\/","title":{"rendered":"Rotule tr\u00e9pied Fotomate H-26"},"content":{"rendered":"<p>Les rotules de pr\u00e9cision Fotomate s&rsquo;adaptent \u00e0 n&rsquo;importe quel tr\u00e9pied avec une connexion de filetage photo standard de 1\/4&Prime; ou 3\/8&Prime;. Ils permettent de faire pivoter l&rsquo;\u00e9quipement dans n&rsquo;importe quelle position, puis de le verrouiller en toute s\u00e9curit\u00e9. Une construction en aluminium robuste dans un design noir mat. Cette t\u00eate est con\u00e7ue pour une charge maximale de 3,5 kg. Contenu de la livraison : rotule H-26 !Le bloc d&rsquo;alimentation et les piles ne sont pas inclus dans la livraison !<\/p>\n<p>G\u00e9n\u00e9ral<\/p>\n<table>\n<tr>\n<td>Poids<\/td>\n<p> d&rsquo;exp\u00e9dition <\/p>\n<td>0,3 kg<\/td>\n<\/tr>\n<\/table>\n<table>\n<tr>\n<td>Taille<\/td>\n<p> d&rsquo;exp\u00e9dition <\/p>\n<td>12x10x10cm<\/td>\n<\/tr>\n<\/table>\n<p>observation de la nature<\/p>\n<table>\n<tr>\n<td>Type<\/td>\n<td>de rotule jusqu&rsquo;\u00e0 3,5 kg<\/td>\n<\/tr>\n<\/table>\n","protected":false},"excerpt":{"rendered":"<p>La rotule Fotomate peut \u00eatre charg\u00e9e jusqu&rsquo;\u00e0 3,5 kg<\/p>\n","protected":false},"featured_media":6598,"comment_status":"closed","ping_status":"open","template":"","meta":{"_acf_changed":false},"product_brand":[694],"product_cat":[1309,1279,1294],"product_tag":[],"class_list":{"0":"post-62649","1":"product","2":"type-product","3":"status-publish","4":"has-post-thumbnail","6":"product_brand-fotomate","7":"product_cat-fotomate-fr","8":"product_cat-montures","9":"product_cat-trepieds","11":"first","12":"instock","13":"taxable","14":"shipping-taxable","15":"purchasable","16":"product-type-simple"},"acf":[],"_links":{"self":[{"href":"https:\/\/www.teleskopshop.ch\/fr\/wp-json\/wp\/v2\/product\/62649","targetHints":{"allow":["GET"]}}],"collection":[{"href":"https:\/\/www.teleskopshop.ch\/fr\/wp-json\/wp\/v2\/product"}],"about":[{"href":"https:\/\/www.teleskopshop.ch\/fr\/wp-json\/wp\/v2\/types\/product"}],"replies":[{"embeddable":true,"href":"https:\/\/www.teleskopshop.ch\/fr\/wp-json\/wp\/v2\/comments?post=62649"}],"wp:featuredmedia":[{"embeddable":true,"href":"https:\/\/www.teleskopshop.ch\/fr\/wp-json\/wp\/v2\/media\/6598"}],"wp:attachment":[{"href":"https:\/\/www.teleskopshop.ch\/fr\/wp-json\/wp\/v2\/media?parent=62649"}],"wp:term":[{"taxonomy":"product_brand","embeddable":true,"href":"https:\/\/www.teleskopshop.ch\/fr\/wp-json\/wp\/v2\/product_brand?post=62649"},{"taxonomy":"product_cat","embeddable":true,"href":"https:\/\/www.teleskopshop.ch\/fr\/wp-json\/wp\/v2\/product_cat?post=62649"},{"taxonomy":"product_tag","embeddable":true,"href":"https:\/\/www.teleskopshop.ch\/fr\/wp-json\/wp\/v2\/product_tag?post=62649"}],"curies":[{"name":"wp","href":"https:\/\/api.w.org\/{rel}","templated":true}]}}