{"id":62646,"date":"2022-05-09T00:00:00","date_gmt":"2022-05-08T22:00:00","guid":{"rendered":"https:\/\/2025.teleskopshop.ch\/shop\/non%20class\u00e9\/first-schnellkupplungsplatte-horizon-8115-stativ\/"},"modified":"2025-01-25T11:47:00","modified_gmt":"2025-01-25T10:47:00","slug":"first-schnellkupplungsplatte-horizon-8115-stativ","status":"publish","type":"product","link":"https:\/\/www.teleskopshop.ch\/fr\/shop\/montures\/trepieds\/first-fr\/first-schnellkupplungsplatte-horizon-8115-stativ\/","title":{"rendered":"Plaque de fixation rapide pour tr\u00e9pied First Horizon\u2122 8115"},"content":{"rendered":"<p>Plaque de remplacement rapide pour le tr\u00e9pied First Horizon 8115. Contenu de la livraison : plaque \u00e0 d\u00e9gagement rapide 8115. L&rsquo;alimentation \u00e9lectrique et les piles ne sont pas incluses !<\/p>\n<p>G\u00e9n\u00e9ral<\/p>\n<table>\n<tr>\n<td>Poids<\/td>\n<p> d&rsquo;exp\u00e9dition <\/p>\n<td>0,07 kg<\/td>\n<\/tr>\n<\/table>\n<table>\n<tr>\n<td>Taille<\/td>\n<p> d&rsquo;exp\u00e9dition <\/p>\n<td>10x10x5cm<\/td>\n<\/tr>\n<\/table>\n<p>\u00e9quipement<\/p>\n<table>\n<tr>\n<td>Plaque<\/td>\n<td>de d\u00e9gagement rapide<\/td>\n<\/tr>\n<\/table>\n","protected":false},"excerpt":{"rendered":"<p>First Plaque de couplage rapide suppl\u00e9mentaire pour appareils suppl\u00e9mentaires<\/p>\n","protected":false},"featured_media":6594,"comment_status":"closed","ping_status":"open","template":"","meta":{"_acf_changed":false},"product_brand":[693],"product_cat":[1306,1279,1294],"product_tag":[],"class_list":{"0":"post-62646","1":"product","2":"type-product","3":"status-publish","4":"has-post-thumbnail","6":"product_brand-first-evolution","7":"product_cat-first-fr","8":"product_cat-montures","9":"product_cat-trepieds","11":"first","12":"instock","13":"taxable","14":"shipping-taxable","15":"purchasable","16":"product-type-simple"},"acf":[],"_links":{"self":[{"href":"https:\/\/www.teleskopshop.ch\/fr\/wp-json\/wp\/v2\/product\/62646","targetHints":{"allow":["GET"]}}],"collection":[{"href":"https:\/\/www.teleskopshop.ch\/fr\/wp-json\/wp\/v2\/product"}],"about":[{"href":"https:\/\/www.teleskopshop.ch\/fr\/wp-json\/wp\/v2\/types\/product"}],"replies":[{"embeddable":true,"href":"https:\/\/www.teleskopshop.ch\/fr\/wp-json\/wp\/v2\/comments?post=62646"}],"wp:featuredmedia":[{"embeddable":true,"href":"https:\/\/www.teleskopshop.ch\/fr\/wp-json\/wp\/v2\/media\/6594"}],"wp:attachment":[{"href":"https:\/\/www.teleskopshop.ch\/fr\/wp-json\/wp\/v2\/media?parent=62646"}],"wp:term":[{"taxonomy":"product_brand","embeddable":true,"href":"https:\/\/www.teleskopshop.ch\/fr\/wp-json\/wp\/v2\/product_brand?post=62646"},{"taxonomy":"product_cat","embeddable":true,"href":"https:\/\/www.teleskopshop.ch\/fr\/wp-json\/wp\/v2\/product_cat?post=62646"},{"taxonomy":"product_tag","embeddable":true,"href":"https:\/\/www.teleskopshop.ch\/fr\/wp-json\/wp\/v2\/product_tag?post=62646"}],"curies":[{"name":"wp","href":"https:\/\/api.w.org\/{rel}","templated":true}]}}