{"id":62636,"date":"2022-05-09T00:00:00","date_gmt":"2022-05-08T22:00:00","guid":{"rendered":"https:\/\/2025.teleskopshop.ch\/shop\/non%20class\u00e9\/first-horizon-stativ\/"},"modified":"2025-01-25T11:46:58","modified_gmt":"2025-01-25T10:46:58","slug":"first-horizon-stativ","status":"publish","type":"product","link":"https:\/\/www.teleskopshop.ch\/fr\/shop\/montures\/trepieds\/first-fr\/first-horizon-stativ\/","title":{"rendered":"Tr\u00e9pied First Horizon\u2122"},"content":{"rendered":"<p>Ce premier tr\u00e9pied robuste combine une excellente stabilit\u00e9 avec un contr\u00f4le pr\u00e9cis et est id\u00e9al pour une large gamme d&rsquo;utilisations avec votre \u00e9quipement. Il transporte confortablement toutes les longues-vues et jumelles pour l&rsquo;observation avec une ouverture allant jusqu&rsquo;\u00e0 100 mm. Il peut \u00eatre utilis\u00e9 aussi bien \u00e0 l&rsquo;int\u00e9rieur qu&rsquo;\u00e0 l&rsquo;ext\u00e9rieur. Nous le recommandons pour l&rsquo;observation professionnelle de la nature, l&rsquo;observation astronomique ou l&rsquo;enregistrement vid\u00e9o. Caract\u00e9ristiques techniques : Hauteur maximale compl\u00e8tement d\u00e9ploy\u00e9e : 180 cm Hauteur minimale compl\u00e8tement r\u00e9tract\u00e9e : 78 cm Amortissement vertical de la t\u00eate de tr\u00e9pied r\u00e9glable rapidement Colonne \u00e0 manivelle verrouillable de 31 cm Plage de panoramique horizontalement 360\u00b0, verticalement -90\u00b0 \/ +60\u00b0 Extensible 2 fois pieds de tr\u00e9pied en aluminium massif Tube rond Libellule pour le nivellement Douilles de serrage caoutchout\u00e9es lourdes pour le r\u00e9glage en hauteur de la jambe du tr\u00e9pied Pieds en caoutchouc \u00e0 nivellement automatique avec pointes amovibles Poids net 3,58 kg Contenu de la livraison : Tr\u00e9pied avec t\u00eate de tr\u00e9pied !L&rsquo;alimentation et les piles sont non compris dans la livraison&nbsp;!<\/p>\n<p>G\u00e9n\u00e9ral<\/p>\n<table>\n<tr>\n<td>Poids<\/td>\n<p> d&rsquo;exp\u00e9dition <\/p>\n<td>4,5<\/td>\n<p> kg<\/tr>\n<\/table>\n<table>\n<tr>\n<td>Taille<\/td>\n<p> d&rsquo;exp\u00e9dition <\/p>\n<td>15x15x80cm<\/td>\n<\/tr>\n<\/table>\n<p>observation de la nature<\/p>\n<table>\n<tr>\n<td>Type<\/td>\n<td>de tr\u00e9pied avec rotule \u00e0 2 voies<\/td>\n<\/tr>\n<\/table>\n","protected":false},"excerpt":{"rendered":"<p>Premier tr\u00e9pied robuste avec rotule bidirectionnelle<\/p>\n","protected":false},"featured_media":6586,"comment_status":"closed","ping_status":"open","template":"","meta":{"_acf_changed":false},"product_brand":[693],"product_cat":[1306,1279,1294],"product_tag":[],"class_list":{"0":"post-62636","1":"product","2":"type-product","3":"status-publish","4":"has-post-thumbnail","6":"product_brand-first-evolution","7":"product_cat-first-fr","8":"product_cat-montures","9":"product_cat-trepieds","11":"first","12":"instock","13":"taxable","14":"shipping-taxable","15":"purchasable","16":"product-type-simple"},"acf":[],"_links":{"self":[{"href":"https:\/\/www.teleskopshop.ch\/fr\/wp-json\/wp\/v2\/product\/62636","targetHints":{"allow":["GET"]}}],"collection":[{"href":"https:\/\/www.teleskopshop.ch\/fr\/wp-json\/wp\/v2\/product"}],"about":[{"href":"https:\/\/www.teleskopshop.ch\/fr\/wp-json\/wp\/v2\/types\/product"}],"replies":[{"embeddable":true,"href":"https:\/\/www.teleskopshop.ch\/fr\/wp-json\/wp\/v2\/comments?post=62636"}],"wp:featuredmedia":[{"embeddable":true,"href":"https:\/\/www.teleskopshop.ch\/fr\/wp-json\/wp\/v2\/media\/6586"}],"wp:attachment":[{"href":"https:\/\/www.teleskopshop.ch\/fr\/wp-json\/wp\/v2\/media?parent=62636"}],"wp:term":[{"taxonomy":"product_brand","embeddable":true,"href":"https:\/\/www.teleskopshop.ch\/fr\/wp-json\/wp\/v2\/product_brand?post=62636"},{"taxonomy":"product_cat","embeddable":true,"href":"https:\/\/www.teleskopshop.ch\/fr\/wp-json\/wp\/v2\/product_cat?post=62636"},{"taxonomy":"product_tag","embeddable":true,"href":"https:\/\/www.teleskopshop.ch\/fr\/wp-json\/wp\/v2\/product_tag?post=62636"}],"curies":[{"name":"wp","href":"https:\/\/api.w.org\/{rel}","templated":true}]}}