{"id":62632,"date":"2022-05-09T00:00:00","date_gmt":"2022-05-08T22:00:00","guid":{"rendered":"https:\/\/2025.teleskopshop.ch\/shop\/non%20class\u00e9\/first-evolution-stativ\/"},"modified":"2025-01-25T11:46:04","modified_gmt":"2025-01-25T10:46:04","slug":"first-evolution-stativ","status":"publish","type":"product","link":"https:\/\/www.teleskopshop.ch\/fr\/shop\/montures\/trepieds\/first-fr\/first-evolution-stativ\/","title":{"rendered":"Tr\u00e9pied First Evolution\u2122"},"content":{"rendered":"<p>Le tr\u00e9pied de qualit\u00e9 First offre une plate-forme abordable pour les longues-vues et les petits t\u00e9lescopes jusqu&rsquo;\u00e0 100 mm de diam\u00e8tre et les jumelles jusqu&rsquo;\u00e0 80 mm. Il convient \u00e9galement aux cam\u00e9scopes et appareils photo num\u00e9riques compacts. Contenu de la livraison : Tr\u00e9pied avec t\u00eate de tr\u00e9pied !Le bloc d&rsquo;alimentation et les piles ne sont pas inclus dans la livraison !<\/p>\n<p>G\u00e9n\u00e9ral<\/p>\n<table>\n<tr>\n<td>Poids<\/td>\n<p> d&rsquo;exp\u00e9dition <\/p>\n<td>2,3 kg<\/td>\n<\/tr>\n<\/table>\n<table>\n<tr>\n<td>Taille<\/td>\n<p> d&rsquo;exp\u00e9dition <\/p>\n<td>13x13x64.5cm<\/td>\n<\/tr>\n<\/table>\n<p>\u00e9quipement<\/p>\n<table>\n<tr>\n<td>Type<\/td>\n<td>de tr\u00e9pied avec rotule 3 voies<\/td>\n<\/tr>\n<\/table>\n","protected":false},"excerpt":{"rendered":"<p>Premier tr\u00e9pied \u00e0 usage moyen avec rotule \u00e0 trois directions<\/p>\n","protected":false},"featured_media":6582,"comment_status":"closed","ping_status":"open","template":"","meta":{"_acf_changed":false},"product_brand":[693],"product_cat":[1306,1279,1294],"product_tag":[],"class_list":{"0":"post-62632","1":"product","2":"type-product","3":"status-publish","4":"has-post-thumbnail","6":"product_brand-first-evolution","7":"product_cat-first-fr","8":"product_cat-montures","9":"product_cat-trepieds","11":"first","12":"instock","13":"taxable","14":"shipping-taxable","15":"purchasable","16":"product-type-simple"},"acf":[],"_links":{"self":[{"href":"https:\/\/www.teleskopshop.ch\/fr\/wp-json\/wp\/v2\/product\/62632","targetHints":{"allow":["GET"]}}],"collection":[{"href":"https:\/\/www.teleskopshop.ch\/fr\/wp-json\/wp\/v2\/product"}],"about":[{"href":"https:\/\/www.teleskopshop.ch\/fr\/wp-json\/wp\/v2\/types\/product"}],"replies":[{"embeddable":true,"href":"https:\/\/www.teleskopshop.ch\/fr\/wp-json\/wp\/v2\/comments?post=62632"}],"wp:featuredmedia":[{"embeddable":true,"href":"https:\/\/www.teleskopshop.ch\/fr\/wp-json\/wp\/v2\/media\/6582"}],"wp:attachment":[{"href":"https:\/\/www.teleskopshop.ch\/fr\/wp-json\/wp\/v2\/media?parent=62632"}],"wp:term":[{"taxonomy":"product_brand","embeddable":true,"href":"https:\/\/www.teleskopshop.ch\/fr\/wp-json\/wp\/v2\/product_brand?post=62632"},{"taxonomy":"product_cat","embeddable":true,"href":"https:\/\/www.teleskopshop.ch\/fr\/wp-json\/wp\/v2\/product_cat?post=62632"},{"taxonomy":"product_tag","embeddable":true,"href":"https:\/\/www.teleskopshop.ch\/fr\/wp-json\/wp\/v2\/product_tag?post=62632"}],"curies":[{"name":"wp","href":"https:\/\/api.w.org\/{rel}","templated":true}]}}