{"id":62628,"date":"2022-05-09T00:00:00","date_gmt":"2022-05-08T22:00:00","guid":{"rendered":"https:\/\/2025.teleskopshop.ch\/shop\/non%20class\u00e9\/helios-stabiler-hd-fernglas-stativadapter\/"},"modified":"2025-01-25T11:47:04","modified_gmt":"2025-01-25T10:47:04","slug":"helios-stabiler-hd-fernglas-stativadapter","status":"publish","type":"product","link":"https:\/\/www.teleskopshop.ch\/fr\/shop\/montures\/trepieds\/adaptateurs-de-trepieds-pour-jumelles\/helios-stabiler-hd-fernglas-stativadapter\/","title":{"rendered":"Adaptateur de tr\u00e9pied binoculaire HD stable Helios"},"content":{"rendered":"<p>Adaptateur binoculaire Helios HD, adaptateur de tr\u00e9pied pour jumelles lourdes en m\u00e9tal coul\u00e9 solide. Contenu de la livraison : adaptateur pour tr\u00e9pied binoculaire ! Le bloc d&rsquo;alimentation et les piles ne sont pas inclus dans la livraison !<\/p>\n<p>G\u00e9n\u00e9ral<\/p>\n<table>\n<tr>\n<td>Poids<\/td>\n<p> d&rsquo;exp\u00e9dition <\/p>\n<td>0,10 kg<\/td>\n<\/tr>\n<\/table>\n<table>\n<tr>\n<td>Taille<\/td>\n<p> d&rsquo;exp\u00e9dition <\/p>\n<td>5x6x12cm<\/td>\n<\/tr>\n<\/table>\n<p>\u00e9quipement<\/p>\n<table>\n<tr>Adaptateur de tr\u00e9pied <\/p>\n<td>binoculaire<\/td>\n<td>lourd<\/td>\n<\/tr>\n<\/table>\n<table>\n<tr>\n<td>Raccordement<\/td>\n<td>Filetage binoculaire 1\/4&Prime;<\/td>\n<\/tr>\n<\/table>\n<table>\n<tr>\n<td>Mat\u00e9riau<\/td>\n<td>m\u00e9tal coul\u00e9<\/td>\n<\/tr>\n<\/table>\n","protected":false},"excerpt":{"rendered":"<p>Helios Adaptateur de tr\u00e9pied particuli\u00e8rement stable pour jumelles lourdes<\/p>\n","protected":false},"featured_media":6782,"comment_status":"closed","ping_status":"open","template":"","meta":{"_acf_changed":false},"product_brand":[682],"product_cat":[1300,1279,1294],"product_tag":[],"class_list":{"0":"post-62628","1":"product","2":"type-product","3":"status-publish","4":"has-post-thumbnail","6":"product_brand-helios","7":"product_cat-adaptateurs-de-trepieds-pour-jumelles","8":"product_cat-montures","9":"product_cat-trepieds","11":"first","12":"instock","13":"taxable","14":"shipping-taxable","15":"purchasable","16":"product-type-simple"},"acf":[],"_links":{"self":[{"href":"https:\/\/www.teleskopshop.ch\/fr\/wp-json\/wp\/v2\/product\/62628","targetHints":{"allow":["GET"]}}],"collection":[{"href":"https:\/\/www.teleskopshop.ch\/fr\/wp-json\/wp\/v2\/product"}],"about":[{"href":"https:\/\/www.teleskopshop.ch\/fr\/wp-json\/wp\/v2\/types\/product"}],"replies":[{"embeddable":true,"href":"https:\/\/www.teleskopshop.ch\/fr\/wp-json\/wp\/v2\/comments?post=62628"}],"wp:featuredmedia":[{"embeddable":true,"href":"https:\/\/www.teleskopshop.ch\/fr\/wp-json\/wp\/v2\/media\/6782"}],"wp:attachment":[{"href":"https:\/\/www.teleskopshop.ch\/fr\/wp-json\/wp\/v2\/media?parent=62628"}],"wp:term":[{"taxonomy":"product_brand","embeddable":true,"href":"https:\/\/www.teleskopshop.ch\/fr\/wp-json\/wp\/v2\/product_brand?post=62628"},{"taxonomy":"product_cat","embeddable":true,"href":"https:\/\/www.teleskopshop.ch\/fr\/wp-json\/wp\/v2\/product_cat?post=62628"},{"taxonomy":"product_tag","embeddable":true,"href":"https:\/\/www.teleskopshop.ch\/fr\/wp-json\/wp\/v2\/product_tag?post=62628"}],"curies":[{"name":"wp","href":"https:\/\/api.w.org\/{rel}","templated":true}]}}