{"id":62616,"date":"2022-05-09T00:00:00","date_gmt":"2022-05-08T22:00:00","guid":{"rendered":"https:\/\/2025.teleskopshop.ch\/shop\/non%20class\u00e9\/skywatcher-90-teleskop-amici-prisma\/"},"modified":"2025-01-25T11:48:25","modified_gmt":"2025-01-25T10:48:25","slug":"skywatcher-90-teleskop-amici-prisma","status":"publish","type":"product","link":"https:\/\/www.teleskopshop.ch\/fr\/shop\/optique\/extensions-optiques\/miroirs-diagonaux-et-prismes\/skywatcher-90-teleskop-amici-prisma\/","title":{"rendered":"T\u00e9lescope Skywatcher 90\u00b0 Prisme d&rsquo;Amici"},"content":{"rendered":"<p>Le prisme Amici 90 degr\u00e9s Skywatcher avec r\u00e9ceptacles 1,25&Prime; est destin\u00e9 \u00e0 l&rsquo;observation d&rsquo;objets astronomiques dans le t\u00e9lescope. La vue \u00e0 90\u00b0 permet d&rsquo;observer facilement des objets au z\u00e9nith. Vous voyez les objets dans l&rsquo;oculaire debout et du c\u00f4t\u00e9 droit et ont l&rsquo;orientation habituelle.Ce prisme peut \u00e9galement \u00eatre utilis\u00e9 pour l&rsquo;observation terrestre, mais n&rsquo;a de sens que pour les objets tr\u00e8s hauts ou, par exemple, les oiseaux volants.Contenu de la livraison : Capuchons anti-poussi\u00e8re pour prisme Amici 1,25&Prime; 90\u00b0 ! L&rsquo;alimentation et les piles sont non inclus !<\/p>\n<p>G\u00e9n\u00e9ral<\/p>\n<table>\n<tr>\n<td>Poids<\/td>\n<p> d&rsquo;exp\u00e9dition <\/p>\n<td>0,164 kg<\/td>\n<\/tr>\n<\/table>\n<table>\n<tr>\n<td>Taille<\/td>\n<p> d&rsquo;exp\u00e9dition <\/p>\n<td>11x7x5cm<\/td>\n<\/tr>\n<\/table>\n<p>\u00e9quipement<\/p>\n<table>\n<tr>\n<td>Prisme<\/td>\n<td>Amici 90\u00b0<\/td>\n<\/tr>\n<\/table>\n<table>\n<tr>\n<td>Connexion<\/td>\n<td>1.25&Prime;<\/td>\n<\/tr>\n<\/table>\n","protected":false},"excerpt":{"rendered":"<p>T\u00e9lescope Skywatcher 1,25&Prime; Prisme d&rsquo;Amici pour une vue droite et verticale \u00e0 90\u00b0<\/p>\n","protected":false},"featured_media":5986,"comment_status":"closed","ping_status":"open","template":"","meta":{"_acf_changed":false},"product_brand":[675],"product_cat":[1651,1339],"product_tag":[],"class_list":{"0":"post-62616","1":"product","2":"type-product","3":"status-publish","4":"has-post-thumbnail","6":"product_brand-skywatcher","7":"product_cat-miroirs-diagonaux-et-prismes","8":"product_cat-optique","10":"first","11":"instock","12":"taxable","13":"shipping-taxable","14":"purchasable","15":"product-type-simple"},"acf":[],"_links":{"self":[{"href":"https:\/\/www.teleskopshop.ch\/fr\/wp-json\/wp\/v2\/product\/62616","targetHints":{"allow":["GET"]}}],"collection":[{"href":"https:\/\/www.teleskopshop.ch\/fr\/wp-json\/wp\/v2\/product"}],"about":[{"href":"https:\/\/www.teleskopshop.ch\/fr\/wp-json\/wp\/v2\/types\/product"}],"replies":[{"embeddable":true,"href":"https:\/\/www.teleskopshop.ch\/fr\/wp-json\/wp\/v2\/comments?post=62616"}],"wp:featuredmedia":[{"embeddable":true,"href":"https:\/\/www.teleskopshop.ch\/fr\/wp-json\/wp\/v2\/media\/5986"}],"wp:attachment":[{"href":"https:\/\/www.teleskopshop.ch\/fr\/wp-json\/wp\/v2\/media?parent=62616"}],"wp:term":[{"taxonomy":"product_brand","embeddable":true,"href":"https:\/\/www.teleskopshop.ch\/fr\/wp-json\/wp\/v2\/product_brand?post=62616"},{"taxonomy":"product_cat","embeddable":true,"href":"https:\/\/www.teleskopshop.ch\/fr\/wp-json\/wp\/v2\/product_cat?post=62616"},{"taxonomy":"product_tag","embeddable":true,"href":"https:\/\/www.teleskopshop.ch\/fr\/wp-json\/wp\/v2\/product_tag?post=62616"}],"curies":[{"name":"wp","href":"https:\/\/api.w.org\/{rel}","templated":true}]}}