{"id":62610,"date":"2022-05-09T00:00:00","date_gmt":"2022-05-08T22:00:00","guid":{"rendered":"https:\/\/2025.teleskopshop.ch\/shop\/non%20class\u00e9\/skywatcher-2-teleskop-amici-prisma\/"},"modified":"2025-01-25T11:54:44","modified_gmt":"2025-01-25T10:54:44","slug":"skywatcher-2-teleskop-amici-prisma","status":"publish","type":"product","link":"https:\/\/www.teleskopshop.ch\/fr\/shop\/optique\/extensions-optiques\/miroirs-diagonaux-et-prismes\/skywatcher-2-teleskop-amici-prisma\/","title":{"rendered":"T\u00e9lescope Skywatcher 2&Prime; Prisme d&rsquo;Amici"},"content":{"rendered":"<p>Ce prisme Skywatcher 2&Prime; Amici 45\u00b0 pour t\u00e9lescopes a \u00e9t\u00e9 usin\u00e9 CNC avec pr\u00e9cision et \u00e9quip\u00e9 de connecteurs anodis\u00e9s noirs. Un adaptateur pour accessoires 1,25&Prime; est inclus, qui a \u00e9t\u00e9 \u00e9quip\u00e9 d&rsquo;une bague de serrage en laiton. Le raccord 2&Prime; contient un filetage pour les filtres. Le prisme est enti\u00e8rement multicouche. Contenu de la livraison : prisme Amici 2&Prime; ! Le bloc d&rsquo;alimentation et les piles ne sont pas inclus dans la livraison !<\/p>\n<p>G\u00e9n\u00e9ral<\/p>\n<table>\n<tr>\n<td>Poids<\/td>\n<p> d&rsquo;exp\u00e9dition <\/p>\n<td>0,569 kg<\/td>\n<\/tr>\n<\/table>\n<table>\n<tr>\n<td>Taille<\/td>\n<p> d&rsquo;exp\u00e9dition <\/p>\n<td>18.5&#215;13.5x12cm<\/td>\n<\/tr>\n<\/table>\n<p>\u00e9quipement<\/p>\n<table>\n<tr>\n<td>Prisme d&rsquo;Amici de<\/td>\n<td>type<\/td>\n<p> 45\u00b0 2&Prime;<\/tr>\n<\/table>\n<table>\n<tr>\n<td>Connexion<\/td>\n<td>t\u00e9lescope 2&Prime; \/ oculaire 2&Prime; et 1,25&Prime;<\/td>\n<\/tr>\n<\/table>\n<table>\n<tr>Rev\u00eatement <\/p>\n<td>Rev\u00eatement<\/td>\n<td>multicouche<\/td>\n<\/tr>\n<\/table>\n","protected":false},"excerpt":{"rendered":"<p>T\u00e9lescope Skywatcher 2&Prime; Amici Prisma 45\u00b0 avec image droite et verticale<\/p>\n","protected":false},"featured_media":5974,"comment_status":"closed","ping_status":"open","template":"","meta":{"_acf_changed":false},"product_brand":[675],"product_cat":[1651,1339],"product_tag":[],"class_list":{"0":"post-62610","1":"product","2":"type-product","3":"status-publish","4":"has-post-thumbnail","6":"product_brand-skywatcher","7":"product_cat-miroirs-diagonaux-et-prismes","8":"product_cat-optique","10":"first","11":"instock","12":"taxable","13":"shipping-taxable","14":"purchasable","15":"product-type-simple"},"acf":[],"_links":{"self":[{"href":"https:\/\/www.teleskopshop.ch\/fr\/wp-json\/wp\/v2\/product\/62610","targetHints":{"allow":["GET"]}}],"collection":[{"href":"https:\/\/www.teleskopshop.ch\/fr\/wp-json\/wp\/v2\/product"}],"about":[{"href":"https:\/\/www.teleskopshop.ch\/fr\/wp-json\/wp\/v2\/types\/product"}],"replies":[{"embeddable":true,"href":"https:\/\/www.teleskopshop.ch\/fr\/wp-json\/wp\/v2\/comments?post=62610"}],"wp:featuredmedia":[{"embeddable":true,"href":"https:\/\/www.teleskopshop.ch\/fr\/wp-json\/wp\/v2\/media\/5974"}],"wp:attachment":[{"href":"https:\/\/www.teleskopshop.ch\/fr\/wp-json\/wp\/v2\/media?parent=62610"}],"wp:term":[{"taxonomy":"product_brand","embeddable":true,"href":"https:\/\/www.teleskopshop.ch\/fr\/wp-json\/wp\/v2\/product_brand?post=62610"},{"taxonomy":"product_cat","embeddable":true,"href":"https:\/\/www.teleskopshop.ch\/fr\/wp-json\/wp\/v2\/product_cat?post=62610"},{"taxonomy":"product_tag","embeddable":true,"href":"https:\/\/www.teleskopshop.ch\/fr\/wp-json\/wp\/v2\/product_tag?post=62610"}],"curies":[{"name":"wp","href":"https:\/\/api.w.org\/{rel}","templated":true}]}}