{"id":62589,"date":"2022-05-09T00:00:00","date_gmt":"2022-05-08T22:00:00","guid":{"rendered":"https:\/\/2025.teleskopshop.ch\/shop\/non%20class\u00e9\/skywatcher-0-85x-brennweiten-reduzierer-fuer-evostar-100-ed-teleskop\/"},"modified":"2025-03-03T10:38:38","modified_gmt":"2025-03-03T09:38:38","slug":"skywatcher-0-85x-brennweiten-reduzierer-fuer-evostar-100-ed-teleskop","status":"publish","type":"product","link":"https:\/\/www.teleskopshop.ch\/fr\/shop\/optique\/extensions-optiques\/correcteurs-optiques\/reducteur\/skywatcher-0-85x-brennweiten-reduzierer-fuer-evostar-100-ed-teleskop\/","title":{"rendered":"Skywatcher 0.85x Brennweiten Reduzierer f\u00fcr Evostar 100 ED Teleskop"},"content":{"rendered":"<p>Entwickelt von Skywatcher f\u00fcr den ernsthaften Astrofotografen. Optimiert f\u00fcr Evostar-100ED Pro Teleskop, reduziert dieses hochwertige optische Zubeh\u00f6rteil die Brennweite des Telskopes um den Faktor 0,85x und bietet eine verbesserte Korrektur des Feldes bis in die Ecken. Zum Anschlu\u00df ben\u00f6tigen Sie die Kameraadapter von M48x0,75 auf Ihre Kamera Canon oder Nikon (Prod. Code 20237 &#038; 20238) Lieferumfang: Brennweiten Reduzierer \/ Korrektor Staubkappen Teleskop nicht im Lieferumfang enthalten! !Stromversorgung und Batterien sind nicht im Lieferumfang enthalten!<\/p>\n<p>Allgemein<\/p>\n<table>\n<tr>\n<td>Versandgewicht<\/td>\n<td>0.306kg<\/td>\n<\/tr>\n<\/table>\n<table>\n<tr>\n<td>Versandgr\u00f6\u00dfe<\/td>\n<td>8.5&#215;8.5x11cm<\/td>\n<\/tr>\n<\/table>\n<p>Zubeh\u00f6r<\/p>\n<table>\n<tr>\n<td>Typ<\/td>\n<td>Brennweiten Reduzierer und Korrektor Evostar 100 ED<\/td>\n<\/tr>\n<\/table>\n<table>\n<tr>\n<td>Vergr\u00f6\u00dferungsfaktor<\/td>\n<td>0.85x<\/td>\n<\/tr>\n<\/table>\n<table>\n<tr>\n<td>Anschluss<\/td>\n<td>Kameraanschlu\u00df \u00fcber M48 Adapterring<\/td>\n<\/tr>\n<\/table>\n<table>\n<tr>\n<td>Verg\u00fctung<\/td>\n<td>Mehrschicht Verg\u00fctung<\/td>\n<\/tr>\n<\/table>\n","protected":false},"excerpt":{"rendered":"<p>Vielen Dank f\u00fcr Ihren Besuch bei Teleskopshop.ch. <\/p>\n<p>Es freut uns, Ihnen das Produkt <b>Skywatcher 0.85x Brennweiten Reduzierer f\u00fcr Evostar 100 ED Teleskop<\/b> zu den nachfolgenden Konditionen anbieten zu d\u00fcrfen.<\/p>\n","protected":false},"featured_media":5674,"comment_status":"closed","ping_status":"closed","template":"","meta":{"_acf_changed":false},"product_brand":[675],"product_cat":[1528,1522,1339,1543],"product_tag":[],"class_list":{"0":"post-62589","1":"product","2":"type-product","3":"status-publish","4":"has-post-thumbnail","6":"product_brand-skywatcher","7":"product_cat-correcteurs-optiques","8":"product_cat-extensions-optiques","9":"product_cat-optique","10":"product_cat-reducteur","12":"first","13":"instock","14":"sale","15":"taxable","16":"shipping-taxable","17":"purchasable","18":"product-type-simple"},"acf":[],"_links":{"self":[{"href":"https:\/\/www.teleskopshop.ch\/fr\/wp-json\/wp\/v2\/product\/62589","targetHints":{"allow":["GET"]}}],"collection":[{"href":"https:\/\/www.teleskopshop.ch\/fr\/wp-json\/wp\/v2\/product"}],"about":[{"href":"https:\/\/www.teleskopshop.ch\/fr\/wp-json\/wp\/v2\/types\/product"}],"replies":[{"embeddable":true,"href":"https:\/\/www.teleskopshop.ch\/fr\/wp-json\/wp\/v2\/comments?post=62589"}],"wp:featuredmedia":[{"embeddable":true,"href":"https:\/\/www.teleskopshop.ch\/fr\/wp-json\/wp\/v2\/media\/5674"}],"wp:attachment":[{"href":"https:\/\/www.teleskopshop.ch\/fr\/wp-json\/wp\/v2\/media?parent=62589"}],"wp:term":[{"taxonomy":"product_brand","embeddable":true,"href":"https:\/\/www.teleskopshop.ch\/fr\/wp-json\/wp\/v2\/product_brand?post=62589"},{"taxonomy":"product_cat","embeddable":true,"href":"https:\/\/www.teleskopshop.ch\/fr\/wp-json\/wp\/v2\/product_cat?post=62589"},{"taxonomy":"product_tag","embeddable":true,"href":"https:\/\/www.teleskopshop.ch\/fr\/wp-json\/wp\/v2\/product_tag?post=62589"}],"curies":[{"name":"wp","href":"https:\/\/api.w.org\/{rel}","templated":true}]}}