{"id":62580,"date":"2022-05-09T00:00:00","date_gmt":"2022-05-08T22:00:00","guid":{"rendered":"https:\/\/2025.teleskopshop.ch\/shop\/non%20class\u00e9\/teleskop-feldebner-2-mit-t2-anschluss\/"},"modified":"2025-01-25T11:48:37","modified_gmt":"2025-01-25T10:48:37","slug":"teleskop-feldebner-2-mit-t2-anschluss","status":"publish","type":"product","link":"https:\/\/www.teleskopshop.ch\/fr\/shop\/optique\/extensions-optiques\/correcteurs-optiques\/feldebner-fr\/teleskop-feldebner-2-mit-t2-anschluss\/","title":{"rendered":"T\u00e9lescope Feldebner 2&Prime; avec connexion T2"},"content":{"rendered":"<p>Aplanisseur de champ OVL de haute qualit\u00e9 pour t\u00e9lescopes sans facteur de r\u00e9duction, optimis\u00e9 pour la photographie DSLR sur des t\u00e9lescopes r\u00e9fracteurs avec des rapports d&rsquo;ouverture de f\/5,5 \u00e0 f\/6. Mais am\u00e9liore \u00e9galement les r\u00e9sultats avec des r\u00e9fracteurs avec des rapports focaux similaires. Connexion cam\u00e9ra via connecteur T2 int\u00e9gr\u00e9. Bo\u00eetier usin\u00e9 CNC de haute qualit\u00e9 avec anodisation noire brillante. Contenu de la livraison : Bouchons anti-poussi\u00e8re Feldebner L&rsquo;alimentation \u00e9lectrique et les piles ne sont pas comprises dans la livraison !<\/p>\n<p>G\u00e9n\u00e9ral<\/p>\n<table>\n<tr>\n<td>Poids<\/td>\n<p> d&rsquo;exp\u00e9dition <\/p>\n<td>0,287 kg<\/td>\n<\/tr>\n<\/table>\n<table>\n<tr>\n<td>Taille<\/td>\n<p> d&rsquo;exp\u00e9dition <\/p>\n<td>14.5&#215;7.5x7cm<\/td>\n<\/tr>\n<\/table>\n<p>\u00e9quipement<\/p>\n<table>\n<tr>\n<td>Type<\/td>\n<td>Feldebner pour r\u00e9fracteurs<\/td>\n<\/tr>\n<\/table>\n<table>\n<tr>\n<td>Connexion<\/td>\n<td>prise t\u00e9lescope 2&Prime; \/ cam\u00e9ra T2<\/td>\n<\/tr>\n<\/table>\n","protected":false},"excerpt":{"rendered":"<p>T\u00e9lescope Feldebner pour r\u00e9fracteurs f\/5.5 \u00e0 f\/6 pour la photographie DSLR<\/p>\n","protected":false},"featured_media":5754,"comment_status":"closed","ping_status":"open","template":"","meta":{"_acf_changed":false},"product_brand":[681],"product_cat":[1528,1522,1531,1339],"product_tag":[],"class_list":{"0":"post-62580","1":"product","2":"type-product","3":"status-publish","4":"has-post-thumbnail","6":"product_brand-sonstige","7":"product_cat-correcteurs-optiques","8":"product_cat-extensions-optiques","9":"product_cat-feldebner-fr","10":"product_cat-optique","12":"first","13":"instock","14":"taxable","15":"shipping-taxable","16":"purchasable","17":"product-type-simple"},"acf":[],"_links":{"self":[{"href":"https:\/\/www.teleskopshop.ch\/fr\/wp-json\/wp\/v2\/product\/62580","targetHints":{"allow":["GET"]}}],"collection":[{"href":"https:\/\/www.teleskopshop.ch\/fr\/wp-json\/wp\/v2\/product"}],"about":[{"href":"https:\/\/www.teleskopshop.ch\/fr\/wp-json\/wp\/v2\/types\/product"}],"replies":[{"embeddable":true,"href":"https:\/\/www.teleskopshop.ch\/fr\/wp-json\/wp\/v2\/comments?post=62580"}],"wp:featuredmedia":[{"embeddable":true,"href":"https:\/\/www.teleskopshop.ch\/fr\/wp-json\/wp\/v2\/media\/5754"}],"wp:attachment":[{"href":"https:\/\/www.teleskopshop.ch\/fr\/wp-json\/wp\/v2\/media?parent=62580"}],"wp:term":[{"taxonomy":"product_brand","embeddable":true,"href":"https:\/\/www.teleskopshop.ch\/fr\/wp-json\/wp\/v2\/product_brand?post=62580"},{"taxonomy":"product_cat","embeddable":true,"href":"https:\/\/www.teleskopshop.ch\/fr\/wp-json\/wp\/v2\/product_cat?post=62580"},{"taxonomy":"product_tag","embeddable":true,"href":"https:\/\/www.teleskopshop.ch\/fr\/wp-json\/wp\/v2\/product_tag?post=62580"}],"curies":[{"name":"wp","href":"https:\/\/api.w.org\/{rel}","templated":true}]}}