{"id":62550,"date":"2022-05-09T00:00:00","date_gmt":"2022-05-08T22:00:00","guid":{"rendered":"https:\/\/2025.teleskopshop.ch\/shop\/non%20class\u00e9\/acuter-spektiv-natureclose-st100b-geradsichtig\/"},"modified":"2025-01-25T11:46:10","modified_gmt":"2025-01-25T10:46:10","slug":"acuter-spektiv-natureclose-st100b-geradsichtig","status":"publish","type":"product","link":"https:\/\/www.teleskopshop.ch\/fr\/shop\/optique\/extensions-optiques\/oculaires\/oculaires-pour-telescopes-dobservation\/acuter-spektiv-natureclose-st100b-geradsichtig\/","title":{"rendered":"Longue-vue aig\u00fce Natureclose ST100B vision droite"},"content":{"rendered":"<p>La superbe longue-vue \u00e9tanche Acuter Natureclose est parfaite pour l&rsquo;observateur s\u00e9rieux de la nature. Il offre d&rsquo;excellentes performances optiques avec une imagerie haute d\u00e9finition nette et lumineuse sur l&rsquo;ensemble du champ. Un zoom 8-24 mm est inclus. Comme les oculaires disponibles en option avec des distances focales fixes, l&rsquo;oculaire zoom fourni a un d\u00e9gagement oculaire g\u00e9n\u00e9reux et des \u0153illetons pliables pour les porteurs de lunettes. Les lentilles d&rsquo;objectif sont multicouches pour une transmission maximale de la lumi\u00e8re et un contraste \u00e9lev\u00e9. La mise au point est tr\u00e8s douce. Le bo\u00eetier est recouvert d&rsquo;une peinture de protection en caoutchouc pour prot\u00e9ger l&rsquo;appareil des influences environnementales. La longue-vue est \u00e9quip\u00e9e d&rsquo;un fil photo standard pour la fixation sur un tr\u00e9pied. Un \u00e9tui de transport rembourr\u00e9 de haute qualit\u00e9 est inclus. Contenu de la livraison : sac de longue-vue 22-67&#215;100&nbsp;! L&rsquo;alimentation et les piles ne sont pas incluses&nbsp;!<\/p>\n<p>G\u00e9n\u00e9ral<\/p>\n<table>\n<tr>\n<td>Poids<\/td>\n<p> d&rsquo;exp\u00e9dition <\/p>\n<td>3 213 kg<\/td>\n<\/tr>\n<\/table>\n<table>\n<tr>\n<td>Taille<\/td>\n<p> d&rsquo;exp\u00e9dition <\/p>\n<td>56x16x18cm<\/td>\n<\/tr>\n<\/table>\n<p>observation de la nature<\/p>\n<table>\n<tr>\n<td>Type<\/td>\n<p> longue- <\/p>\n<td>vue \u00e0 zoom<\/td>\n<\/tr>\n<\/table>\n<table>\n<tr>\n<td>Grossissement<\/td>\n<td>22-67 fois<\/td>\n<\/tr>\n<\/table>\n<table>\n<tr>\n<td>Diam\u00e8tre de l&rsquo;objectif (mm)<\/td>\n<td>100<\/td>\n<\/tr>\n<\/table>\n<table>\n<tr>\n<td>Pupille de sortie (mm)<\/td>\n<td>1,49<\/td>\n<\/tr>\n<\/table>\n<table>\n<tr>\n<td>Cadran<\/td>\n<td>du syst\u00e8me de mise au point<\/td>\n<\/tr>\n<\/table>\n<table>\n<tr>Rev\u00eatement de <\/p>\n<td>lentille Rev\u00eatement<\/td>\n<td>multicouche<\/td>\n<\/tr>\n<\/table>\n","protected":false},"excerpt":{"rendered":"<p>Longue-vue \u00e9tanche Acuter 22-67&#215;100 rectivision<\/p>\n","protected":false},"featured_media":6714,"comment_status":"closed","ping_status":"open","template":"","meta":{"_acf_changed":false},"product_brand":[678],"product_cat":[1477,1504,1339],"product_tag":[],"class_list":{"0":"post-62550","1":"product","2":"type-product","3":"status-publish","4":"has-post-thumbnail","6":"product_brand-acuter","7":"product_cat-oculaires","8":"product_cat-oculaires-pour-telescopes-dobservation","9":"product_cat-optique","11":"first","12":"instock","13":"taxable","14":"shipping-taxable","15":"purchasable","16":"product-type-simple"},"acf":[],"_links":{"self":[{"href":"https:\/\/www.teleskopshop.ch\/fr\/wp-json\/wp\/v2\/product\/62550","targetHints":{"allow":["GET"]}}],"collection":[{"href":"https:\/\/www.teleskopshop.ch\/fr\/wp-json\/wp\/v2\/product"}],"about":[{"href":"https:\/\/www.teleskopshop.ch\/fr\/wp-json\/wp\/v2\/types\/product"}],"replies":[{"embeddable":true,"href":"https:\/\/www.teleskopshop.ch\/fr\/wp-json\/wp\/v2\/comments?post=62550"}],"wp:featuredmedia":[{"embeddable":true,"href":"https:\/\/www.teleskopshop.ch\/fr\/wp-json\/wp\/v2\/media\/6714"}],"wp:attachment":[{"href":"https:\/\/www.teleskopshop.ch\/fr\/wp-json\/wp\/v2\/media?parent=62550"}],"wp:term":[{"taxonomy":"product_brand","embeddable":true,"href":"https:\/\/www.teleskopshop.ch\/fr\/wp-json\/wp\/v2\/product_brand?post=62550"},{"taxonomy":"product_cat","embeddable":true,"href":"https:\/\/www.teleskopshop.ch\/fr\/wp-json\/wp\/v2\/product_cat?post=62550"},{"taxonomy":"product_tag","embeddable":true,"href":"https:\/\/www.teleskopshop.ch\/fr\/wp-json\/wp\/v2\/product_tag?post=62550"}],"curies":[{"name":"wp","href":"https:\/\/api.w.org\/{rel}","templated":true}]}}