{"id":62538,"date":"2022-05-09T00:00:00","date_gmt":"2022-05-08T22:00:00","guid":{"rendered":"https:\/\/2025.teleskopshop.ch\/shop\/non%20class\u00e9\/acuter-spektiv-natureclose-okular-5-mm\/"},"modified":"2025-01-25T11:47:02","modified_gmt":"2025-01-25T10:47:02","slug":"acuter-spektiv-natureclose-okular-5-mm","status":"publish","type":"product","link":"https:\/\/www.teleskopshop.ch\/fr\/shop\/optique\/extensions-optiques\/oculaires\/oculaires-pour-telescopes-dobservation\/acuter-spektiv-natureclose-okular-5-mm\/","title":{"rendered":"Longue-vue aig\u00fce Natureclose oculaire 5 mm"},"content":{"rendered":"<p>Ces oculaires \u00e9lectriques fixes multicouches de haute qualit\u00e9 sont disponibles s\u00e9par\u00e9ment pour \u00e9tendre les capacit\u00e9s de votre longue-vue Acuter Natureclose. Tous les oculaires sont \u00e9quip\u00e9s d&rsquo;\u0153illetons rabattables afin qu&rsquo;ils puissent \u00e9galement \u00eatre utilis\u00e9s par des porteurs de lunettes. Les oculaires donnent des grossissements diff\u00e9rents sur les diff\u00e9rentes longues-vues (65 mm \/ focale 386 mm, 80 mm \/ focale 480 mm, 100 mm \/ focale 540 mm) en raison des diff\u00e9rentes focales. Pour calculer le grossissement il suffit de diviser la distance focale de la longue-vue (en mm) par la distance focale de l&rsquo;oculaire (en mm). Il existe des oculaires avec des focales de 5 mm \u00e0 25 mm. Contenu de la livraison&nbsp;: oculaire de 5&nbsp;mm&nbsp;! L&rsquo;alimentation et les piles ne sont pas incluses&nbsp;!<\/p>\n<p>G\u00e9n\u00e9ral<\/p>\n<table>\n<tr>\n<td>Poids<\/td>\n<p> d&rsquo;exp\u00e9dition <\/p>\n<td>0,2 kg<\/td>\n<\/tr>\n<\/table>\n<table>\n<tr>\n<td>Taille<\/td>\n<p> d&rsquo;exp\u00e9dition <\/p>\n<td>12x6x6cm<\/td>\n<\/tr>\n<\/table>\n<p>observation de la nature<\/p>\n<table>\n<tr>\n<td>Type<\/td>\n<td>d&rsquo;oculaire interchangeable<\/td>\n<\/tr>\n<\/table>\n<table>\n<tr>Rev\u00eatement de <\/p>\n<td>lentille Rev\u00eatement<\/td>\n<td>multicouche<\/td>\n<\/tr>\n<\/table>\n","protected":false},"excerpt":{"rendered":"<p>Oculaire suppl\u00e9mentaire pour les longues-vues Acuter Natureclose<\/p>\n","protected":false},"featured_media":6686,"comment_status":"closed","ping_status":"open","template":"","meta":{"_acf_changed":false},"product_brand":[678],"product_cat":[1477,1504,1339],"product_tag":[],"class_list":{"0":"post-62538","1":"product","2":"type-product","3":"status-publish","4":"has-post-thumbnail","6":"product_brand-acuter","7":"product_cat-oculaires","8":"product_cat-oculaires-pour-telescopes-dobservation","9":"product_cat-optique","11":"first","12":"instock","13":"taxable","14":"shipping-taxable","15":"purchasable","16":"product-type-simple"},"acf":[],"_links":{"self":[{"href":"https:\/\/www.teleskopshop.ch\/fr\/wp-json\/wp\/v2\/product\/62538","targetHints":{"allow":["GET"]}}],"collection":[{"href":"https:\/\/www.teleskopshop.ch\/fr\/wp-json\/wp\/v2\/product"}],"about":[{"href":"https:\/\/www.teleskopshop.ch\/fr\/wp-json\/wp\/v2\/types\/product"}],"replies":[{"embeddable":true,"href":"https:\/\/www.teleskopshop.ch\/fr\/wp-json\/wp\/v2\/comments?post=62538"}],"wp:featuredmedia":[{"embeddable":true,"href":"https:\/\/www.teleskopshop.ch\/fr\/wp-json\/wp\/v2\/media\/6686"}],"wp:attachment":[{"href":"https:\/\/www.teleskopshop.ch\/fr\/wp-json\/wp\/v2\/media?parent=62538"}],"wp:term":[{"taxonomy":"product_brand","embeddable":true,"href":"https:\/\/www.teleskopshop.ch\/fr\/wp-json\/wp\/v2\/product_brand?post=62538"},{"taxonomy":"product_cat","embeddable":true,"href":"https:\/\/www.teleskopshop.ch\/fr\/wp-json\/wp\/v2\/product_cat?post=62538"},{"taxonomy":"product_tag","embeddable":true,"href":"https:\/\/www.teleskopshop.ch\/fr\/wp-json\/wp\/v2\/product_tag?post=62538"}],"curies":[{"name":"wp","href":"https:\/\/api.w.org\/{rel}","templated":true}]}}