{"id":62517,"date":"2022-05-09T00:00:00","date_gmt":"2022-05-08T22:00:00","guid":{"rendered":"https:\/\/2025.teleskopshop.ch\/shop\/non%20class\u00e9\/skywatcher-teleskop-weitwinkel-okular-6mm\/"},"modified":"2025-01-25T11:55:03","modified_gmt":"2025-01-25T10:55:03","slug":"skywatcher-teleskop-weitwinkel-okular-6mm","status":"publish","type":"product","link":"https:\/\/www.teleskopshop.ch\/fr\/shop\/optique\/extensions-optiques\/oculaires\/oculaires-1-25\/skywatcher-teleskop-weitwinkel-okular-6mm\/","title":{"rendered":"T\u00e9lescope Skywatcher oculaire grand angle 6mm"},"content":{"rendered":"<p>Ces oculaires grand angle Sky-Watcher avec rev\u00eatement multicouche et long d\u00e9gagement oculaire offrent un champ de vision g\u00e9n\u00e9reux de 66\u00b0. Ils permettent une image nette sur tout le champ. Les \u0153illetons en caoutchouc emp\u00eachent la lumi\u00e8re parasite d&rsquo;entrer et augmentent le confort visuel. Contenu de la livraison : oculaire de 6 mm avec canon de 1,25&Prime; Bouchons de protection contre la poussi\u00e8re ! Le bloc d&rsquo;alimentation et les piles ne sont pas inclus dans la livraison !<\/p>\n<p>G\u00e9n\u00e9ral<\/p>\n<table>\n<tr>\n<td>Poids<\/td>\n<p> d&rsquo;exp\u00e9dition <\/p>\n<td>0,143 kg<\/td>\n<\/tr>\n<\/table>\n<table>\n<tr>\n<td>Taille<\/td>\n<p> d&rsquo;exp\u00e9dition <\/p>\n<td>8.5&#215;4.5&#215;4.5cm<\/td>\n<\/tr>\n<\/table>\n<p>\u00e9quipement<\/p>\n<table>\n<tr>\n<td>Oculaire<\/td>\n<td>grand angle<\/td>\n<\/tr>\n<\/table>\n<table>\n<tr>\n<td>Distance focale (mm)<\/td>\n<td>6<\/td>\n<\/tr>\n<\/table>\n<table>\n<tr>\n<td>Champ de vision propre (\u00b0)<\/td>\n<td>66<\/td>\n<\/tr>\n<\/table>\n<table>\n<tr>\n<td>Connexion<\/td>\n<td>1.25&Prime;<\/td>\n<\/tr>\n<\/table>\n<table>\n<tr>Rev\u00eatement <\/p>\n<td>Rev\u00eatement<\/td>\n<td>multicouche<\/td>\n<\/tr>\n<\/table>\n","protected":false},"excerpt":{"rendered":"<p>T\u00e9lescope Skywatcher oculaire grand angle 66\u00b0 avec connecteur 1,25&Prime;<\/p>\n","protected":false},"featured_media":5942,"comment_status":"closed","ping_status":"open","template":"","meta":{"_acf_changed":false},"product_brand":[675],"product_cat":[1477,1480,1483,1339],"product_tag":[],"class_list":{"0":"post-62517","1":"product","2":"type-product","3":"status-publish","4":"has-post-thumbnail","6":"product_brand-skywatcher","7":"product_cat-oculaires","8":"product_cat-oculaires-1-25","9":"product_cat-oculaires-2","10":"product_cat-optique","12":"first","13":"instock","14":"taxable","15":"shipping-taxable","16":"purchasable","17":"product-type-simple"},"acf":[],"_links":{"self":[{"href":"https:\/\/www.teleskopshop.ch\/fr\/wp-json\/wp\/v2\/product\/62517","targetHints":{"allow":["GET"]}}],"collection":[{"href":"https:\/\/www.teleskopshop.ch\/fr\/wp-json\/wp\/v2\/product"}],"about":[{"href":"https:\/\/www.teleskopshop.ch\/fr\/wp-json\/wp\/v2\/types\/product"}],"replies":[{"embeddable":true,"href":"https:\/\/www.teleskopshop.ch\/fr\/wp-json\/wp\/v2\/comments?post=62517"}],"wp:featuredmedia":[{"embeddable":true,"href":"https:\/\/www.teleskopshop.ch\/fr\/wp-json\/wp\/v2\/media\/5942"}],"wp:attachment":[{"href":"https:\/\/www.teleskopshop.ch\/fr\/wp-json\/wp\/v2\/media?parent=62517"}],"wp:term":[{"taxonomy":"product_brand","embeddable":true,"href":"https:\/\/www.teleskopshop.ch\/fr\/wp-json\/wp\/v2\/product_brand?post=62517"},{"taxonomy":"product_cat","embeddable":true,"href":"https:\/\/www.teleskopshop.ch\/fr\/wp-json\/wp\/v2\/product_cat?post=62517"},{"taxonomy":"product_tag","embeddable":true,"href":"https:\/\/www.teleskopshop.ch\/fr\/wp-json\/wp\/v2\/product_tag?post=62517"}],"curies":[{"name":"wp","href":"https:\/\/api.w.org\/{rel}","templated":true}]}}