{"id":62505,"date":"2022-05-09T00:00:00","date_gmt":"2022-05-08T22:00:00","guid":{"rendered":"https:\/\/2025.teleskopshop.ch\/shop\/non%20class\u00e9\/skywatcher-planetary-9mm-teleskop-okular\/"},"modified":"2025-01-25T11:48:42","modified_gmt":"2025-01-25T10:48:42","slug":"skywatcher-planetary-9mm-teleskop-okular","status":"publish","type":"product","link":"https:\/\/www.teleskopshop.ch\/fr\/shop\/optique\/extensions-optiques\/oculaires\/oculaires-1-25\/skywatcher-planetary-9mm-teleskop-okular\/","title":{"rendered":"Oculaire de t\u00e9lescope Skywatcher Planetary 9mm"},"content":{"rendered":"<p>Les oculaires plan\u00e9taires Skywatcher sont id\u00e9aux pour le grossissement \u00e9lev\u00e9 requis sur votre t\u00e9lescope lors de l&rsquo;observation de d\u00e9tails plan\u00e9taires et lunaires fins. La conception est bas\u00e9e sur un Pl\u00f6ssl modifi\u00e9. L&rsquo;oculaire \u00e0 cinq lentilles enti\u00e8rement multicouche a un champ de vision de 58 degr\u00e9s et se caract\u00e9rise par une faible distorsion, un contraste \u00e9lev\u00e9 et un grand confort d&rsquo;observation. Les oculaires ont un \u0153illeton en caoutchouc pliable et r\u00e9glable et un d\u00e9gagement oculaire g\u00e9n\u00e9reux de 16 mm, ce qui les rend confortables \u00e0 utiliser m\u00eame pour ceux qui portent des lunettes. Les oculaires sont \u00e9quip\u00e9s d&rsquo;anneaux de pr\u00e9hension en caoutchouc molet\u00e9s et d&rsquo;un filetage pour les filtres standard de 1,25&Prime;. Contenu de la livraison : oculaire de 9 mm avec canon de 1,25&Prime; Capuchons de protection contre la poussi\u00e8re ! L&rsquo;alimentation et les piles ne sont pas incluses dans la livraison !<\/p>\n<p>G\u00e9n\u00e9ral<\/p>\n<table>\n<tr>\n<td>Poids<\/td>\n<p> d&rsquo;exp\u00e9dition <\/p>\n<td>0,242 kg<\/td>\n<\/tr>\n<\/table>\n<table>\n<tr>\n<td>Taille<\/td>\n<p> d&rsquo;exp\u00e9dition <\/p>\n<td>10.5x6x5.5cm<\/td>\n<\/tr>\n<\/table>\n<p>\u00e9quipement<\/p>\n<table>\n<tr>\n<td>Type<\/td>\n<td>oculaire plan\u00e9taire grand angle<\/td>\n<\/tr>\n<\/table>\n<table>\n<tr>\n<td>Distance focale (mm)<\/td>\n<td>9<\/td>\n<\/tr>\n<\/table>\n<table>\n<tr>\n<td>Champ de vision propre (\u00b0)<\/td>\n<td>58<\/td>\n<\/tr>\n<\/table>\n<table>\n<tr>\n<td>Connexion<\/td>\n<td>1.25&Prime;<\/td>\n<\/tr>\n<\/table>\n<table>\n<tr>Rev\u00eatement <\/p>\n<td>Rev\u00eatement<\/td>\n<td>multicouche<\/td>\n<\/tr>\n<\/table>\n","protected":false},"excerpt":{"rendered":"<p>Skywatcher Planetary 58\u00b0 grand angle UWA 1,25&Prime; t\u00e9lescope oculaire<\/p>\n","protected":false},"featured_media":5874,"comment_status":"closed","ping_status":"open","template":"","meta":{"_acf_changed":false},"product_brand":[675],"product_cat":[1477,1480,1483,1339],"product_tag":[],"class_list":{"0":"post-62505","1":"product","2":"type-product","3":"status-publish","4":"has-post-thumbnail","6":"product_brand-skywatcher","7":"product_cat-oculaires","8":"product_cat-oculaires-1-25","9":"product_cat-oculaires-2","10":"product_cat-optique","12":"first","13":"instock","14":"taxable","15":"shipping-taxable","16":"purchasable","17":"product-type-simple"},"acf":[],"_links":{"self":[{"href":"https:\/\/www.teleskopshop.ch\/fr\/wp-json\/wp\/v2\/product\/62505","targetHints":{"allow":["GET"]}}],"collection":[{"href":"https:\/\/www.teleskopshop.ch\/fr\/wp-json\/wp\/v2\/product"}],"about":[{"href":"https:\/\/www.teleskopshop.ch\/fr\/wp-json\/wp\/v2\/types\/product"}],"replies":[{"embeddable":true,"href":"https:\/\/www.teleskopshop.ch\/fr\/wp-json\/wp\/v2\/comments?post=62505"}],"wp:featuredmedia":[{"embeddable":true,"href":"https:\/\/www.teleskopshop.ch\/fr\/wp-json\/wp\/v2\/media\/5874"}],"wp:attachment":[{"href":"https:\/\/www.teleskopshop.ch\/fr\/wp-json\/wp\/v2\/media?parent=62505"}],"wp:term":[{"taxonomy":"product_brand","embeddable":true,"href":"https:\/\/www.teleskopshop.ch\/fr\/wp-json\/wp\/v2\/product_brand?post=62505"},{"taxonomy":"product_cat","embeddable":true,"href":"https:\/\/www.teleskopshop.ch\/fr\/wp-json\/wp\/v2\/product_cat?post=62505"},{"taxonomy":"product_tag","embeddable":true,"href":"https:\/\/www.teleskopshop.ch\/fr\/wp-json\/wp\/v2\/product_tag?post=62505"}],"curies":[{"name":"wp","href":"https:\/\/api.w.org\/{rel}","templated":true}]}}