{"id":62478,"date":"2022-05-09T00:00:00","date_gmt":"2022-05-08T22:00:00","guid":{"rendered":"https:\/\/2025.teleskopshop.ch\/shop\/non%20class\u00e9\/skywatcher-super-ploessl-teleskop-okularset\/"},"modified":"2025-01-25T11:48:25","modified_gmt":"2025-01-25T10:48:25","slug":"skywatcher-super-ploessl-teleskop-okularset","status":"publish","type":"product","link":"https:\/\/www.teleskopshop.ch\/fr\/shop\/optique\/extensions-optiques\/oculaires\/oculaires-1-25\/skywatcher-super-ploessl-teleskop-okularset\/","title":{"rendered":"Ensemble d&rsquo;oculaires pour t\u00e9lescope Skywatcher Super Pl\u00f6ssl"},"content":{"rendered":"<p>Ensemble d&rsquo;oculaires Sky-Watcher compos\u00e9 des 4 oculaires Super Pl\u00f6ssl 7,5 mm 12,5 mm 17 mm et 20 mm ainsi que de 4 filtres dans les couleurs ambre, bleu, gris neutre et filtre lunaire. Vous recevrez \u00e9galement une lampe de poche LED qui peut \u00eatre r\u00e9gl\u00e9e sur la lumi\u00e8re rouge et blanche. Ces oculaires standard de 1,25&Prime; \u00e9tablissent une norme \u00e9lev\u00e9e pour les oculaires de t\u00e9lescope modernes. La conception Pl\u00f6ssl \u00e0 4 lentilles \u00e9prouv\u00e9e permet une image pr\u00e9cise sur l&rsquo;ensemble du champ de vision large de 52\u00b0. L&rsquo;utilisation de verres optiques de haute qualit\u00e9, un excellent rev\u00eatement multiple et le Le noircissement des bords de l&rsquo;objectif garantit de superbes oculaires de la s\u00e9rie Sky-Watcher SP \u00e0 contraste \u00e9lev\u00e9 minimisant l&rsquo;aberration sph\u00e9rique hors axe, la distorsion, l&rsquo;astigmatisme et l&rsquo;aberration chromatique hors axe, tandis que les \u00e9l\u00e9ments optiques surdimensionn\u00e9s offrent \u00e0 l&rsquo;observateur un d\u00e9gagement oculaire luxueux. standard avec chaque oculaire SP, et tous sauf les trois plus petits oculaires ont un anneau de pr\u00e9hension en caoutchouc. Que vous r\u00e9alisiez des d\u00e9tails plan\u00e9taires fins ou une observation du ciel profond, que vous poss\u00e9diez un Newtonien, un r\u00e9fracteur ou un catadioptre, la haute performance des oculaires de la s\u00e9rie SP va te montrer que Maximum. Contenu de la livraison : 4 oculaires Super Pl\u00f6ssl avec canon de 1,25&Prime;, capuchons anti-poussi\u00e8re, 4 filtres d&rsquo;oculaire, lampe de poche \u00e0 lumi\u00e8re rouge, \u00e9tui ! L&rsquo;alimentation et les piles ne sont pas incluses dans la livraison !<\/p>\n<p>G\u00e9n\u00e9ral<\/p>\n<table>\n<tr>\n<td>Poids<\/td>\n<p> d&rsquo;exp\u00e9dition 1 <\/p>\n<td>018 kg<\/td>\n<\/tr>\n<\/table>\n<table>\n<tr>\n<td>Taille<\/td>\n<p> d&rsquo;exp\u00e9dition <\/p>\n<td>26.5x17x8.5cm<\/td>\n<\/tr>\n<\/table>\n<p>\u00e9quipement<\/p>\n<table>\n<tr>\n<td>Type<\/td>\n<td>Jeu d&rsquo;oculaires \/ jeu de filtres Super Pl\u00f6ssl<\/td>\n<\/tr>\n<\/table>\n<table>\n<tr>\n<td>Distance focale (mm)<\/td>\n<td>7,5 mm \/ 12,5 mm \/ 17 mm \/ 20 mm<\/td>\n<\/tr>\n<\/table>\n<table>\n<tr>\n<td>Champ de vision propre (\u00b0)<\/td>\n<td>52<\/td>\n<\/tr>\n<\/table>\n<table>\n<tr>\n<td>Connexion<\/td>\n<td>1.25&Prime; \/ filetage 28.5mm filtre<\/td>\n<\/tr>\n<\/table>\n","protected":false},"excerpt":{"rendered":"<p>Ensemble d&rsquo;oculaires de t\u00e9lescope Skywatcher 4 Super Pl\u00f6ssl, 4 filtres et lampe de poche \u00e0 lumi\u00e8re rouge<\/p>\n","protected":false},"featured_media":5918,"comment_status":"closed","ping_status":"open","template":"","meta":{"_acf_changed":false},"product_brand":[675],"product_cat":[1477,1480,1339],"product_tag":[],"class_list":{"0":"post-62478","1":"product","2":"type-product","3":"status-publish","4":"has-post-thumbnail","6":"product_brand-skywatcher","7":"product_cat-oculaires","8":"product_cat-oculaires-1-25","9":"product_cat-optique","11":"first","12":"instock","13":"taxable","14":"shipping-taxable","15":"purchasable","16":"product-type-simple"},"acf":[],"_links":{"self":[{"href":"https:\/\/www.teleskopshop.ch\/fr\/wp-json\/wp\/v2\/product\/62478","targetHints":{"allow":["GET"]}}],"collection":[{"href":"https:\/\/www.teleskopshop.ch\/fr\/wp-json\/wp\/v2\/product"}],"about":[{"href":"https:\/\/www.teleskopshop.ch\/fr\/wp-json\/wp\/v2\/types\/product"}],"replies":[{"embeddable":true,"href":"https:\/\/www.teleskopshop.ch\/fr\/wp-json\/wp\/v2\/comments?post=62478"}],"wp:featuredmedia":[{"embeddable":true,"href":"https:\/\/www.teleskopshop.ch\/fr\/wp-json\/wp\/v2\/media\/5918"}],"wp:attachment":[{"href":"https:\/\/www.teleskopshop.ch\/fr\/wp-json\/wp\/v2\/media?parent=62478"}],"wp:term":[{"taxonomy":"product_brand","embeddable":true,"href":"https:\/\/www.teleskopshop.ch\/fr\/wp-json\/wp\/v2\/product_brand?post=62478"},{"taxonomy":"product_cat","embeddable":true,"href":"https:\/\/www.teleskopshop.ch\/fr\/wp-json\/wp\/v2\/product_cat?post=62478"},{"taxonomy":"product_tag","embeddable":true,"href":"https:\/\/www.teleskopshop.ch\/fr\/wp-json\/wp\/v2\/product_tag?post=62478"}],"curies":[{"name":"wp","href":"https:\/\/api.w.org\/{rel}","templated":true}]}}