{"id":62464,"date":"2022-05-09T00:00:00","date_gmt":"2022-05-08T22:00:00","guid":{"rendered":"https:\/\/2025.teleskopshop.ch\/shop\/non%20class\u00e9\/skywatcher-sp-serie-super-ploessl-teleskop-okular-40mm\/"},"modified":"2025-01-25T11:54:52","modified_gmt":"2025-01-25T10:54:52","slug":"skywatcher-sp-serie-super-ploessl-teleskop-okular-40mm","status":"publish","type":"product","link":"https:\/\/www.teleskopshop.ch\/fr\/shop\/optique\/extensions-optiques\/oculaires\/oculaires-1-25\/skywatcher-sp-serie-super-ploessl-teleskop-okular-40mm\/","title":{"rendered":"Skywatcher SP s\u00e9rie Super Pl\u00f6ssl t\u00e9lescope oculaire 40mm"},"content":{"rendered":"<p>Ces oculaires Skywatcher Standard 1,25&Prime; \u00e9tablissent une norme \u00e9lev\u00e9e pour les oculaires de t\u00e9lescope modernes. La conception Pl\u00f6ssl \u00e0 4 lentilles \u00e9prouv\u00e9e permet une imagerie pr\u00e9cise sur l&rsquo;ensemble du champ de vision large de 46\u00b0. L&rsquo;utilisation de verres optiques de haute qualit\u00e9, un excellent rev\u00eatement multiple et un noircissement des bords de l&rsquo;objectif garantissent un contraste superbe et \u00e9lev\u00e9. Les oculaires de la s\u00e9rie Skywatcher SP minimisent l&rsquo;aberration sph\u00e9rique hors axe, la distorsion, l&rsquo;astigmatisme et l&rsquo;aberration chromatique hors axe, tandis que les \u00e9l\u00e9ments optiques surdimensionn\u00e9s offrent \u00e0 l&rsquo;observateur un soulagement oculaire luxueux. La lumi\u00e8re parasite est \u00e9limin\u00e9e par les \u0153illetons en caoutchouc pliables, qui sont standard avec chaque oculaire SP, et tous les oculaires sauf les trois plus petits ont un anneau de pr\u00e9hension en caoutchouc. Les oculaires haute performance de la s\u00e9rie SP montrent vous le maximum. Contenu de la livraison : oculaire de 40 mm avec canon de 1,25&Prime; Bouchons de protection contre la poussi\u00e8re ! L&rsquo;alimentation et les piles ne sont pas incluses dans la livraison !<\/p>\n<p>G\u00e9n\u00e9ral<\/p>\n<table>\n<tr>\n<td>Poids<\/td>\n<p> d&rsquo;exp\u00e9dition <\/p>\n<td>0,180 kg<\/td>\n<\/tr>\n<\/table>\n<table>\n<tr>\n<td>Taille<\/td>\n<p> d&rsquo;exp\u00e9dition <\/p>\n<td>12x5x4.5cm<\/td>\n<\/tr>\n<\/table>\n<p>\u00e9quipement<\/p>\n<table>\n<tr>\n<td>Oculaire<\/td>\n<td>Super Pl\u00f6ssl<\/td>\n<\/tr>\n<\/table>\n<table>\n<tr>\n<td>Distance focale (mm)<\/td>\n<td>40<\/td>\n<\/tr>\n<\/table>\n<table>\n<tr>\n<td>Champ de vision propre (\u00b0)<\/td>\n<td>46<\/td>\n<\/tr>\n<\/table>\n<table>\n<tr>\n<td>Connexion<\/td>\n<td>1.25&Prime;<\/td>\n<\/tr>\n<\/table>\n<table>\n<tr>Rev\u00eatement <\/p>\n<td>Rev\u00eatement<\/td>\n<td>multicouche<\/td>\n<\/tr>\n<\/table>\n","protected":false},"excerpt":{"rendered":"<p>Oculaires de t\u00e9lescope Skywatcher Super Pl\u00f6ssl (rev\u00eatement multicouche, champ de vision de 46\u00b0)<\/p>\n","protected":false},"featured_media":5902,"comment_status":"closed","ping_status":"open","template":"","meta":{"_acf_changed":false},"product_brand":[675],"product_cat":[1477,1480,1339],"product_tag":[],"class_list":{"0":"post-62464","1":"product","2":"type-product","3":"status-publish","4":"has-post-thumbnail","6":"product_brand-skywatcher","7":"product_cat-oculaires","8":"product_cat-oculaires-1-25","9":"product_cat-optique","11":"first","12":"instock","13":"taxable","14":"shipping-taxable","15":"purchasable","16":"product-type-simple"},"acf":[],"_links":{"self":[{"href":"https:\/\/www.teleskopshop.ch\/fr\/wp-json\/wp\/v2\/product\/62464","targetHints":{"allow":["GET"]}}],"collection":[{"href":"https:\/\/www.teleskopshop.ch\/fr\/wp-json\/wp\/v2\/product"}],"about":[{"href":"https:\/\/www.teleskopshop.ch\/fr\/wp-json\/wp\/v2\/types\/product"}],"replies":[{"embeddable":true,"href":"https:\/\/www.teleskopshop.ch\/fr\/wp-json\/wp\/v2\/comments?post=62464"}],"wp:featuredmedia":[{"embeddable":true,"href":"https:\/\/www.teleskopshop.ch\/fr\/wp-json\/wp\/v2\/media\/5902"}],"wp:attachment":[{"href":"https:\/\/www.teleskopshop.ch\/fr\/wp-json\/wp\/v2\/media?parent=62464"}],"wp:term":[{"taxonomy":"product_brand","embeddable":true,"href":"https:\/\/www.teleskopshop.ch\/fr\/wp-json\/wp\/v2\/product_brand?post=62464"},{"taxonomy":"product_cat","embeddable":true,"href":"https:\/\/www.teleskopshop.ch\/fr\/wp-json\/wp\/v2\/product_cat?post=62464"},{"taxonomy":"product_tag","embeddable":true,"href":"https:\/\/www.teleskopshop.ch\/fr\/wp-json\/wp\/v2\/product_tag?post=62464"}],"curies":[{"name":"wp","href":"https:\/\/api.w.org\/{rel}","templated":true}]}}