{"id":62440,"date":"2022-05-09T00:00:00","date_gmt":"2022-05-08T22:00:00","guid":{"rendered":"https:\/\/2025.teleskopshop.ch\/shop\/non%20class\u00e9\/skywatcher-7mm-21mm-zoom-teleskop-okular\/"},"modified":"2025-01-25T11:48:46","modified_gmt":"2025-01-25T10:48:46","slug":"skywatcher-7mm-21mm-zoom-teleskop-okular","status":"publish","type":"product","link":"https:\/\/www.teleskopshop.ch\/fr\/shop\/optique\/extensions-optiques\/oculaires\/oculaires-1-25\/skywatcher-7mm-21mm-zoom-teleskop-okular\/","title":{"rendered":"Oculaire de t\u00e9lescope \u00e0 zoom Skywatcher 7mm &#8211; 21mm"},"content":{"rendered":"<p>Oculaire zoom standard Skywatcher 7-21 mm pour t\u00e9lescopes avec connexion 1,25&Prime;. Certaines distances focales sont imprim\u00e9es sur l&rsquo;\u00e9chelle de l&rsquo;oculaire pour une meilleure orientation. L&rsquo;oculaire a un \u0153illeton confortable et haut. Une solution d&rsquo;oculaire pratique, car vous n&rsquo;avez besoin que d&rsquo;un seul oculaire pour plusieurs Contenu de la livraison : oculaire zoom 7-21 mm avec canon de 1,25&Prime; Bouchons de protection contre la poussi\u00e8re ! L&rsquo;alimentation \u00e9lectrique et les piles ne sont pas incluses dans la livraison !<\/p>\n<p>G\u00e9n\u00e9ral<\/p>\n<table>\n<tr>\n<td>Poids<\/td>\n<p> d&rsquo;exp\u00e9dition <\/p>\n<td>0,203 kg<\/td>\n<\/tr>\n<\/table>\n<table>\n<tr>\n<td>Taille<\/td>\n<p> d&rsquo;exp\u00e9dition <\/p>\n<td>10x5x5cm<\/td>\n<\/tr>\n<\/table>\n<p>\u00e9quipement<\/p>\n<table>\n<tr>\n<td>Oculaire zoom de<\/td>\n<td>type<\/td>\n<p> 1,25&Prime;<\/tr>\n<\/table>\n<table>\n<tr>\n<td>Distance focale (mm)<\/td>\n<td>7-21<\/td>\n<\/tr>\n<\/table>\n<table>\n<tr>\n<td>Connexion<\/td>\n<td>1.25&Prime;<\/td>\n<\/tr>\n<\/table>\n","protected":false},"excerpt":{"rendered":"<p>Skywatcher Standard T\u00e9lescope Zoom Oculaire 1.25&Prime; 7mm \u00e0 21mm<\/p>\n","protected":false},"featured_media":5846,"comment_status":"closed","ping_status":"open","template":"","meta":{"_acf_changed":false},"product_brand":[675],"product_cat":[1477,1480,1339],"product_tag":[],"class_list":{"0":"post-62440","1":"product","2":"type-product","3":"status-publish","4":"has-post-thumbnail","6":"product_brand-skywatcher","7":"product_cat-oculaires","8":"product_cat-oculaires-1-25","9":"product_cat-optique","11":"first","12":"instock","13":"taxable","14":"shipping-taxable","15":"purchasable","16":"product-type-simple"},"acf":[],"_links":{"self":[{"href":"https:\/\/www.teleskopshop.ch\/fr\/wp-json\/wp\/v2\/product\/62440","targetHints":{"allow":["GET"]}}],"collection":[{"href":"https:\/\/www.teleskopshop.ch\/fr\/wp-json\/wp\/v2\/product"}],"about":[{"href":"https:\/\/www.teleskopshop.ch\/fr\/wp-json\/wp\/v2\/types\/product"}],"replies":[{"embeddable":true,"href":"https:\/\/www.teleskopshop.ch\/fr\/wp-json\/wp\/v2\/comments?post=62440"}],"wp:featuredmedia":[{"embeddable":true,"href":"https:\/\/www.teleskopshop.ch\/fr\/wp-json\/wp\/v2\/media\/5846"}],"wp:attachment":[{"href":"https:\/\/www.teleskopshop.ch\/fr\/wp-json\/wp\/v2\/media?parent=62440"}],"wp:term":[{"taxonomy":"product_brand","embeddable":true,"href":"https:\/\/www.teleskopshop.ch\/fr\/wp-json\/wp\/v2\/product_brand?post=62440"},{"taxonomy":"product_cat","embeddable":true,"href":"https:\/\/www.teleskopshop.ch\/fr\/wp-json\/wp\/v2\/product_cat?post=62440"},{"taxonomy":"product_tag","embeddable":true,"href":"https:\/\/www.teleskopshop.ch\/fr\/wp-json\/wp\/v2\/product_tag?post=62440"}],"curies":[{"name":"wp","href":"https:\/\/api.w.org\/{rel}","templated":true}]}}