{"id":62431,"date":"2022-05-09T00:00:00","date_gmt":"2022-05-08T22:00:00","guid":{"rendered":"https:\/\/2025.teleskopshop.ch\/shop\/non%20class\u00e9\/nirvana-es-uwa-82-16mm-1-25-okular\/"},"modified":"2025-01-25T11:48:50","modified_gmt":"2025-01-25T10:48:50","slug":"nirvana-es-uwa-82-16mm-1-25-okular","status":"publish","type":"product","link":"https:\/\/www.teleskopshop.ch\/fr\/shop\/optique\/extensions-optiques\/oculaires\/oculaires-1-25\/nirvana-es-uwa-82-16mm-1-25-okular\/","title":{"rendered":"Oculaire Nirvana-ES UWA 82\u00b0 16mm 1.25&Prime;"},"content":{"rendered":"<p>Ces oculaires de t\u00e9lescope ultra grand angle Helios de haute qualit\u00e9 permettent des exp\u00e9riences d&rsquo;observation \u00e0 couper le souffle et repr\u00e9sentent une forte concurrence pour les principaux fabricants haut de gamme \u00e0 un prix tr\u00e8s raisonnable. Le grand champ de vision de 82\u00b0 et la superbe correction du champ sur tout le champ de vision ainsi que l&rsquo;excellent contraste combin\u00e9 permettent des exp\u00e9riences d&rsquo;observation merveilleuses, intensives et durables. Il fonctionne tr\u00e8s bien dans les t\u00e9lescopes de tous les rapports focaux. L&rsquo;oculaire contient 7 lentilles en 4 groupes distincts. Cette conception d&rsquo;oculaire exotique comprend de grandes lentilles oculaires et un \u0153illeton en caoutchouc souple et r\u00e9glable pour une visualisation confortable. Les oculaires sont enti\u00e8rement multicouches, les bords des lentilles ont \u00e9t\u00e9 noircis et ils sont \u00e9quip\u00e9s d&rsquo;ouvertures internes et sont parfocaux. Le d\u00e9gagement oculaire est de 12 mm. Magnifiquement fini en aluminium anodis\u00e9 noir brillant avec mains courantes en caoutchouc molet\u00e9. Le canon est \u00e9quip\u00e9 d&rsquo;un filetage de filtre de 1,25&Prime;. Contenu de la livraison : oculaire de 16 mm avec canon de 1,25&Prime; Bouchons de protection contre la poussi\u00e8re ! L&rsquo;alimentation et les piles ne sont pas incluses !<\/p>\n<p>G\u00e9n\u00e9ral<\/p>\n<table>\n<tr>\n<td>Poids<\/td>\n<p> d&rsquo;exp\u00e9dition <\/p>\n<td>0,17 kg<\/td>\n<\/tr>\n<\/table>\n<table>\n<tr>\n<td>Taille<\/td>\n<p> d&rsquo;exp\u00e9dition <\/p>\n<td>11&#215;6.5&#215;6.5cm<\/td>\n<\/tr>\n<\/table>\n<p>\u00e9quipement<\/p>\n<table>\n<tr>\n<td>Type<\/td>\n<td>oculaire ultra grand angle<\/td>\n<\/tr>\n<\/table>\n<table>\n<tr>\n<td>Distance focale (mm)<\/td>\n<td>16<\/td>\n<\/tr>\n<\/table>\n<table>\n<tr>\n<td>Champ de vision propre (\u00b0)<\/td>\n<td>82<\/td>\n<\/tr>\n<\/table>\n<table>\n<tr>\n<td>Connexion<\/td>\n<td>1.25&Prime;<\/td>\n<\/tr>\n<\/table>\n<table>\n<tr>\n<td>Compensation Compensation<\/td>\n<td>multicouche large bande<\/td>\n<\/tr>\n<\/table>\n","protected":false},"excerpt":{"rendered":"<p>Oculaire de t\u00e9lescope ultra grand angle 82\u00b0 de haute qualit\u00e9 &#8211; nouvelle s\u00e9rie !<\/p>\n","protected":false},"featured_media":5830,"comment_status":"closed","ping_status":"open","template":"","meta":{"_acf_changed":false},"product_brand":[692],"product_cat":[1477,1480,1339],"product_tag":[],"class_list":{"0":"post-62431","1":"product","2":"type-product","3":"status-publish","4":"has-post-thumbnail","6":"product_brand-nirvana","7":"product_cat-oculaires","8":"product_cat-oculaires-1-25","9":"product_cat-optique","11":"first","12":"instock","13":"taxable","14":"shipping-taxable","15":"purchasable","16":"product-type-simple"},"acf":[],"_links":{"self":[{"href":"https:\/\/www.teleskopshop.ch\/fr\/wp-json\/wp\/v2\/product\/62431","targetHints":{"allow":["GET"]}}],"collection":[{"href":"https:\/\/www.teleskopshop.ch\/fr\/wp-json\/wp\/v2\/product"}],"about":[{"href":"https:\/\/www.teleskopshop.ch\/fr\/wp-json\/wp\/v2\/types\/product"}],"replies":[{"embeddable":true,"href":"https:\/\/www.teleskopshop.ch\/fr\/wp-json\/wp\/v2\/comments?post=62431"}],"wp:featuredmedia":[{"embeddable":true,"href":"https:\/\/www.teleskopshop.ch\/fr\/wp-json\/wp\/v2\/media\/5830"}],"wp:attachment":[{"href":"https:\/\/www.teleskopshop.ch\/fr\/wp-json\/wp\/v2\/media?parent=62431"}],"wp:term":[{"taxonomy":"product_brand","embeddable":true,"href":"https:\/\/www.teleskopshop.ch\/fr\/wp-json\/wp\/v2\/product_brand?post=62431"},{"taxonomy":"product_cat","embeddable":true,"href":"https:\/\/www.teleskopshop.ch\/fr\/wp-json\/wp\/v2\/product_cat?post=62431"},{"taxonomy":"product_tag","embeddable":true,"href":"https:\/\/www.teleskopshop.ch\/fr\/wp-json\/wp\/v2\/product_tag?post=62431"}],"curies":[{"name":"wp","href":"https:\/\/api.w.org\/{rel}","templated":true}]}}