{"id":62428,"date":"2022-05-09T00:00:00","date_gmt":"2022-05-08T22:00:00","guid":{"rendered":"https:\/\/2025.teleskopshop.ch\/shop\/non%20class\u00e9\/myriad-5mm-teleskop-okular\/"},"modified":"2025-01-25T11:48:43","modified_gmt":"2025-01-25T10:48:43","slug":"myriad-5mm-teleskop-okular","status":"publish","type":"product","link":"https:\/\/www.teleskopshop.ch\/fr\/shop\/optique\/extensions-optiques\/oculaires\/oculaires-1-25\/myriad-5mm-teleskop-okular\/","title":{"rendered":"Oculaire de t\u00e9lescope Myriad 5 mm"},"content":{"rendered":"<p>Pour une exp\u00e9rience grand angle ultime et intense sur votre t\u00e9lescope, les oculaires exotiques OVL Myriad ont un champ de vision incroyable de 110 degr\u00e9s ! L&rsquo;oculaire Myriad 5 mm se compose de 8 lentilles r\u00e9parties en 6 groupes. Toutes les lentilles sont multicouches et les bords ont \u00e9t\u00e9 noircis pour une transmission de la lumi\u00e8re et un contraste maximum. L&rsquo;oculaire a \u00e0 la fois une prise de 1,25&Prime; et une prise de 2&Prime;. Le manchon 2&Prime; peut \u00eatre d\u00e9viss\u00e9 \u00e0 cet effet. Les connexions acceptent les filtres 1,25&Prime; et 2&Prime;. Le d\u00e9gagement oculaire de l&rsquo;oculaire est de 15 mm. Pour une vue confortable, les oculaires sont \u00e9quip\u00e9s d&rsquo;un \u0153illeton en caoutchouc r\u00e9glable. Le bo\u00eetier a \u00e9t\u00e9 fabriqu\u00e9 en aluminium anodis\u00e9 noir brillant Contenu de la livraison : oculaire de 5 mm avec canon amovible de 2&Prime; Bouchons de protection contre la poussi\u00e8re ! L&rsquo;alimentation et les piles ne sont pas incluses dans la livraison !<\/p>\n<p>G\u00e9n\u00e9ral<\/p>\n<table>\n<tr>\n<td>Poids<\/td>\n<p> d&rsquo;exp\u00e9dition <\/p>\n<td>0,7 kg<\/td>\n<\/tr>\n<\/table>\n<table>\n<tr>\n<td>Taille<\/td>\n<p> d&rsquo;exp\u00e9dition <\/p>\n<td>20.5&#215;11.5&#215;9.5cm<\/td>\n<\/tr>\n<\/table>\n<p>\u00e9quipement<\/p>\n<table>\n<tr>\n<td>Type<\/td>\n<td>oculaire ultra grand angle 110\u00b0<\/td>\n<\/tr>\n<\/table>\n<table>\n<tr>\n<td>Distance focale (mm)<\/td>\n<td>5<\/td>\n<\/tr>\n<\/table>\n<table>\n<tr>\n<td>Champ de vision propre (\u00b0)<\/td>\n<td>110<\/td>\n<\/tr>\n<\/table>\n<table>\n<tr>\n<td>Connexion<\/td>\n<td>1.25&Prime; et 2&Prime;<\/td>\n<\/tr>\n<\/table>\n<table>\n<tr>\n<td>Compensation Compensation<\/td>\n<td>multicouche large bande<\/td>\n<\/tr>\n<\/table>\n","protected":false},"excerpt":{"rendered":"<p>T\u00e9lescope 5mm oculaire ultra grand angle 110\u00b0<\/p>\n","protected":false},"featured_media":5826,"comment_status":"closed","ping_status":"open","template":"","meta":{"_acf_changed":false},"product_brand":[691],"product_cat":[1477,1480,1339],"product_tag":[],"class_list":{"0":"post-62428","1":"product","2":"type-product","3":"status-publish","4":"has-post-thumbnail","6":"product_brand-myriad","7":"product_cat-oculaires","8":"product_cat-oculaires-1-25","9":"product_cat-optique","11":"first","12":"instock","13":"taxable","14":"shipping-taxable","15":"purchasable","16":"product-type-simple"},"acf":[],"_links":{"self":[{"href":"https:\/\/www.teleskopshop.ch\/fr\/wp-json\/wp\/v2\/product\/62428","targetHints":{"allow":["GET"]}}],"collection":[{"href":"https:\/\/www.teleskopshop.ch\/fr\/wp-json\/wp\/v2\/product"}],"about":[{"href":"https:\/\/www.teleskopshop.ch\/fr\/wp-json\/wp\/v2\/types\/product"}],"replies":[{"embeddable":true,"href":"https:\/\/www.teleskopshop.ch\/fr\/wp-json\/wp\/v2\/comments?post=62428"}],"wp:featuredmedia":[{"embeddable":true,"href":"https:\/\/www.teleskopshop.ch\/fr\/wp-json\/wp\/v2\/media\/5826"}],"wp:attachment":[{"href":"https:\/\/www.teleskopshop.ch\/fr\/wp-json\/wp\/v2\/media?parent=62428"}],"wp:term":[{"taxonomy":"product_brand","embeddable":true,"href":"https:\/\/www.teleskopshop.ch\/fr\/wp-json\/wp\/v2\/product_brand?post=62428"},{"taxonomy":"product_cat","embeddable":true,"href":"https:\/\/www.teleskopshop.ch\/fr\/wp-json\/wp\/v2\/product_cat?post=62428"},{"taxonomy":"product_tag","embeddable":true,"href":"https:\/\/www.teleskopshop.ch\/fr\/wp-json\/wp\/v2\/product_tag?post=62428"}],"curies":[{"name":"wp","href":"https:\/\/api.w.org\/{rel}","templated":true}]}}