{"id":62425,"date":"2022-05-09T00:00:00","date_gmt":"2022-05-08T22:00:00","guid":{"rendered":"https:\/\/2025.teleskopshop.ch\/shop\/non%20class\u00e9\/hyperflex-7e2-9mm-27mm-teleskop-zoom-okular\/"},"modified":"2025-01-25T11:55:03","modified_gmt":"2025-01-25T10:55:03","slug":"hyperflex-7e2-9mm-27mm-teleskop-zoom-okular","status":"publish","type":"product","link":"https:\/\/www.teleskopshop.ch\/fr\/shop\/optique\/extensions-optiques\/oculaires\/oculaires-1-25\/hyperflex-7e2-9mm-27mm-teleskop-zoom-okular\/","title":{"rendered":"Oculaire zoom t\u00e9lescope Hyperflex 7E2 9mm &#8211; 27mm"},"content":{"rendered":"<p>L&rsquo;oculaire zoom haute performance OVL pour t\u00e9lescopes de la plus haute qualit\u00e9 offre un champ de vision plat et des images nettes, claires et sans distorsion. Il offre un r\u00e9glage continu de la distance focale de 9 mm \u00e0 27 mm et un champ de vision apparent de 60\u00b0 \u00e0 40\u00b0. Certaines focales de r\u00e9f\u00e9rence sont grav\u00e9es sur le corps pour plus de commodit\u00e9. L&rsquo;oculaire peut \u00eatre ajust\u00e9 de mani\u00e8re extr\u00eamement fluide et est un plaisir \u00e0 observer. Le d\u00e9gagement oculaire est de 18 mm. La construction comprend 7 lentilles en 4 groupes distincts. Ce mod\u00e8le d&rsquo;oculaire exotique est dot\u00e9 d&rsquo;une lentille oculaire de taille g\u00e9n\u00e9reuse et d&rsquo;un \u0153illeton doux et r\u00e9glable pour une visualisation confortable. Il est enti\u00e8rement trait\u00e9 \u00e0 large bande, les bords de l&rsquo;objectif ont \u00e9t\u00e9 noircis et il est \u00e9quip\u00e9 d&rsquo;ouvertures internes et est parfocal. Le bo\u00eetier est anodis\u00e9 noir brillant de haute qualit\u00e9 et \u00e9quip\u00e9 d&rsquo;anneaux de pr\u00e9hension en caoutchouc nervur\u00e9. La douille d&rsquo;oculaire est \u00e9quip\u00e9e d&rsquo;un filetage pour les filtres standard de 1,25&Prime; pour accueillir les filtres. Contenu de la livraison : oculaire zoom 9-27 mm avec douille de 1,25&Prime; Capuchons de protection contre la poussi\u00e8re ! L&rsquo;alimentation et les piles ne sont pas incluses !<\/p>\n<p>G\u00e9n\u00e9ral<\/p>\n<table>\n<tr>\n<td>Poids<\/td>\n<p> d&rsquo;exp\u00e9dition <\/p>\n<td>0,323 kg<\/td>\n<\/tr>\n<\/table>\n<table>\n<tr>\n<td>Taille<\/td>\n<p> d&rsquo;exp\u00e9dition <\/p>\n<td>11&#215;7.5x7cm<\/td>\n<\/tr>\n<\/table>\n<p>\u00e9quipement<\/p>\n<table>\n<tr>\n<td>Oculaire zoom de<\/td>\n<td>type<\/td>\n<p> 1,25&Prime;<\/tr>\n<\/table>\n<table>\n<tr>\n<td>Distance focale (mm)<\/td>\n<td>9-27<\/td>\n<\/tr>\n<\/table>\n<table>\n<tr>\n<td>Champ de vision propre (\u00b0)<\/td>\n<td>60<\/td>\n<\/tr>\n<\/table>\n<table>\n<tr>\n<td>Connexion<\/td>\n<td>1.25&Prime;<\/td>\n<\/tr>\n<\/table>\n<table>\n<tr>\n<td>Compensation Compensation<\/td>\n<td>multicouche large bande<\/td>\n<\/tr>\n<\/table>\n","protected":false},"excerpt":{"rendered":"<p>Oculaire zoom t\u00e9lescope haute performance 1,25&Prime; 9mm \u00e0 27mm &#8211; permet d&rsquo;\u00e9conomiser un jeu d&rsquo;oculaires de haute qualit\u00e9 !<\/p>\n","protected":false},"featured_media":5822,"comment_status":"closed","ping_status":"open","template":"","meta":{"_acf_changed":false},"product_brand":[690],"product_cat":[1477,1480,1339],"product_tag":[],"class_list":{"0":"post-62425","1":"product","2":"type-product","3":"status-publish","4":"has-post-thumbnail","6":"product_brand-hyperflex","7":"product_cat-oculaires","8":"product_cat-oculaires-1-25","9":"product_cat-optique","11":"first","12":"instock","13":"taxable","14":"shipping-taxable","15":"purchasable","16":"product-type-simple"},"acf":[],"_links":{"self":[{"href":"https:\/\/www.teleskopshop.ch\/fr\/wp-json\/wp\/v2\/product\/62425","targetHints":{"allow":["GET"]}}],"collection":[{"href":"https:\/\/www.teleskopshop.ch\/fr\/wp-json\/wp\/v2\/product"}],"about":[{"href":"https:\/\/www.teleskopshop.ch\/fr\/wp-json\/wp\/v2\/types\/product"}],"replies":[{"embeddable":true,"href":"https:\/\/www.teleskopshop.ch\/fr\/wp-json\/wp\/v2\/comments?post=62425"}],"wp:featuredmedia":[{"embeddable":true,"href":"https:\/\/www.teleskopshop.ch\/fr\/wp-json\/wp\/v2\/media\/5822"}],"wp:attachment":[{"href":"https:\/\/www.teleskopshop.ch\/fr\/wp-json\/wp\/v2\/media?parent=62425"}],"wp:term":[{"taxonomy":"product_brand","embeddable":true,"href":"https:\/\/www.teleskopshop.ch\/fr\/wp-json\/wp\/v2\/product_brand?post=62425"},{"taxonomy":"product_cat","embeddable":true,"href":"https:\/\/www.teleskopshop.ch\/fr\/wp-json\/wp\/v2\/product_cat?post=62425"},{"taxonomy":"product_tag","embeddable":true,"href":"https:\/\/www.teleskopshop.ch\/fr\/wp-json\/wp\/v2\/product_tag?post=62425"}],"curies":[{"name":"wp","href":"https:\/\/api.w.org\/{rel}","templated":true}]}}