{"id":62401,"date":"2022-05-09T00:00:00","date_gmt":"2022-05-08T22:00:00","guid":{"rendered":"https:\/\/2025.teleskopshop.ch\/shop\/non%20class\u00e9\/skywatcher-teleskop-auto-fokussierer\/"},"modified":"2025-01-25T11:56:13","modified_gmt":"2025-01-25T10:56:13","slug":"skywatcher-teleskop-auto-fokussierer","status":"publish","type":"product","link":"https:\/\/www.teleskopshop.ch\/fr\/shop\/optique\/extensions-optiques\/composants-dalignement\/focaliseur\/skywatcher-teleskop-auto-fokussierer\/","title":{"rendered":"Skywatcher T\u00e9lescope Auto Focuser"},"content":{"rendered":"<p>Mise au point moteur Sky-Watcher pour une mise au point pr\u00e9cise avec un minimum de vibrations. Vous pouvez s\u00e9lectionner 2 vitesses (rapide et lente) et d\u00e9placer la mise au point dans les deux sens. Le moteur focalisateur peut \u00eatre utilis\u00e9 avec les t\u00e9lescopes EvoStar 90\/102\/120\/150, les t\u00e9lescopes Startravel 80\/102\/120\/150, les t\u00e9lescopes Skyliner 150\/200\/250\/300 et les t\u00e9lescopes Explorer 150\/200\/250 et 300. \u00c9tendue de la livraison: Moteur avec mat\u00e9riau de montage bo\u00eetier de commande manuelle avec c\u00e2ble! L\u2019alimentation et les piles ne sont pas incluses!<\/p>\n<p>G\u00e9n\u00e9ralit\u00e9s<\/p>\n<table>\n<tr>\n<td>Poids du colis:<\/td>\n<td>0.394kg<\/td>\n<\/tr>\n<\/table>\n<table>\n<tr>\n<td>Taille d\u2019exp\u00e9dition:<\/td>\n<td>14x10x9cm<\/td>\n<\/tr>\n<\/table>\n<p>Accessoires<\/p>\n<table>\n<tr>\n<td>Type<\/td>\n<td>: Moteur de focalisation<\/td>\n<\/tr>\n<\/table>\n","protected":false},"excerpt":{"rendered":"<p>Focus moteur pour divers t\u00e9lescopes Skywatcher<\/p>\n","protected":false},"featured_media":5786,"comment_status":"closed","ping_status":"open","template":"","meta":{"_acf_changed":false},"product_brand":[675],"product_cat":[1444,1447,1339],"product_tag":[],"class_list":{"0":"post-62401","1":"product","2":"type-product","3":"status-publish","4":"has-post-thumbnail","6":"product_brand-skywatcher","7":"product_cat-composants-dalignement","8":"product_cat-focaliseur","9":"product_cat-optique","11":"first","12":"instock","13":"taxable","14":"shipping-taxable","15":"purchasable","16":"product-type-simple"},"acf":[],"_links":{"self":[{"href":"https:\/\/www.teleskopshop.ch\/fr\/wp-json\/wp\/v2\/product\/62401","targetHints":{"allow":["GET"]}}],"collection":[{"href":"https:\/\/www.teleskopshop.ch\/fr\/wp-json\/wp\/v2\/product"}],"about":[{"href":"https:\/\/www.teleskopshop.ch\/fr\/wp-json\/wp\/v2\/types\/product"}],"replies":[{"embeddable":true,"href":"https:\/\/www.teleskopshop.ch\/fr\/wp-json\/wp\/v2\/comments?post=62401"}],"wp:featuredmedia":[{"embeddable":true,"href":"https:\/\/www.teleskopshop.ch\/fr\/wp-json\/wp\/v2\/media\/5786"}],"wp:attachment":[{"href":"https:\/\/www.teleskopshop.ch\/fr\/wp-json\/wp\/v2\/media?parent=62401"}],"wp:term":[{"taxonomy":"product_brand","embeddable":true,"href":"https:\/\/www.teleskopshop.ch\/fr\/wp-json\/wp\/v2\/product_brand?post=62401"},{"taxonomy":"product_cat","embeddable":true,"href":"https:\/\/www.teleskopshop.ch\/fr\/wp-json\/wp\/v2\/product_cat?post=62401"},{"taxonomy":"product_tag","embeddable":true,"href":"https:\/\/www.teleskopshop.ch\/fr\/wp-json\/wp\/v2\/product_tag?post=62401"}],"curies":[{"name":"wp","href":"https:\/\/api.w.org\/{rel}","templated":true}]}}