{"id":62398,"date":"2022-05-09T00:00:00","date_gmt":"2022-05-08T22:00:00","guid":{"rendered":"https:\/\/2025.teleskopshop.ch\/shop\/non%20class\u00e9\/skywatcher-2-crayford-teleskop-fokussierer-mit-untersetzung\/"},"modified":"2025-01-25T11:54:59","modified_gmt":"2025-01-25T10:54:59","slug":"skywatcher-2-crayford-teleskop-fokussierer-mit-untersetzung","status":"publish","type":"product","link":"https:\/\/www.teleskopshop.ch\/fr\/shop\/optique\/extensions-optiques\/composants-dalignement\/focaliseur\/skywatcher-2-crayford-teleskop-fokussierer-mit-untersetzung\/","title":{"rendered":"Porte-oculaire de t\u00e9lescope Skywatcher 2&Prime; Crayford avec r\u00e9duction"},"content":{"rendered":"<p>En remplacement des t\u00e9lescopes \u00e0 r\u00e9flecteur newtonien Skywatcher Explorer-150\/200\/250\/300P qui \u00e9taient livr\u00e9s \u00e0 l&rsquo;origine avec un porte-oculaire 2&Prime; sans r\u00e9duction. Le rapport de r\u00e9duction est de 10:1. Contenu de la livraison : porte-oculaire newtonien avec r\u00e9duction 10:1&nbsp;! L&rsquo;alimentation et les piles ne sont pas incluses!<\/p>\n<p>G\u00e9n\u00e9ral<\/p>\n<table>\n<tr>\n<td>Poids<\/td>\n<p> d&rsquo;exp\u00e9dition <\/p>\n<td>1,2 kg<\/td>\n<\/tr>\n<\/table>\n<table>\n<tr>\n<td>Taille<\/td>\n<p> d&rsquo;exp\u00e9dition <\/p>\n<td>25.5&#215;16.5x14cm<\/td>\n<\/tr>\n<\/table>\n<p>\u00e9quipement<\/p>\n<table>\n<tr>\n<td>Porte-oculaire Crayford de<\/td>\n<td>type<\/td>\n<p> 2&Prime; pour t\u00e9lescopes newtoniens<\/tr>\n<\/table>\n<table>\n<tr>\n<td>connexion<\/td>\n<td>2&Prime;<\/td>\n<\/tr>\n<\/table>\n","protected":false},"excerpt":{"rendered":"<p>Mise au point Skywatcher 2&Prime; Crayford pour t\u00e9lescopes \u00e0 miroir Newton Explorer 150\/200\/250\/300P<\/p>\n","protected":false},"featured_media":5782,"comment_status":"closed","ping_status":"open","template":"","meta":{"_acf_changed":false},"product_brand":[675],"product_cat":[1444,1447,1339],"product_tag":[],"class_list":{"0":"post-62398","1":"product","2":"type-product","3":"status-publish","4":"has-post-thumbnail","6":"product_brand-skywatcher","7":"product_cat-composants-dalignement","8":"product_cat-focaliseur","9":"product_cat-optique","11":"first","12":"instock","13":"taxable","14":"shipping-taxable","15":"purchasable","16":"product-type-simple"},"acf":[],"_links":{"self":[{"href":"https:\/\/www.teleskopshop.ch\/fr\/wp-json\/wp\/v2\/product\/62398","targetHints":{"allow":["GET"]}}],"collection":[{"href":"https:\/\/www.teleskopshop.ch\/fr\/wp-json\/wp\/v2\/product"}],"about":[{"href":"https:\/\/www.teleskopshop.ch\/fr\/wp-json\/wp\/v2\/types\/product"}],"replies":[{"embeddable":true,"href":"https:\/\/www.teleskopshop.ch\/fr\/wp-json\/wp\/v2\/comments?post=62398"}],"wp:featuredmedia":[{"embeddable":true,"href":"https:\/\/www.teleskopshop.ch\/fr\/wp-json\/wp\/v2\/media\/5782"}],"wp:attachment":[{"href":"https:\/\/www.teleskopshop.ch\/fr\/wp-json\/wp\/v2\/media?parent=62398"}],"wp:term":[{"taxonomy":"product_brand","embeddable":true,"href":"https:\/\/www.teleskopshop.ch\/fr\/wp-json\/wp\/v2\/product_brand?post=62398"},{"taxonomy":"product_cat","embeddable":true,"href":"https:\/\/www.teleskopshop.ch\/fr\/wp-json\/wp\/v2\/product_cat?post=62398"},{"taxonomy":"product_tag","embeddable":true,"href":"https:\/\/www.teleskopshop.ch\/fr\/wp-json\/wp\/v2\/product_tag?post=62398"}],"curies":[{"name":"wp","href":"https:\/\/api.w.org\/{rel}","templated":true}]}}