{"id":62395,"date":"2022-05-09T00:00:00","date_gmt":"2022-05-08T22:00:00","guid":{"rendered":"https:\/\/2025.teleskopshop.ch\/shop\/non%20class\u00e9\/2-crayford-fokussierer-fuer-sc-teleskop\/"},"modified":"2025-01-25T11:54:57","modified_gmt":"2025-01-25T10:54:57","slug":"2-crayford-fokussierer-fuer-sc-teleskop","status":"publish","type":"product","link":"https:\/\/www.teleskopshop.ch\/fr\/shop\/optique\/extensions-optiques\/composants-dalignement\/focaliseur\/2-crayford-fokussierer-fuer-sc-teleskop\/","title":{"rendered":"Porte-oculaire Crayford 2&Prime; pour t\u00e9lescope SC"},"content":{"rendered":"<p>Le porte-oculaire OVL de haute qualit\u00e9 fabriqu\u00e9 par CNC avec une r\u00e9duction de 10:1 a \u00e9t\u00e9 d\u00e9velopp\u00e9 pour les t\u00e9lescopes Schmidt Cassegrain. Il faut des oculaires de 2&Prime; et 1,25&Prime;. Il permet un r\u00e9glage tr\u00e8s doux de la mise au point avec une grande pr\u00e9cision gr\u00e2ce \u00e0 la r\u00e9duction de vitesse int\u00e9gr\u00e9e. Le tube extractible est muni d&rsquo;une \u00e9chelle. Contenu de la livraison : Adaptateur de mise au point Crayford 2&Prime; vers 1,25&Prime; ! L&rsquo;alimentation et les piles ne sont pas incluses !<\/p>\n<p>G\u00e9n\u00e9ral<\/p>\n<table>\n<tr>\n<td>Poids<\/td>\n<p> d&rsquo;exp\u00e9dition <\/p>\n<td>1,2 kg<\/td>\n<\/tr>\n<\/table>\n<table>\n<tr>\n<td>Taille<\/td>\n<p> d&rsquo;exp\u00e9dition <\/p>\n<td>20x17x16cm<\/td>\n<\/tr>\n<\/table>\n<p>\u00e9quipement<\/p>\n<table>\n<tr>Porte-oculaire Crayford de <\/p>\n<td>type<\/td>\n<td>2&Prime; avec d\u00e9multiplication<\/td>\n<\/tr>\n<\/table>\n<table>\n<tr>\n<td>Connexion<\/td>\n<td>2&Prime; \/ 1.25&Prime;<\/td>\n<\/tr>\n<\/table>\n","protected":false},"excerpt":{"rendered":"<p>Porte-oculaire Crayford 2&Prime; avec r\u00e9ducteur pour t\u00e9lescope Schmidt Cassegrain<\/p>\n","protected":false},"featured_media":5778,"comment_status":"closed","ping_status":"open","template":"","meta":{"_acf_changed":false},"product_brand":[681],"product_cat":[1444,1447,1339],"product_tag":[],"class_list":{"0":"post-62395","1":"product","2":"type-product","3":"status-publish","4":"has-post-thumbnail","6":"product_brand-sonstige","7":"product_cat-composants-dalignement","8":"product_cat-focaliseur","9":"product_cat-optique","11":"first","12":"instock","13":"taxable","14":"shipping-taxable","15":"purchasable","16":"product-type-simple"},"acf":[],"_links":{"self":[{"href":"https:\/\/www.teleskopshop.ch\/fr\/wp-json\/wp\/v2\/product\/62395","targetHints":{"allow":["GET"]}}],"collection":[{"href":"https:\/\/www.teleskopshop.ch\/fr\/wp-json\/wp\/v2\/product"}],"about":[{"href":"https:\/\/www.teleskopshop.ch\/fr\/wp-json\/wp\/v2\/types\/product"}],"replies":[{"embeddable":true,"href":"https:\/\/www.teleskopshop.ch\/fr\/wp-json\/wp\/v2\/comments?post=62395"}],"wp:featuredmedia":[{"embeddable":true,"href":"https:\/\/www.teleskopshop.ch\/fr\/wp-json\/wp\/v2\/media\/5778"}],"wp:attachment":[{"href":"https:\/\/www.teleskopshop.ch\/fr\/wp-json\/wp\/v2\/media?parent=62395"}],"wp:term":[{"taxonomy":"product_brand","embeddable":true,"href":"https:\/\/www.teleskopshop.ch\/fr\/wp-json\/wp\/v2\/product_brand?post=62395"},{"taxonomy":"product_cat","embeddable":true,"href":"https:\/\/www.teleskopshop.ch\/fr\/wp-json\/wp\/v2\/product_cat?post=62395"},{"taxonomy":"product_tag","embeddable":true,"href":"https:\/\/www.teleskopshop.ch\/fr\/wp-json\/wp\/v2\/product_tag?post=62395"}],"curies":[{"name":"wp","href":"https:\/\/api.w.org\/{rel}","templated":true}]}}